{"id":15880,"date":"2024-06-05T14:07:47","date_gmt":"2024-06-05T14:07:47","guid":{"rendered":"https:\/\/az-broquetas.es\/installations-sanitaires-de-chauffage-de-ventilation-et-de-climatisation"},"modified":"2024-07-23T09:41:00","modified_gmt":"2024-07-23T09:41:00","slug":"installations-sanitaires-de-chauffage-de-ventilation-et-de-climatisation","status":"publish","type":"page","link":"https:\/\/az-broquetas.es\/fr\/installations-sanitaires-de-chauffage-de-ventilation-et-de-climatisation","title":{"rendered":"Installations sanitaires\/de chauffage, de ventilation et de climatisation"},"content":{"rendered":"\t\t<div data-elementor-type=\"wp-page\" data-elementor-id=\"15880\" class=\"elementor elementor-15880 elementor-14170\" data-elementor-post-type=\"page\">\n\t\t\t\t<div class=\"elementor-element elementor-element-2625705 e-flex e-con-boxed e-con e-parent\" data-id=\"2625705\" data-element_type=\"container\">\n\t\t\t\t\t<div class=\"e-con-inner\">\n\t\t\t\t<div class=\"elementor-element elementor-element-ac69ac1 elementor-widget elementor-widget-text-editor\" data-id=\"ac69ac1\" data-element_type=\"widget\" data-widget_type=\"text-editor.default\">\n\t\t\t\t<div class=\"elementor-widget-container\">\n\t\t\t\t\t\t\t<p>Le syst\u00e8me de plomberie et de chauffage CATS est compos\u00e9 de :<\/p>\n<\/p>\n<p>Tubes ondul\u00e9s CATS en acier aust\u00e9nitique AISI 304 ou AISI 316L d&rsquo;une \u00e9paisseur de 0,3 mm. La g\u00e9om\u00e9trie particuli\u00e8re du tube, avec une conception ondulatoire \u00e9tudi\u00e9e, rend les tubes r\u00e9sistants \u00e0 la pression et \u00e0 la d\u00e9formation, et permet de r\u00e9aliser n&rsquo;importe quel cintrage \u00ab\u00a0\u00e0 la main\u00a0\u00bb, avec des angles allant jusqu&rsquo;\u00e0 360\u00b0, en l&rsquo;absence totale d&rsquo;outils de cintrage sp\u00e9ciaux.<\/p>\n<\/p>\n<p>Les raccords en laiton et les \u00e9crous en laiton nickel\u00e9, sp\u00e9cialement con\u00e7us et fabriqu\u00e9s par AZ INTEC, facilitent l&rsquo;installation et garantissent l&rsquo;\u00e9tanch\u00e9it\u00e9 du syst\u00e8me, en \u00e9vitant le montage de la bague de s\u00e9curit\u00e9 CP3, contrairement \u00e0 d&rsquo;autres syst\u00e8mes sur le march\u00e9.<\/p>\n<\/p>\n<p>El\u00e9ments d&rsquo;\u00e9tanch\u00e9it\u00e9 pour joints universels haute pression Klingersil C4400 pour une large gamme d&rsquo;applications dans l&rsquo;industrie chimique, l&rsquo;industrie alimentaire et l&rsquo;approvisionnement en eau potable.<\/p>\n\t\t\t\t\t\t<\/div>\n\t\t\t\t<\/div>\n\t\t\t\t\t<\/div>\n\t\t\t\t<\/div>\n\t\t\t\t<section class=\"elementor-section elementor-top-section elementor-element elementor-element-a0c9cc5 elementor-section-boxed elementor-section-height-default elementor-section-height-default\" data-id=\"a0c9cc5\" data-element_type=\"section\">\n\t\t\t\t\t\t<div class=\"elementor-container elementor-column-gap-wider\">\n\t\t\t\t\t<div class=\"elementor-column elementor-col-100 elementor-top-column elementor-element elementor-element-db0e79b\" data-id=\"db0e79b\" data-element_type=\"column\">\n\t\t\t<div class=\"elementor-widget-wrap elementor-element-populated\">\n\t\t\t\t\t\t<div class=\"elementor-element elementor-element-e9a03b2 elementor-widget elementor-widget-heading\" data-id=\"e9a03b2\" data-element_type=\"widget\" data-widget_type=\"heading.default\">\n\t\t\t\t<div class=\"elementor-widget-container\">\n\t\t\t<h2 class=\"elementor-heading-title elementor-size-default\">Les principaux avantages du syst\u00e8me CATS sont les suivants :<\/h2>\t\t<\/div>\n\t\t\t\t<\/div>\n\t\t\t\t<div class=\"elementor-element elementor-element-4284f8e elementor-widget elementor-widget-spacer\" data-id=\"4284f8e\" data-element_type=\"widget\" data-widget_type=\"spacer.default\">\n\t\t\t\t<div class=\"elementor-widget-container\">\n\t\t\t\t\t<div class=\"elementor-spacer\">\n\t\t\t<div class=\"elementor-spacer-inner\"><\/div>\n\t\t<\/div>\n\t\t\t\t<\/div>\n\t\t\t\t<\/div>\n\t\t\t\t<div class=\"elementor-element elementor-element-c921c8c icon-vertical-align-center icon-position-mobile-top icon-vertical-align-mobile-start content-align-left icon-box-vertical-align-top icon-position-left elementor-widget elementor-widget-the7_icon_box_grid_widget\" data-id=\"c921c8c\" data-element_type=\"widget\" data-widget_type=\"the7_icon_box_grid_widget.default\">\n\t\t\t\t<div class=\"elementor-widget-container\">\n\t\t\t<div class=\"the7-box-grid-wrapper the7-elementor-widget loading-effect-none the7_icon_box_grid_widget-c921c8c\">\t\t\t<div class=\"dt-css-grid\">\n\t\t\t\t\t\t\t\t\t<div class=\"wf-cell shown\">\n\t\t\t\t\t\t<div class=\"the7-icon-box-grid\">\t\t\t\t\t\t\t<div class=\"box-content-wrapper\">\n\t\t\t\t\t\t\t\t\t\t\t\t\t\t\t\t\t<a class=\"elementor-icon-div\" aria-label=\"Item link\">\t\t\t\t\t\t\t\t\t\t<div class=\"elementor-icon\">\n\t\t\t\t\t\t\t\t\t\t\t<svg xmlns=\"http:\/\/www.w3.org\/2000\/svg\" viewBox=\"0 0 24 24\" width=\"24\" height=\"24\"><path fill=\"none\" d=\"M0 0h24v24H0z\"><\/path><path d=\"M14 1.5V22h-2V3.704L7.5 4.91V2.839l5-1.339z\"><\/path><\/svg>\t\t\t\t\t\t\t\t\t\t<\/div>\n\t\t\t\t\t\t\t\t\t<\/a>\t\t\t\t\t\t\t\t\t\t\t\t\t\t\t\t<div class=\"box-content\">\n\t\t\t\t\t\t\t\t\t\t\t\t\t\t\t\t\t\t\t\t\t\t\t\t\t\t\t\t<div class=\"box-description\">Optimisation de l'installation<\/div>\n\t\t\t\t\t\t\t\t\t\t\t\t\t\t\t\t\t\t\t\t\t\t\t\t\t\t<\/div>\n\t\t\t\t\t\t\t<\/div>\n\t\t\t\t\t\t<\/div>\t\t\t\t\t<\/div>\n\t\t\t\t\t\t\t\t\t<div class=\"wf-cell shown\">\n\t\t\t\t\t\t<div class=\"the7-icon-box-grid\">\t\t\t\t\t\t\t<div class=\"box-content-wrapper\">\n\t\t\t\t\t\t\t\t\t\t\t\t\t\t\t\t\t<a class=\"elementor-icon-div\" aria-label=\"Item link\">\t\t\t\t\t\t\t\t\t\t<div class=\"elementor-icon\">\n\t\t\t\t\t\t\t\t\t\t\t<svg xmlns=\"http:\/\/www.w3.org\/2000\/svg\" viewBox=\"0 0 24 24\" width=\"24\" height=\"24\"><path fill=\"none\" d=\"M0 0h24v24H0z\"><\/path><path d=\"M16 7.5a4 4 0 1 0-8 0H6a6 6 0 1 1 10.663 3.776l-7.32 8.723L18 20v2H6v-1.127l9.064-10.802A3.982 3.982 0 0 0 16 7.5z\"><\/path><\/svg>\t\t\t\t\t\t\t\t\t\t<\/div>\n\t\t\t\t\t\t\t\t\t<\/a>\t\t\t\t\t\t\t\t\t\t\t\t\t\t\t\t<div class=\"box-content\">\n\t\t\t\t\t\t\t\t\t\t\t\t\t\t\t\t\t\t\t\t\t\t\t\t\t\t\t\t<div class=\"box-description\">R\u00e9duction des co\u00fbts d'installation<\/div>\n\t\t\t\t\t\t\t\t\t\t\t\t\t\t\t\t\t\t\t\t\t\t\t\t\t\t<\/div>\n\t\t\t\t\t\t\t<\/div>\n\t\t\t\t\t\t<\/div>\t\t\t\t\t<\/div>\n\t\t\t\t\t\t\t\t\t<div class=\"wf-cell shown\">\n\t\t\t\t\t\t<div class=\"the7-icon-box-grid\">\t\t\t\t\t\t\t<div class=\"box-content-wrapper\">\n\t\t\t\t\t\t\t\t\t\t\t\t\t\t\t\t\t<a class=\"elementor-icon-div\" aria-label=\"Item link\">\t\t\t\t\t\t\t\t\t\t<div class=\"elementor-icon\">\n\t\t\t\t\t\t\t\t\t\t\t<svg xmlns=\"http:\/\/www.w3.org\/2000\/svg\" viewBox=\"0 0 24 24\" width=\"24\" height=\"24\"><path fill=\"none\" d=\"M0 0h24v24H0z\"><\/path><path d=\"M18 2v1.362L12.809 9.55a6.501 6.501 0 1 1-7.116 8.028l1.94-.486A4.502 4.502 0 0 0 16.5 16a4.5 4.5 0 0 0-6.505-4.03l-.228.122-.69-1.207L14.855 4 6.5 4V2H18z\"><\/path><\/svg>\t\t\t\t\t\t\t\t\t\t<\/div>\n\t\t\t\t\t\t\t\t\t<\/a>\t\t\t\t\t\t\t\t\t\t\t\t\t\t\t\t<div class=\"box-content\">\n\t\t\t\t\t\t\t\t\t\t\t\t\t\t\t\t\t\t\t\t\t\t\t\t\t\t\t\t<div class=\"box-description\">Maniabilit\u00e9 totale avec rayons de courbure sans d\u00e9formation de la section et sans perte de passage du fluide<\/div>\n\t\t\t\t\t\t\t\t\t\t\t\t\t\t\t\t\t\t\t\t\t\t\t\t\t\t<\/div>\n\t\t\t\t\t\t\t<\/div>\n\t\t\t\t\t\t<\/div>\t\t\t\t\t<\/div>\n\t\t\t\t\t\t\t\t\t<div class=\"wf-cell shown\">\n\t\t\t\t\t\t<div class=\"the7-icon-box-grid\">\t\t\t\t\t\t\t<div class=\"box-content-wrapper\">\n\t\t\t\t\t\t\t\t\t\t\t\t\t\t\t\t\t<a class=\"elementor-icon-div\" aria-label=\"Item link\">\t\t\t\t\t\t\t\t\t\t<div class=\"elementor-icon\">\n\t\t\t\t\t\t\t\t\t\t\t<svg xmlns=\"http:\/\/www.w3.org\/2000\/svg\" viewBox=\"0 0 24 24\" width=\"24\" height=\"24\"><path fill=\"none\" d=\"M0 0h24v24H0z\"><\/path><path d=\"M16 1.5V16h3v2h-3v4h-2v-4H4v-1.102L14 1.5h2zM14 16V5.171L6.968 16H14z\"><\/path><\/svg>\t\t\t\t\t\t\t\t\t\t<\/div>\n\t\t\t\t\t\t\t\t\t<\/a>\t\t\t\t\t\t\t\t\t\t\t\t\t\t\t\t<div class=\"box-content\">\n\t\t\t\t\t\t\t\t\t\t\t\t\t\t\t\t\t\t\t\t\t\t\t\t\t\t\t\t<div class=\"box-description\">L\u00e9g\u00e8ret\u00e9 et robustesse<\/div>\n\t\t\t\t\t\t\t\t\t\t\t\t\t\t\t\t\t\t\t\t\t\t\t\t\t\t<\/div>\n\t\t\t\t\t\t\t<\/div>\n\t\t\t\t\t\t<\/div>\t\t\t\t\t<\/div>\n\t\t\t\t\t\t\t<\/div>\n\t\t<\/div>\t\t<\/div>\n\t\t\t\t<\/div>\n\t\t\t\t\t<\/div>\n\t\t<\/div>\n\t\t\t\t\t<\/div>\n\t\t<\/section>\n\t\t<div class=\"elementor-element elementor-element-fb68470 e-flex e-con-boxed e-con e-parent\" data-id=\"fb68470\" data-element_type=\"container\">\n\t\t\t\t\t<div class=\"e-con-inner\">\n\t\t\t\t<div class=\"elementor-element elementor-element-9dda05a elementor-widget elementor-widget-image\" data-id=\"9dda05a\" data-element_type=\"widget\" data-widget_type=\"image.default\">\n\t\t\t\t<div class=\"elementor-widget-container\">\n\t\t\t\t\t\t\t\t\t\t\t\t\t<img decoding=\"async\" src=\"https:\/\/az-broquetas.es\/wp-content\/uploads\/elementor\/thumbs\/INSTALACIONES_AZ-SANITARIO-01-qwc47oz6fodr8nwetjty43a9smsz1i3lwnokebsmkg.jpg\" title=\"INSTALACIONES_AZ SANITARIO-01\" alt=\"\" loading=\"lazy\" \/>\t\t\t\t\t\t\t\t\t\t\t\t\t<\/div>\n\t\t\t\t<\/div>\n\t\t\t\t<div class=\"elementor-element elementor-element-177e42c elementor-widget elementor-widget-text-editor\" data-id=\"177e42c\" data-element_type=\"widget\" data-widget_type=\"text-editor.default\">\n\t\t\t\t<div class=\"elementor-widget-container\">\n\t\t\t\t\t\t\t<h1>instalaciones sanitarias calefacci\u00f3n y fontaner\u00eda<\/h1>\n\t\t\t\t\t\t<\/div>\n\t\t\t\t<\/div>\n\t\t\t\t\t<\/div>\n\t\t\t\t<\/div>\n\t\t\t\t<\/div>\n\t\t","protected":false},"excerpt":{"rendered":"<p>Le syst\u00e8me de plomberie et de chauffage CATS est compos\u00e9 de : Tubes ondul\u00e9s CATS en acier aust\u00e9nitique AISI 304 ou AISI 316L d&rsquo;une \u00e9paisseur de 0,3 mm. La g\u00e9om\u00e9trie particuli\u00e8re du tube, avec une conception ondulatoire \u00e9tudi\u00e9e, rend les tubes r\u00e9sistants \u00e0 la pression et \u00e0 la d\u00e9formation, et permet de r\u00e9aliser n&rsquo;importe quel&hellip;<\/p>\n","protected":false},"author":1,"featured_media":15323,"parent":0,"menu_order":0,"comment_status":"closed","ping_status":"closed","template":"","meta":{"footnotes":""},"class_list":["post-15880","page","type-page","status-publish","has-post-thumbnail","hentry"],"yoast_head":"<!-- This site is optimized with the Yoast SEO plugin v26.9 - https:\/\/yoast.com\/product\/yoast-seo-wordpress\/ -->\n<title>Installations sanitaires\/de chauffage, de ventilation et de climatisation - AZ Broquetas<\/title>\n<meta name=\"robots\" content=\"index, follow, max-snippet:-1, max-image-preview:large, max-video-preview:-1\" \/>\n<link rel=\"canonical\" href=\"https:\/\/az-broquetas.es\/fr\/installations-sanitaires-de-chauffage-de-ventilation-et-de-climatisation\" \/>\n<meta property=\"og:locale\" content=\"fr_FR\" \/>\n<meta property=\"og:type\" content=\"article\" \/>\n<meta property=\"og:title\" content=\"Installations sanitaires\/de chauffage, de ventilation et de climatisation - AZ Broquetas\" \/>\n<meta property=\"og:description\" content=\"Le syst\u00e8me de plomberie et de chauffage CATS est compos\u00e9 de : Tubes ondul\u00e9s CATS en acier aust\u00e9nitique AISI 304 ou AISI 316L d&rsquo;une \u00e9paisseur de 0,3 mm. La g\u00e9om\u00e9trie particuli\u00e8re du tube, avec une conception ondulatoire \u00e9tudi\u00e9e, rend les tubes r\u00e9sistants \u00e0 la pression et \u00e0 la d\u00e9formation, et permet de r\u00e9aliser n&rsquo;importe quel&hellip;\" \/>\n<meta property=\"og:url\" content=\"https:\/\/az-broquetas.es\/fr\/installations-sanitaires-de-chauffage-de-ventilation-et-de-climatisation\" \/>\n<meta property=\"og:site_name\" content=\"AZ Broquetas\" \/>\n<meta property=\"article:modified_time\" content=\"2024-07-23T09:41:00+00:00\" \/>\n<meta property=\"og:image\" content=\"https:\/\/az-broquetas.es\/wp-content\/uploads\/2024\/06\/Instalaciones-sanitario-az-broquetas.jpg\" \/>\n\t<meta property=\"og:image:width\" content=\"700\" \/>\n\t<meta property=\"og:image:height\" content=\"500\" \/>\n\t<meta property=\"og:image:type\" content=\"image\/jpeg\" \/>\n<meta name=\"twitter:card\" content=\"summary_large_image\" \/>\n<meta name=\"twitter:label1\" content=\"Dur\u00e9e de lecture estim\u00e9e\" \/>\n\t<meta name=\"twitter:data1\" content=\"1 minute\" \/>\n<script type=\"application\/ld+json\" class=\"yoast-schema-graph\">{\"@context\":\"https:\/\/schema.org\",\"@graph\":[{\"@type\":\"WebPage\",\"@id\":\"https:\/\/az-broquetas.es\/fr\/installations-sanitaires-de-chauffage-de-ventilation-et-de-climatisation\",\"url\":\"https:\/\/az-broquetas.es\/fr\/installations-sanitaires-de-chauffage-de-ventilation-et-de-climatisation\",\"name\":\"Installations sanitaires\/de chauffage, de ventilation et de climatisation - AZ Broquetas\",\"isPartOf\":{\"@id\":\"https:\/\/az-broquetas.es\/fr#website\"},\"primaryImageOfPage\":{\"@id\":\"https:\/\/az-broquetas.es\/fr\/installations-sanitaires-de-chauffage-de-ventilation-et-de-climatisation#primaryimage\"},\"image\":{\"@id\":\"https:\/\/az-broquetas.es\/fr\/installations-sanitaires-de-chauffage-de-ventilation-et-de-climatisation#primaryimage\"},\"thumbnailUrl\":\"https:\/\/az-broquetas.es\/wp-content\/uploads\/2024\/06\/Instalaciones-sanitario-az-broquetas.jpg\",\"datePublished\":\"2024-06-05T14:07:47+00:00\",\"dateModified\":\"2024-07-23T09:41:00+00:00\",\"breadcrumb\":{\"@id\":\"https:\/\/az-broquetas.es\/fr\/installations-sanitaires-de-chauffage-de-ventilation-et-de-climatisation#breadcrumb\"},\"inLanguage\":\"fr-FR\",\"potentialAction\":[{\"@type\":\"ReadAction\",\"target\":[\"https:\/\/az-broquetas.es\/fr\/installations-sanitaires-de-chauffage-de-ventilation-et-de-climatisation\"]}]},{\"@type\":\"ImageObject\",\"inLanguage\":\"fr-FR\",\"@id\":\"https:\/\/az-broquetas.es\/fr\/installations-sanitaires-de-chauffage-de-ventilation-et-de-climatisation#primaryimage\",\"url\":\"https:\/\/az-broquetas.es\/wp-content\/uploads\/2024\/06\/Instalaciones-sanitario-az-broquetas.jpg\",\"contentUrl\":\"https:\/\/az-broquetas.es\/wp-content\/uploads\/2024\/06\/Instalaciones-sanitario-az-broquetas.jpg\",\"width\":700,\"height\":500},{\"@type\":\"BreadcrumbList\",\"@id\":\"https:\/\/az-broquetas.es\/fr\/installations-sanitaires-de-chauffage-de-ventilation-et-de-climatisation#breadcrumb\",\"itemListElement\":[{\"@type\":\"ListItem\",\"position\":1,\"name\":\"Portada\",\"item\":\"https:\/\/az-broquetas.es\/fr\"},{\"@type\":\"ListItem\",\"position\":2,\"name\":\"Installations sanitaires\/de chauffage, de ventilation et de climatisation\"}]},{\"@type\":\"WebSite\",\"@id\":\"https:\/\/az-broquetas.es\/fr#website\",\"url\":\"https:\/\/az-broquetas.es\/fr\",\"name\":\"AZ Broquetas\",\"description\":\"Soluciones de conexi\u00f3n innovadoras\",\"publisher\":{\"@id\":\"https:\/\/az-broquetas.es\/fr#organization\"},\"potentialAction\":[{\"@type\":\"SearchAction\",\"target\":{\"@type\":\"EntryPoint\",\"urlTemplate\":\"https:\/\/az-broquetas.es\/fr?s={search_term_string}\"},\"query-input\":{\"@type\":\"PropertyValueSpecification\",\"valueRequired\":true,\"valueName\":\"search_term_string\"}}],\"inLanguage\":\"fr-FR\"},{\"@type\":\"Organization\",\"@id\":\"https:\/\/az-broquetas.es\/fr#organization\",\"name\":\"AZ Broquetas\",\"url\":\"https:\/\/az-broquetas.es\/fr\",\"logo\":{\"@type\":\"ImageObject\",\"inLanguage\":\"fr-FR\",\"@id\":\"https:\/\/az-broquetas.es\/fr#\/schema\/logo\/image\/\",\"url\":\"https:\/\/az-broquetas.es\/wp-content\/uploads\/2024\/03\/Logo-AZ.png\",\"contentUrl\":\"https:\/\/az-broquetas.es\/wp-content\/uploads\/2024\/03\/Logo-AZ.png\",\"width\":350,\"height\":100,\"caption\":\"AZ Broquetas\"},\"image\":{\"@id\":\"https:\/\/az-broquetas.es\/fr#\/schema\/logo\/image\/\"},\"sameAs\":[\"https:\/\/www.linkedin.com\/company\/az-broquetas-s-l\/\",\"https:\/\/www.youtube.com\/@azbroquetass.l7674\"]}]}<\/script>\n<!-- \/ Yoast SEO plugin. -->","yoast_head_json":{"title":"Installations sanitaires\/de chauffage, de ventilation et de climatisation - AZ Broquetas","robots":{"index":"index","follow":"follow","max-snippet":"max-snippet:-1","max-image-preview":"max-image-preview:large","max-video-preview":"max-video-preview:-1"},"canonical":"https:\/\/az-broquetas.es\/fr\/installations-sanitaires-de-chauffage-de-ventilation-et-de-climatisation","og_locale":"fr_FR","og_type":"article","og_title":"Installations sanitaires\/de chauffage, de ventilation et de climatisation - AZ Broquetas","og_description":"Le syst\u00e8me de plomberie et de chauffage CATS est compos\u00e9 de : Tubes ondul\u00e9s CATS en acier aust\u00e9nitique AISI 304 ou AISI 316L d&rsquo;une \u00e9paisseur de 0,3 mm. La g\u00e9om\u00e9trie particuli\u00e8re du tube, avec une conception ondulatoire \u00e9tudi\u00e9e, rend les tubes r\u00e9sistants \u00e0 la pression et \u00e0 la d\u00e9formation, et permet de r\u00e9aliser n&rsquo;importe quel&hellip;","og_url":"https:\/\/az-broquetas.es\/fr\/installations-sanitaires-de-chauffage-de-ventilation-et-de-climatisation","og_site_name":"AZ Broquetas","article_modified_time":"2024-07-23T09:41:00+00:00","og_image":[{"width":700,"height":500,"url":"https:\/\/az-broquetas.es\/wp-content\/uploads\/2024\/06\/Instalaciones-sanitario-az-broquetas.jpg","type":"image\/jpeg"}],"twitter_card":"summary_large_image","twitter_misc":{"Dur\u00e9e de lecture estim\u00e9e":"1 minute"},"schema":{"@context":"https:\/\/schema.org","@graph":[{"@type":"WebPage","@id":"https:\/\/az-broquetas.es\/fr\/installations-sanitaires-de-chauffage-de-ventilation-et-de-climatisation","url":"https:\/\/az-broquetas.es\/fr\/installations-sanitaires-de-chauffage-de-ventilation-et-de-climatisation","name":"Installations sanitaires\/de chauffage, de ventilation et de climatisation - AZ Broquetas","isPartOf":{"@id":"https:\/\/az-broquetas.es\/fr#website"},"primaryImageOfPage":{"@id":"https:\/\/az-broquetas.es\/fr\/installations-sanitaires-de-chauffage-de-ventilation-et-de-climatisation#primaryimage"},"image":{"@id":"https:\/\/az-broquetas.es\/fr\/installations-sanitaires-de-chauffage-de-ventilation-et-de-climatisation#primaryimage"},"thumbnailUrl":"https:\/\/az-broquetas.es\/wp-content\/uploads\/2024\/06\/Instalaciones-sanitario-az-broquetas.jpg","datePublished":"2024-06-05T14:07:47+00:00","dateModified":"2024-07-23T09:41:00+00:00","breadcrumb":{"@id":"https:\/\/az-broquetas.es\/fr\/installations-sanitaires-de-chauffage-de-ventilation-et-de-climatisation#breadcrumb"},"inLanguage":"fr-FR","potentialAction":[{"@type":"ReadAction","target":["https:\/\/az-broquetas.es\/fr\/installations-sanitaires-de-chauffage-de-ventilation-et-de-climatisation"]}]},{"@type":"ImageObject","inLanguage":"fr-FR","@id":"https:\/\/az-broquetas.es\/fr\/installations-sanitaires-de-chauffage-de-ventilation-et-de-climatisation#primaryimage","url":"https:\/\/az-broquetas.es\/wp-content\/uploads\/2024\/06\/Instalaciones-sanitario-az-broquetas.jpg","contentUrl":"https:\/\/az-broquetas.es\/wp-content\/uploads\/2024\/06\/Instalaciones-sanitario-az-broquetas.jpg","width":700,"height":500},{"@type":"BreadcrumbList","@id":"https:\/\/az-broquetas.es\/fr\/installations-sanitaires-de-chauffage-de-ventilation-et-de-climatisation#breadcrumb","itemListElement":[{"@type":"ListItem","position":1,"name":"Portada","item":"https:\/\/az-broquetas.es\/fr"},{"@type":"ListItem","position":2,"name":"Installations sanitaires\/de chauffage, de ventilation et de climatisation"}]},{"@type":"WebSite","@id":"https:\/\/az-broquetas.es\/fr#website","url":"https:\/\/az-broquetas.es\/fr","name":"AZ Broquetas","description":"Soluciones de conexi\u00f3n innovadoras","publisher":{"@id":"https:\/\/az-broquetas.es\/fr#organization"},"potentialAction":[{"@type":"SearchAction","target":{"@type":"EntryPoint","urlTemplate":"https:\/\/az-broquetas.es\/fr?s={search_term_string}"},"query-input":{"@type":"PropertyValueSpecification","valueRequired":true,"valueName":"search_term_string"}}],"inLanguage":"fr-FR"},{"@type":"Organization","@id":"https:\/\/az-broquetas.es\/fr#organization","name":"AZ Broquetas","url":"https:\/\/az-broquetas.es\/fr","logo":{"@type":"ImageObject","inLanguage":"fr-FR","@id":"https:\/\/az-broquetas.es\/fr#\/schema\/logo\/image\/","url":"https:\/\/az-broquetas.es\/wp-content\/uploads\/2024\/03\/Logo-AZ.png","contentUrl":"https:\/\/az-broquetas.es\/wp-content\/uploads\/2024\/03\/Logo-AZ.png","width":350,"height":100,"caption":"AZ Broquetas"},"image":{"@id":"https:\/\/az-broquetas.es\/fr#\/schema\/logo\/image\/"},"sameAs":["https:\/\/www.linkedin.com\/company\/az-broquetas-s-l\/","https:\/\/www.youtube.com\/@azbroquetass.l7674"]}]}},"_links":{"self":[{"href":"https:\/\/az-broquetas.es\/fr\/wp-json\/wp\/v2\/pages\/15880","targetHints":{"allow":["GET"]}}],"collection":[{"href":"https:\/\/az-broquetas.es\/fr\/wp-json\/wp\/v2\/pages"}],"about":[{"href":"https:\/\/az-broquetas.es\/fr\/wp-json\/wp\/v2\/types\/page"}],"author":[{"embeddable":true,"href":"https:\/\/az-broquetas.es\/fr\/wp-json\/wp\/v2\/users\/1"}],"replies":[{"embeddable":true,"href":"https:\/\/az-broquetas.es\/fr\/wp-json\/wp\/v2\/comments?post=15880"}],"version-history":[{"count":4,"href":"https:\/\/az-broquetas.es\/fr\/wp-json\/wp\/v2\/pages\/15880\/revisions"}],"predecessor-version":[{"id":16531,"href":"https:\/\/az-broquetas.es\/fr\/wp-json\/wp\/v2\/pages\/15880\/revisions\/16531"}],"wp:featuredmedia":[{"embeddable":true,"href":"https:\/\/az-broquetas.es\/fr\/wp-json\/wp\/v2\/media\/15323"}],"wp:attachment":[{"href":"https:\/\/az-broquetas.es\/fr\/wp-json\/wp\/v2\/media?parent=15880"}],"curies":[{"name":"wp","href":"https:\/\/api.w.org\/{rel}","templated":true}]}}