{"id":15914,"date":"2024-06-05T13:27:21","date_gmt":"2024-06-05T13:27:21","guid":{"rendered":"https:\/\/az-broquetas.es\/installations-aerothermiques"},"modified":"2024-07-23T09:37:51","modified_gmt":"2024-07-23T09:37:51","slug":"installations-aerothermiques","status":"publish","type":"page","link":"https:\/\/az-broquetas.es\/fr\/installations-aerothermiques","title":{"rendered":"Installations a\u00e9rothermiques"},"content":{"rendered":"\t\t<div data-elementor-type=\"wp-page\" data-elementor-id=\"15914\" class=\"elementor elementor-15914 elementor-14109\" data-elementor-post-type=\"page\">\n\t\t\t\t\t\t<section class=\"elementor-section elementor-top-section elementor-element elementor-element-5bf49c2 elementor-section-boxed elementor-section-height-default elementor-section-height-default\" data-id=\"5bf49c2\" data-element_type=\"section\">\n\t\t\t\t\t\t<div class=\"elementor-container elementor-column-gap-wider\">\n\t\t\t\t\t<div class=\"elementor-column elementor-col-100 elementor-top-column elementor-element elementor-element-f69289f\" data-id=\"f69289f\" data-element_type=\"column\">\n\t\t\t<div class=\"elementor-widget-wrap elementor-element-populated\">\n\t\t\t\t\t\t<div class=\"elementor-element elementor-element-15103b7 elementor-widget elementor-widget-heading\" data-id=\"15103b7\" data-element_type=\"widget\" data-widget_type=\"heading.default\">\n\t\t\t\t<div class=\"elementor-widget-container\">\n\t\t\t<h4 class=\"elementor-heading-title elementor-size-default\">L'utilisation de tuyaux en acier ondul\u00e9 316L dans les syst\u00e8mes a\u00e9rothermiques monoblocs pr\u00e9sente plusieurs avantages significatifs :<\/h4>\t\t<\/div>\n\t\t\t\t<\/div>\n\t\t\t\t<div class=\"elementor-element elementor-element-a7e44a8 elementor-widget elementor-widget-spacer\" data-id=\"a7e44a8\" data-element_type=\"widget\" data-widget_type=\"spacer.default\">\n\t\t\t\t<div class=\"elementor-widget-container\">\n\t\t\t\t\t<div class=\"elementor-spacer\">\n\t\t\t<div class=\"elementor-spacer-inner\"><\/div>\n\t\t<\/div>\n\t\t\t\t<\/div>\n\t\t\t\t<\/div>\n\t\t\t\t<div class=\"elementor-element elementor-element-c6d0bae icon-vertical-align-center icon-position-mobile-top icon-vertical-align-mobile-start content-align-left icon-box-vertical-align-top icon-position-left elementor-widget elementor-widget-the7_icon_box_grid_widget\" data-id=\"c6d0bae\" data-element_type=\"widget\" data-widget_type=\"the7_icon_box_grid_widget.default\">\n\t\t\t\t<div class=\"elementor-widget-container\">\n\t\t\t<div class=\"the7-box-grid-wrapper the7-elementor-widget loading-effect-none the7_icon_box_grid_widget-c6d0bae\">\t\t\t<div class=\"dt-css-grid\">\n\t\t\t\t\t\t\t\t\t<div class=\"wf-cell shown\">\n\t\t\t\t\t\t<div class=\"the7-icon-box-grid\">\t\t\t\t\t\t\t<div class=\"box-content-wrapper\">\n\t\t\t\t\t\t\t\t\t\t\t\t\t\t\t\t\t<a class=\"elementor-icon-div\" aria-label=\"R\u00e9sistance \u00e0 la corrosion\">\t\t\t\t\t\t\t\t\t\t<div class=\"elementor-icon\">\n\t\t\t\t\t\t\t\t\t\t\t<svg xmlns=\"http:\/\/www.w3.org\/2000\/svg\" viewBox=\"0 0 24 24\" width=\"24\" height=\"24\"><path fill=\"none\" d=\"M0 0h24v24H0z\"><\/path><path d=\"M14 1.5V22h-2V3.704L7.5 4.91V2.839l5-1.339z\"><\/path><\/svg>\t\t\t\t\t\t\t\t\t\t<\/div>\n\t\t\t\t\t\t\t\t\t<\/a>\t\t\t\t\t\t\t\t\t\t\t\t\t\t\t\t<div class=\"box-content\">\n\t\t\t\t\t\t\t\t\t\t\t\t\t\t\t\t\t\t\t\t\t\t\t\t\t\t\t\t\t<h5 class=\"box-heading\">\n\t\t\t\t\t\t\t\t\t\t\t<a aria-label=\"R\u00e9sistance \u00e0 la corrosion\">\t\t\t\t\t\t\t\t\t\t\t\tR\u00e9sistance \u00e0 la corrosion\t\t\t\t\t\t\t\t\t\t\t<\/a>\t\t\t\t\t\t\t\t\t\t<\/h5>\n\t\t\t\t\t\t\t\t\t\t\t\t\t\t\t\t\t\t\t\t\t\t\t\t\t\t\t\t<div class=\"box-description\">Les tuyaux en acier inoxydable sont tr\u00e8s r\u00e9sistants \u00e0 la corrosion, ce qui les rend id\u00e9aux pour les syst\u00e8mes manipulant de l'eau et d'autres liquides, tels que les syst\u00e8mes a\u00e9rothermiques, qui peuvent \u00eatre expos\u00e9s \u00e0 des conditions corrosives.<\/div>\n\t\t\t\t\t\t\t\t\t\t\t\t\t\t\t\t\t\t\t\t\t\t\t\t\t\t<\/div>\n\t\t\t\t\t\t\t<\/div>\n\t\t\t\t\t\t<\/div>\t\t\t\t\t<\/div>\n\t\t\t\t\t\t\t\t\t<div class=\"wf-cell shown\">\n\t\t\t\t\t\t<div class=\"the7-icon-box-grid\">\t\t\t\t\t\t\t<div class=\"box-content-wrapper\">\n\t\t\t\t\t\t\t\t\t\t\t\t\t\t\t\t\t<a class=\"elementor-icon-div\" aria-label=\"Durabilit\u00e9\">\t\t\t\t\t\t\t\t\t\t<div class=\"elementor-icon\">\n\t\t\t\t\t\t\t\t\t\t\t<svg xmlns=\"http:\/\/www.w3.org\/2000\/svg\" viewBox=\"0 0 24 24\" width=\"24\" height=\"24\"><path fill=\"none\" d=\"M0 0h24v24H0z\"><\/path><path d=\"M16 7.5a4 4 0 1 0-8 0H6a6 6 0 1 1 10.663 3.776l-7.32 8.723L18 20v2H6v-1.127l9.064-10.802A3.982 3.982 0 0 0 16 7.5z\"><\/path><\/svg>\t\t\t\t\t\t\t\t\t\t<\/div>\n\t\t\t\t\t\t\t\t\t<\/a>\t\t\t\t\t\t\t\t\t\t\t\t\t\t\t\t<div class=\"box-content\">\n\t\t\t\t\t\t\t\t\t\t\t\t\t\t\t\t\t\t\t\t\t\t\t\t\t\t\t\t\t<h5 class=\"box-heading\">\n\t\t\t\t\t\t\t\t\t\t\t<a aria-label=\"Durabilit\u00e9\">\t\t\t\t\t\t\t\t\t\t\t\tDurabilit\u00e9\t\t\t\t\t\t\t\t\t\t\t<\/a>\t\t\t\t\t\t\t\t\t\t<\/h5>\n\t\t\t\t\t\t\t\t\t\t\t\t\t\t\t\t\t\t\t\t\t\t\t\t\t\t\t\t<div class=\"box-description\">L'acier inoxydable est connu pour sa durabilit\u00e9 et sa solidit\u00e9, ce qui garantit une longue dur\u00e9e de vie au syst\u00e8me de chauffage par ventilateur sans qu'il soit n\u00e9cessaire de remplacer fr\u00e9quemment les tuyaux.<\/div>\n\t\t\t\t\t\t\t\t\t\t\t\t\t\t\t\t\t\t\t\t\t\t\t\t\t\t<\/div>\n\t\t\t\t\t\t\t<\/div>\n\t\t\t\t\t\t<\/div>\t\t\t\t\t<\/div>\n\t\t\t\t\t\t\t\t\t<div class=\"wf-cell shown\">\n\t\t\t\t\t\t<div class=\"the7-icon-box-grid\">\t\t\t\t\t\t\t<div class=\"box-content-wrapper\">\n\t\t\t\t\t\t\t\t\t\t\t\t\t\t\t\t\t<a class=\"elementor-icon-div\" aria-label=\"Peu d&#039;entretien\">\t\t\t\t\t\t\t\t\t\t<div class=\"elementor-icon\">\n\t\t\t\t\t\t\t\t\t\t\t<svg xmlns=\"http:\/\/www.w3.org\/2000\/svg\" viewBox=\"0 0 24 24\" width=\"24\" height=\"24\"><path fill=\"none\" d=\"M0 0h24v24H0z\"><\/path><path d=\"M18 2v1.362L12.809 9.55a6.501 6.501 0 1 1-7.116 8.028l1.94-.486A4.502 4.502 0 0 0 16.5 16a4.5 4.5 0 0 0-6.505-4.03l-.228.122-.69-1.207L14.855 4 6.5 4V2H18z\"><\/path><\/svg>\t\t\t\t\t\t\t\t\t\t<\/div>\n\t\t\t\t\t\t\t\t\t<\/a>\t\t\t\t\t\t\t\t\t\t\t\t\t\t\t\t<div class=\"box-content\">\n\t\t\t\t\t\t\t\t\t\t\t\t\t\t\t\t\t\t\t\t\t\t\t\t\t\t\t\t\t<h5 class=\"box-heading\">\n\t\t\t\t\t\t\t\t\t\t\t<a aria-label=\"Peu d&#039;entretien\">\t\t\t\t\t\t\t\t\t\t\t\tPeu d'entretien\t\t\t\t\t\t\t\t\t\t\t<\/a>\t\t\t\t\t\t\t\t\t\t<\/h5>\n\t\t\t\t\t\t\t\t\t\t\t\t\t\t\t\t\t\t\t\t\t\t\t\t\t\t\t\t<div class=\"box-description\">En raison de leur r\u00e9sistance \u00e0 la corrosion et de leur durabilit\u00e9, les tuyaux en acier inoxydable n\u00e9cessitent peu d'entretien pendant leur dur\u00e9e de vie, ce qui r\u00e9duit les co\u00fbts d'exploitation et d'entretien \u00e0 long terme du syst\u00e8me a\u00e9rothermique.<\/div>\n\t\t\t\t\t\t\t\t\t\t\t\t\t\t\t\t\t\t\t\t\t\t\t\t\t\t<\/div>\n\t\t\t\t\t\t\t<\/div>\n\t\t\t\t\t\t<\/div>\t\t\t\t\t<\/div>\n\t\t\t\t\t\t\t\t\t<div class=\"wf-cell shown\">\n\t\t\t\t\t\t<div class=\"the7-icon-box-grid\">\t\t\t\t\t\t\t<div class=\"box-content-wrapper\">\n\t\t\t\t\t\t\t\t\t\t\t\t\t\t\t\t\t<a class=\"elementor-icon-div\" aria-label=\"Bonne conductivit\u00e9 thermique\">\t\t\t\t\t\t\t\t\t\t<div class=\"elementor-icon\">\n\t\t\t\t\t\t\t\t\t\t\t<svg xmlns=\"http:\/\/www.w3.org\/2000\/svg\" viewBox=\"0 0 24 24\" width=\"24\" height=\"24\"><path fill=\"none\" d=\"M0 0h24v24H0z\"><\/path><path d=\"M16 1.5V16h3v2h-3v4h-2v-4H4v-1.102L14 1.5h2zM14 16V5.171L6.968 16H14z\"><\/path><\/svg>\t\t\t\t\t\t\t\t\t\t<\/div>\n\t\t\t\t\t\t\t\t\t<\/a>\t\t\t\t\t\t\t\t\t\t\t\t\t\t\t\t<div class=\"box-content\">\n\t\t\t\t\t\t\t\t\t\t\t\t\t\t\t\t\t\t\t\t\t\t\t\t\t\t\t\t\t<h5 class=\"box-heading\">\n\t\t\t\t\t\t\t\t\t\t\t<a aria-label=\"Bonne conductivit\u00e9 thermique\">\t\t\t\t\t\t\t\t\t\t\t\tBonne conductivit\u00e9 thermique\t\t\t\t\t\t\t\t\t\t\t<\/a>\t\t\t\t\t\t\t\t\t\t<\/h5>\n\t\t\t\t\t\t\t\t\t\t\t\t\t\t\t\t\t\t\t\t\t\t\t\t\t\t\t\t<div class=\"box-description\">L'acier inoxydable a une bonne conductivit\u00e9 thermique, ce qui permet un transfert de chaleur efficace dans le syst\u00e8me a\u00e9rothermique, contribuant ainsi \u00e0 une meilleure efficacit\u00e9 \u00e9nerg\u00e9tique et \u00e0 des \u00e9conomies de co\u00fbts.<\/div>\n\t\t\t\t\t\t\t\t\t\t\t\t\t\t\t\t\t\t\t\t\t\t\t\t\t\t<\/div>\n\t\t\t\t\t\t\t<\/div>\n\t\t\t\t\t\t<\/div>\t\t\t\t\t<\/div>\n\t\t\t\t\t\t\t\t\t<div class=\"wf-cell shown\">\n\t\t\t\t\t\t<div class=\"the7-icon-box-grid\">\t\t\t\t\t\t\t<div class=\"box-content-wrapper\">\n\t\t\t\t\t\t\t\t\t\t\t\t\t\t\t\t\t<a class=\"elementor-icon-div\" aria-label=\"Flexibilit\u00e9\">\t\t\t\t\t\t\t\t\t\t<div class=\"elementor-icon\">\n\t\t\t\t\t\t\t\t\t\t\t<svg xmlns=\"http:\/\/www.w3.org\/2000\/svg\" viewBox=\"0 0 24 24\" width=\"24\" height=\"24\"><path fill=\"none\" d=\"M0 0h24v24H0z\"><\/path><path d=\"M18 2v2H9.3l-.677 6.445a6.5 6.5 0 1 1-2.93 7.133l1.94-.486A4.502 4.502 0 0 0 16.5 16a4.5 4.5 0 0 0-4.5-4.5c-2.022 0-3.278.639-3.96 1.53l-1.575-1.182L7.5 2H18z\"><\/path><\/svg>\t\t\t\t\t\t\t\t\t\t<\/div>\n\t\t\t\t\t\t\t\t\t<\/a>\t\t\t\t\t\t\t\t\t\t\t\t\t\t\t\t<div class=\"box-content\">\n\t\t\t\t\t\t\t\t\t\t\t\t\t\t\t\t\t\t\t\t\t\t\t\t\t\t\t\t\t<h5 class=\"box-heading\">\n\t\t\t\t\t\t\t\t\t\t\t<a aria-label=\"Flexibilit\u00e9\">\t\t\t\t\t\t\t\t\t\t\t\tFlexibilit\u00e9\t\t\t\t\t\t\t\t\t\t\t<\/a>\t\t\t\t\t\t\t\t\t\t<\/h5>\n\t\t\t\t\t\t\t\t\t\t\t\t\t\t\t\t\t\t\t\t\t\t\t\t\t\t\t\t<div class=\"box-description\">Les tuyaux en acier inoxydable sont flexibles et peuvent \u00eatre adapt\u00e9s \u00e0 diff\u00e9rentes conceptions et exigences d'installation, ce qui facilite l'installation du syst\u00e8me a\u00e9rothermique et r\u00e9duit les co\u00fbts de main-d'\u0153uvre.<\/div>\n\t\t\t\t\t\t\t\t\t\t\t\t\t\t\t\t\t\t\t\t\t\t\t\t\t\t<\/div>\n\t\t\t\t\t\t\t<\/div>\n\t\t\t\t\t\t<\/div>\t\t\t\t\t<\/div>\n\t\t\t\t\t\t\t\t\t<div class=\"wf-cell shown\">\n\t\t\t\t\t\t<div class=\"the7-icon-box-grid\">\t\t\t\t\t\t\t<div class=\"box-content-wrapper\">\n\t\t\t\t\t\t\t\t\t\t\t\t\t\t\t\t\t<a class=\"elementor-icon-div\" aria-label=\"Compatibilit\u00e9 avec les hautes temp\u00e9ratures\">\t\t\t\t\t\t\t\t\t\t<div class=\"elementor-icon\">\n\t\t\t\t\t\t\t\t\t\t\t<svg xmlns=\"http:\/\/www.w3.org\/2000\/svg\" viewBox=\"0 0 24 24\" width=\"24\" height=\"24\"><path fill=\"none\" d=\"M0 0h24v24H0z\"><\/path><path d=\"M14.886 2l-4.438 7.686A6.5 6.5 0 1 1 6.4 12.7L12.576 2h2.31zM12 11.5a4.5 4.5 0 1 0 0 9 4.5 4.5 0 0 0 0-9z\"><\/path><\/svg>\t\t\t\t\t\t\t\t\t\t<\/div>\n\t\t\t\t\t\t\t\t\t<\/a>\t\t\t\t\t\t\t\t\t\t\t\t\t\t\t\t<div class=\"box-content\">\n\t\t\t\t\t\t\t\t\t\t\t\t\t\t\t\t\t\t\t\t\t\t\t\t\t\t\t\t\t<h5 class=\"box-heading\">\n\t\t\t\t\t\t\t\t\t\t\t<a aria-label=\"Compatibilit\u00e9 avec les hautes temp\u00e9ratures\">\t\t\t\t\t\t\t\t\t\t\t\tCompatibilit\u00e9 avec les hautes temp\u00e9ratures\t\t\t\t\t\t\t\t\t\t\t<\/a>\t\t\t\t\t\t\t\t\t\t<\/h5>\n\t\t\t\t\t\t\t\t\t\t\t\t\t\t\t\t\t\t\t\t\t\t\t\t\t\t\t\t<div class=\"box-description\">L'acier inoxydable est capable de r\u00e9sister \u00e0 des temp\u00e9ratures \u00e9lev\u00e9es, ce qui le rend adapt\u00e9 aux applications a\u00e9rothermiques impliquant un transfert de chaleur \u00e0 travers des fluides \u00e0 des temp\u00e9ratures \u00e9lev\u00e9es.<\/div>\n\t\t\t\t\t\t\t\t\t\t\t\t\t\t\t\t\t\t\t\t\t\t\t\t\t\t<\/div>\n\t\t\t\t\t\t\t<\/div>\n\t\t\t\t\t\t<\/div>\t\t\t\t\t<\/div>\n\t\t\t\t\t\t\t<\/div>\n\t\t<\/div>\t\t<\/div>\n\t\t\t\t<\/div>\n\t\t\t\t\t<\/div>\n\t\t<\/div>\n\t\t\t\t\t<\/div>\n\t\t<\/section>\n\t\t<div class=\"elementor-element elementor-element-2625705 e-flex e-con-boxed e-con e-parent\" data-id=\"2625705\" data-element_type=\"container\">\n\t\t\t\t\t<div class=\"e-con-inner\">\n\t\t\t\t<div class=\"elementor-element elementor-element-ac69ac1 elementor-widget elementor-widget-text-editor\" data-id=\"ac69ac1\" data-element_type=\"widget\" data-widget_type=\"text-editor.default\">\n\t\t\t\t<div class=\"elementor-widget-container\">\n\t\t\t\t\t\t\t<p>Le diam\u00e8tre id\u00e9al du tube d&rsquo;acier pour l&rsquo;installation d&rsquo;un \u00e9quipement de chauffage \u00e0 ventilateur ext\u00e9rieur d\u00e9pend de plusieurs facteurs, tels que la capacit\u00e9 du syst\u00e8me, le type de puissance de la machine, la distance entre l&rsquo;\u00e9quipement ext\u00e9rieur et int\u00e9rieur, et les contraintes sp\u00e9cifiques de conception et d&rsquo;installation. Cependant, le diam\u00e8tre courant des tuyaux en acier utilis\u00e9s pour l&rsquo;installation d&rsquo;\u00e9quipements a\u00e9rothermiques est le suivant :<\/p>\n<\/p>\n<p>Diam\u00e8tre DN25 (1 1\/4 pouces) : Souvent utilis\u00e9 dans les syst\u00e8mes a\u00e9rothermiques monoblocs de faible capacit\u00e9 et dans les installations o\u00f9 la distance entre l&rsquo;\u00e9quipement ext\u00e9rieur et int\u00e9rieur est relativement courte.<\/p>\n<\/p>\n<p>Pour un fonctionnement efficace de l&rsquo;appareil, nous vous recommandons de tenir compte des sp\u00e9cifications du fabricant du syst\u00e8me de chauffage par ventilateur et de suivre les recommandations de conception et d&rsquo;installation qu&rsquo;il fournit.<\/p>\n\t\t\t\t\t\t<\/div>\n\t\t\t\t<\/div>\n\t\t\t\t\t<\/div>\n\t\t\t\t<\/div>\n\t\t<div class=\"elementor-element elementor-element-4956dec e-flex e-con-boxed e-con e-parent\" data-id=\"4956dec\" data-element_type=\"container\">\n\t\t\t\t\t<div class=\"e-con-inner\">\n\t\t\t\t<div class=\"elementor-element elementor-element-5d39cee elementor-widget elementor-widget-image\" data-id=\"5d39cee\" data-element_type=\"widget\" data-widget_type=\"image.default\">\n\t\t\t\t<div class=\"elementor-widget-container\">\n\t\t\t\t\t\t\t\t\t\t\t\t\t<img decoding=\"async\" src=\"https:\/\/az-broquetas.es\/wp-content\/uploads\/elementor\/thumbs\/INSTALACIONES_AZ-AEROTERMIA-01-qwc3mxphidysuo1v12tjjtutjb4624p01x1jvcklz4.jpg\" title=\"INSTALACIONES_AZ AEROTERMIA-01\" alt=\"\" loading=\"lazy\" \/>\t\t\t\t\t\t\t\t\t\t\t\t\t<\/div>\n\t\t\t\t<\/div>\n\t\t\t\t<div class=\"elementor-element elementor-element-8c658a5 elementor-widget elementor-widget-text-editor\" data-id=\"8c658a5\" data-element_type=\"widget\" data-widget_type=\"text-editor.default\">\n\t\t\t\t<div class=\"elementor-widget-container\">\n\t\t\t\t\t\t\t<h1>instalaciones aerotermia<\/h1>\n\t\t\t\t\t\t<\/div>\n\t\t\t\t<\/div>\n\t\t\t\t\t<\/div>\n\t\t\t\t<\/div>\n\t\t\t\t<\/div>\n\t\t","protected":false},"excerpt":{"rendered":"<p>L&rsquo;utilisation de tuyaux en acier ondul\u00e9 316L dans les syst\u00e8mes a\u00e9rothermiques monoblocs pr\u00e9sente plusieurs avantages significatifs : R\u00e9sistance \u00e0 la corrosion Les tuyaux en acier inoxydable sont tr\u00e8s r\u00e9sistants \u00e0 la corrosion, ce qui les rend id\u00e9aux pour les syst\u00e8mes manipulant de l&rsquo;eau et d&rsquo;autres liquides, tels que les syst\u00e8mes a\u00e9rothermiques, qui peuvent \u00eatre expos\u00e9s&hellip;<\/p>\n","protected":false},"author":1,"featured_media":15311,"parent":0,"menu_order":0,"comment_status":"closed","ping_status":"closed","template":"","meta":{"footnotes":""},"class_list":["post-15914","page","type-page","status-publish","has-post-thumbnail","hentry"],"yoast_head":"<!-- This site is optimized with the Yoast SEO plugin v26.9 - https:\/\/yoast.com\/product\/yoast-seo-wordpress\/ -->\n<title>Installations a\u00e9rothermiques - AZ Broquetas<\/title>\n<meta name=\"robots\" content=\"index, follow, max-snippet:-1, max-image-preview:large, max-video-preview:-1\" \/>\n<link rel=\"canonical\" href=\"https:\/\/az-broquetas.es\/fr\/installations-aerothermiques\" \/>\n<meta property=\"og:locale\" content=\"fr_FR\" \/>\n<meta property=\"og:type\" content=\"article\" \/>\n<meta property=\"og:title\" content=\"Installations a\u00e9rothermiques - AZ Broquetas\" \/>\n<meta property=\"og:description\" content=\"L&rsquo;utilisation de tuyaux en acier ondul\u00e9 316L dans les syst\u00e8mes a\u00e9rothermiques monoblocs pr\u00e9sente plusieurs avantages significatifs : R\u00e9sistance \u00e0 la corrosion Les tuyaux en acier inoxydable sont tr\u00e8s r\u00e9sistants \u00e0 la corrosion, ce qui les rend id\u00e9aux pour les syst\u00e8mes manipulant de l&rsquo;eau et d&rsquo;autres liquides, tels que les syst\u00e8mes a\u00e9rothermiques, qui peuvent \u00eatre expos\u00e9s&hellip;\" \/>\n<meta property=\"og:url\" content=\"https:\/\/az-broquetas.es\/fr\/installations-aerothermiques\" \/>\n<meta property=\"og:site_name\" content=\"AZ Broquetas\" \/>\n<meta property=\"article:modified_time\" content=\"2024-07-23T09:37:51+00:00\" \/>\n<meta property=\"og:image\" content=\"https:\/\/az-broquetas.es\/wp-content\/uploads\/2024\/06\/instalaciones-aerotermia-az-broquetas.jpg\" \/>\n\t<meta property=\"og:image:width\" content=\"700\" \/>\n\t<meta property=\"og:image:height\" content=\"500\" \/>\n\t<meta property=\"og:image:type\" content=\"image\/jpeg\" \/>\n<meta name=\"twitter:card\" content=\"summary_large_image\" \/>\n<meta name=\"twitter:label1\" content=\"Dur\u00e9e de lecture estim\u00e9e\" \/>\n\t<meta name=\"twitter:data1\" content=\"3 minutes\" \/>\n<script type=\"application\/ld+json\" class=\"yoast-schema-graph\">{\"@context\":\"https:\/\/schema.org\",\"@graph\":[{\"@type\":\"WebPage\",\"@id\":\"https:\/\/az-broquetas.es\/fr\/installations-aerothermiques\",\"url\":\"https:\/\/az-broquetas.es\/fr\/installations-aerothermiques\",\"name\":\"Installations a\u00e9rothermiques - AZ Broquetas\",\"isPartOf\":{\"@id\":\"https:\/\/az-broquetas.es\/fr#website\"},\"primaryImageOfPage\":{\"@id\":\"https:\/\/az-broquetas.es\/fr\/installations-aerothermiques#primaryimage\"},\"image\":{\"@id\":\"https:\/\/az-broquetas.es\/fr\/installations-aerothermiques#primaryimage\"},\"thumbnailUrl\":\"https:\/\/az-broquetas.es\/wp-content\/uploads\/2024\/06\/instalaciones-aerotermia-az-broquetas.jpg\",\"datePublished\":\"2024-06-05T13:27:21+00:00\",\"dateModified\":\"2024-07-23T09:37:51+00:00\",\"breadcrumb\":{\"@id\":\"https:\/\/az-broquetas.es\/fr\/installations-aerothermiques#breadcrumb\"},\"inLanguage\":\"fr-FR\",\"potentialAction\":[{\"@type\":\"ReadAction\",\"target\":[\"https:\/\/az-broquetas.es\/fr\/installations-aerothermiques\"]}]},{\"@type\":\"ImageObject\",\"inLanguage\":\"fr-FR\",\"@id\":\"https:\/\/az-broquetas.es\/fr\/installations-aerothermiques#primaryimage\",\"url\":\"https:\/\/az-broquetas.es\/wp-content\/uploads\/2024\/06\/instalaciones-aerotermia-az-broquetas.jpg\",\"contentUrl\":\"https:\/\/az-broquetas.es\/wp-content\/uploads\/2024\/06\/instalaciones-aerotermia-az-broquetas.jpg\",\"width\":700,\"height\":500},{\"@type\":\"BreadcrumbList\",\"@id\":\"https:\/\/az-broquetas.es\/fr\/installations-aerothermiques#breadcrumb\",\"itemListElement\":[{\"@type\":\"ListItem\",\"position\":1,\"name\":\"Portada\",\"item\":\"https:\/\/az-broquetas.es\/fr\"},{\"@type\":\"ListItem\",\"position\":2,\"name\":\"Installations a\u00e9rothermiques\"}]},{\"@type\":\"WebSite\",\"@id\":\"https:\/\/az-broquetas.es\/fr#website\",\"url\":\"https:\/\/az-broquetas.es\/fr\",\"name\":\"AZ Broquetas\",\"description\":\"Soluciones de conexi\u00f3n innovadoras\",\"publisher\":{\"@id\":\"https:\/\/az-broquetas.es\/fr#organization\"},\"potentialAction\":[{\"@type\":\"SearchAction\",\"target\":{\"@type\":\"EntryPoint\",\"urlTemplate\":\"https:\/\/az-broquetas.es\/fr?s={search_term_string}\"},\"query-input\":{\"@type\":\"PropertyValueSpecification\",\"valueRequired\":true,\"valueName\":\"search_term_string\"}}],\"inLanguage\":\"fr-FR\"},{\"@type\":\"Organization\",\"@id\":\"https:\/\/az-broquetas.es\/fr#organization\",\"name\":\"AZ Broquetas\",\"url\":\"https:\/\/az-broquetas.es\/fr\",\"logo\":{\"@type\":\"ImageObject\",\"inLanguage\":\"fr-FR\",\"@id\":\"https:\/\/az-broquetas.es\/fr#\/schema\/logo\/image\/\",\"url\":\"https:\/\/az-broquetas.es\/wp-content\/uploads\/2024\/03\/Logo-AZ.png\",\"contentUrl\":\"https:\/\/az-broquetas.es\/wp-content\/uploads\/2024\/03\/Logo-AZ.png\",\"width\":350,\"height\":100,\"caption\":\"AZ Broquetas\"},\"image\":{\"@id\":\"https:\/\/az-broquetas.es\/fr#\/schema\/logo\/image\/\"},\"sameAs\":[\"https:\/\/www.linkedin.com\/company\/az-broquetas-s-l\/\",\"https:\/\/www.youtube.com\/@azbroquetass.l7674\"]}]}<\/script>\n<!-- \/ Yoast SEO plugin. -->","yoast_head_json":{"title":"Installations a\u00e9rothermiques - AZ Broquetas","robots":{"index":"index","follow":"follow","max-snippet":"max-snippet:-1","max-image-preview":"max-image-preview:large","max-video-preview":"max-video-preview:-1"},"canonical":"https:\/\/az-broquetas.es\/fr\/installations-aerothermiques","og_locale":"fr_FR","og_type":"article","og_title":"Installations a\u00e9rothermiques - AZ Broquetas","og_description":"L&rsquo;utilisation de tuyaux en acier ondul\u00e9 316L dans les syst\u00e8mes a\u00e9rothermiques monoblocs pr\u00e9sente plusieurs avantages significatifs : R\u00e9sistance \u00e0 la corrosion Les tuyaux en acier inoxydable sont tr\u00e8s r\u00e9sistants \u00e0 la corrosion, ce qui les rend id\u00e9aux pour les syst\u00e8mes manipulant de l&rsquo;eau et d&rsquo;autres liquides, tels que les syst\u00e8mes a\u00e9rothermiques, qui peuvent \u00eatre expos\u00e9s&hellip;","og_url":"https:\/\/az-broquetas.es\/fr\/installations-aerothermiques","og_site_name":"AZ Broquetas","article_modified_time":"2024-07-23T09:37:51+00:00","og_image":[{"width":700,"height":500,"url":"https:\/\/az-broquetas.es\/wp-content\/uploads\/2024\/06\/instalaciones-aerotermia-az-broquetas.jpg","type":"image\/jpeg"}],"twitter_card":"summary_large_image","twitter_misc":{"Dur\u00e9e de lecture estim\u00e9e":"3 minutes"},"schema":{"@context":"https:\/\/schema.org","@graph":[{"@type":"WebPage","@id":"https:\/\/az-broquetas.es\/fr\/installations-aerothermiques","url":"https:\/\/az-broquetas.es\/fr\/installations-aerothermiques","name":"Installations a\u00e9rothermiques - AZ Broquetas","isPartOf":{"@id":"https:\/\/az-broquetas.es\/fr#website"},"primaryImageOfPage":{"@id":"https:\/\/az-broquetas.es\/fr\/installations-aerothermiques#primaryimage"},"image":{"@id":"https:\/\/az-broquetas.es\/fr\/installations-aerothermiques#primaryimage"},"thumbnailUrl":"https:\/\/az-broquetas.es\/wp-content\/uploads\/2024\/06\/instalaciones-aerotermia-az-broquetas.jpg","datePublished":"2024-06-05T13:27:21+00:00","dateModified":"2024-07-23T09:37:51+00:00","breadcrumb":{"@id":"https:\/\/az-broquetas.es\/fr\/installations-aerothermiques#breadcrumb"},"inLanguage":"fr-FR","potentialAction":[{"@type":"ReadAction","target":["https:\/\/az-broquetas.es\/fr\/installations-aerothermiques"]}]},{"@type":"ImageObject","inLanguage":"fr-FR","@id":"https:\/\/az-broquetas.es\/fr\/installations-aerothermiques#primaryimage","url":"https:\/\/az-broquetas.es\/wp-content\/uploads\/2024\/06\/instalaciones-aerotermia-az-broquetas.jpg","contentUrl":"https:\/\/az-broquetas.es\/wp-content\/uploads\/2024\/06\/instalaciones-aerotermia-az-broquetas.jpg","width":700,"height":500},{"@type":"BreadcrumbList","@id":"https:\/\/az-broquetas.es\/fr\/installations-aerothermiques#breadcrumb","itemListElement":[{"@type":"ListItem","position":1,"name":"Portada","item":"https:\/\/az-broquetas.es\/fr"},{"@type":"ListItem","position":2,"name":"Installations a\u00e9rothermiques"}]},{"@type":"WebSite","@id":"https:\/\/az-broquetas.es\/fr#website","url":"https:\/\/az-broquetas.es\/fr","name":"AZ Broquetas","description":"Soluciones de conexi\u00f3n innovadoras","publisher":{"@id":"https:\/\/az-broquetas.es\/fr#organization"},"potentialAction":[{"@type":"SearchAction","target":{"@type":"EntryPoint","urlTemplate":"https:\/\/az-broquetas.es\/fr?s={search_term_string}"},"query-input":{"@type":"PropertyValueSpecification","valueRequired":true,"valueName":"search_term_string"}}],"inLanguage":"fr-FR"},{"@type":"Organization","@id":"https:\/\/az-broquetas.es\/fr#organization","name":"AZ Broquetas","url":"https:\/\/az-broquetas.es\/fr","logo":{"@type":"ImageObject","inLanguage":"fr-FR","@id":"https:\/\/az-broquetas.es\/fr#\/schema\/logo\/image\/","url":"https:\/\/az-broquetas.es\/wp-content\/uploads\/2024\/03\/Logo-AZ.png","contentUrl":"https:\/\/az-broquetas.es\/wp-content\/uploads\/2024\/03\/Logo-AZ.png","width":350,"height":100,"caption":"AZ Broquetas"},"image":{"@id":"https:\/\/az-broquetas.es\/fr#\/schema\/logo\/image\/"},"sameAs":["https:\/\/www.linkedin.com\/company\/az-broquetas-s-l\/","https:\/\/www.youtube.com\/@azbroquetass.l7674"]}]}},"_links":{"self":[{"href":"https:\/\/az-broquetas.es\/fr\/wp-json\/wp\/v2\/pages\/15914","targetHints":{"allow":["GET"]}}],"collection":[{"href":"https:\/\/az-broquetas.es\/fr\/wp-json\/wp\/v2\/pages"}],"about":[{"href":"https:\/\/az-broquetas.es\/fr\/wp-json\/wp\/v2\/types\/page"}],"author":[{"embeddable":true,"href":"https:\/\/az-broquetas.es\/fr\/wp-json\/wp\/v2\/users\/1"}],"replies":[{"embeddable":true,"href":"https:\/\/az-broquetas.es\/fr\/wp-json\/wp\/v2\/comments?post=15914"}],"version-history":[{"count":4,"href":"https:\/\/az-broquetas.es\/fr\/wp-json\/wp\/v2\/pages\/15914\/revisions"}],"predecessor-version":[{"id":16443,"href":"https:\/\/az-broquetas.es\/fr\/wp-json\/wp\/v2\/pages\/15914\/revisions\/16443"}],"wp:featuredmedia":[{"embeddable":true,"href":"https:\/\/az-broquetas.es\/fr\/wp-json\/wp\/v2\/media\/15311"}],"wp:attachment":[{"href":"https:\/\/az-broquetas.es\/fr\/wp-json\/wp\/v2\/media?parent=15914"}],"curies":[{"name":"wp","href":"https:\/\/api.w.org\/{rel}","templated":true}]}}