{"id":15922,"date":"2024-05-22T11:50:04","date_gmt":"2024-05-22T11:50:04","guid":{"rendered":"https:\/\/az-broquetas.es\/certifications"},"modified":"2024-07-23T09:35:31","modified_gmt":"2024-07-23T09:35:31","slug":"certifications","status":"publish","type":"page","link":"https:\/\/az-broquetas.es\/fr\/certifications","title":{"rendered":"Certifications"},"content":{"rendered":"\t\t<div data-elementor-type=\"wp-page\" data-elementor-id=\"15922\" class=\"elementor elementor-15922 elementor-13289\" data-elementor-post-type=\"page\">\n\t\t\t\t\t\t<section class=\"elementor-section elementor-top-section elementor-element elementor-element-e2af816 elementor-section-boxed elementor-section-height-default elementor-section-height-default\" data-id=\"e2af816\" data-element_type=\"section\">\n\t\t\t\t\t\t<div class=\"elementor-container elementor-column-gap-wider\">\n\t\t\t\t\t<div class=\"elementor-column elementor-col-50 elementor-top-column elementor-element elementor-element-6eeb503\" data-id=\"6eeb503\" data-element_type=\"column\">\n\t\t\t<div class=\"elementor-widget-wrap elementor-element-populated\">\n\t\t\t\t\t\t<div class=\"elementor-element elementor-element-c259a57 elementor-widget elementor-widget-image\" data-id=\"c259a57\" data-element_type=\"widget\" data-widget_type=\"image.default\">\n\t\t\t\t<div class=\"elementor-widget-container\">\n\t\t\t\t\t\t\t\t\t\t\t\t\t<img fetchpriority=\"high\" decoding=\"async\" width=\"683\" height=\"1024\" src=\"https:\/\/az-broquetas.es\/wp-content\/uploads\/2024\/06\/Certificaciones-AZ-Broquetas-683x1024.jpg\" class=\"attachment-large size-large wp-image-15281\" alt=\"\" srcset=\"https:\/\/az-broquetas.es\/wp-content\/uploads\/2024\/06\/Certificaciones-AZ-Broquetas-683x1024.jpg 683w, https:\/\/az-broquetas.es\/wp-content\/uploads\/2024\/06\/Certificaciones-AZ-Broquetas-200x300.jpg 200w, https:\/\/az-broquetas.es\/wp-content\/uploads\/2024\/06\/Certificaciones-AZ-Broquetas-768x1152.jpg 768w, https:\/\/az-broquetas.es\/wp-content\/uploads\/2024\/06\/Certificaciones-AZ-Broquetas.jpg 800w\" sizes=\"(max-width: 683px) 100vw, 683px\" \/>\t\t\t\t\t\t\t\t\t\t\t\t\t<\/div>\n\t\t\t\t<\/div>\n\t\t\t\t\t<\/div>\n\t\t<\/div>\n\t\t\t\t<div class=\"elementor-column elementor-col-50 elementor-top-column elementor-element elementor-element-c2e4edf\" data-id=\"c2e4edf\" data-element_type=\"column\">\n\t\t\t<div class=\"elementor-widget-wrap elementor-element-populated\">\n\t\t\t\t\t\t<div class=\"elementor-element elementor-element-8efc854 elementor-widget elementor-widget-heading\" data-id=\"8efc854\" data-element_type=\"widget\" data-widget_type=\"heading.default\">\n\t\t\t\t<div class=\"elementor-widget-container\">\n\t\t\t<h1 class=\"elementor-heading-title elementor-size-default\">Certificats de qualit\u00e9<\/h1>\t\t<\/div>\n\t\t\t\t<\/div>\n\t\t\t\t<div class=\"elementor-element elementor-element-00da832 elementor-widget elementor-widget-spacer\" data-id=\"00da832\" data-element_type=\"widget\" data-widget_type=\"spacer.default\">\n\t\t\t\t<div class=\"elementor-widget-container\">\n\t\t\t\t\t<div class=\"elementor-spacer\">\n\t\t\t<div class=\"elementor-spacer-inner\"><\/div>\n\t\t<\/div>\n\t\t\t\t<\/div>\n\t\t\t\t<\/div>\n\t\t\t\t<div class=\"elementor-element elementor-element-cd240aa elementor-widget elementor-widget-text-editor\" data-id=\"cd240aa\" data-element_type=\"widget\" data-widget_type=\"text-editor.default\">\n\t\t\t\t<div class=\"elementor-widget-container\">\n\t\t\t\t\t\t\t<p><span style=\"font-weight: 400;\">Chez AZ INTEC, nous sommes fiers de notre engagement in\u00e9branlable en faveur de la qualit\u00e9 et de l&rsquo;excellence dans tous nos processus. Notre entreprise a obtenu la certification ISO 9001, une norme internationale qui garantit la mise en \u0153uvre d&rsquo;un syst\u00e8me efficace de gestion de la qualit\u00e9. Cette r\u00e9ussite refl\u00e8te notre engagement permanent en faveur de l&rsquo;am\u00e9lioration continue et de la satisfaction des clients. En respectant les exigences rigoureuses de la norme ISO 9001, nous nous assurons que nos produits et services r\u00e9ponden, voire d\u00e9passent les attentes de nos clients.<\/span><\/p>\n<\/p>\n<p><span style=\"font-weight: 400;\">La certification ISO 9001 d&rsquo;AZ INTEC t\u00e9moigne de notre capacit\u00e9 \u00e0 fournir des solutions fiables, efficaces et de haute qualit\u00e9, ce qui nous distingue en tant que leaders dans notre secteur.<\/span><\/p>\n\t\t\t\t\t\t<\/div>\n\t\t\t\t<\/div>\n\t\t\t\t\t<\/div>\n\t\t<\/div>\n\t\t\t\t\t<\/div>\n\t\t<\/section>\n\t\t\t\t<section class=\"elementor-section elementor-top-section elementor-element elementor-element-2fe8b22 elementor-section-boxed elementor-section-height-default elementor-section-height-default\" data-id=\"2fe8b22\" data-element_type=\"section\" data-settings=\"{&quot;background_background&quot;:&quot;classic&quot;}\">\n\t\t\t\t\t\t<div class=\"elementor-container elementor-column-gap-wider\">\n\t\t\t\t\t<div class=\"elementor-column elementor-col-100 elementor-top-column elementor-element elementor-element-365666d\" data-id=\"365666d\" data-element_type=\"column\">\n\t\t\t<div class=\"elementor-widget-wrap elementor-element-populated\">\n\t\t\t\t\t\t<div class=\"elementor-element elementor-element-799c27e elementor-widget elementor-widget-text-editor\" data-id=\"799c27e\" data-element_type=\"widget\" data-widget_type=\"text-editor.default\">\n\t\t\t\t<div class=\"elementor-widget-container\">\n\t\t\t\t\t\t\t<p><span style=\"font-weight: 400;\">Chez AZ INTEC, nous nous engageons \u00e0 prot\u00e9ger l&rsquo;environnement et \u00e0 assurer la durabilit\u00e9 dans toutes nos activit\u00e9s. Nous sommes fiers d&rsquo;annoncer que nous avons obtenu la certification ISO 14001, une norme internationale qui reconna\u00eet la mise en \u0153uvre d&rsquo;un syst\u00e8me efficace de gestion de l&rsquo;environnement. Ce r\u00e9sultat d\u00e9montre notre engagement \u00e0 r\u00e9duire les impacts environnementaux, \u00e0 respecter la l\u00e9gislation en vigueur et \u00e0 am\u00e9liorer continuellement nos pratiques environnementales. En adh\u00e9rant aux exigences rigoureuses de la norme ISO 14001, nous nous assurons que nos activit\u00e9s sont durables et responsables et qu&rsquo;elles apportent une contribution positive \u00e0 l&rsquo;environnement et \u00e0 la communaut\u00e9. La certification ISO 14001 d&rsquo;AZ INTEC est la preuve de nos efforts en mati\u00e8re de responsabilit\u00e9 environnementale et de promotion d&rsquo;un avenir plus vert.<\/span><\/p>\n\t\t\t\t\t\t<\/div>\n\t\t\t\t<\/div>\n\t\t\t\t\t<\/div>\n\t\t<\/div>\n\t\t\t\t\t<\/div>\n\t\t<\/section>\n\t\t\t\t<\/div>\n\t\t","protected":false},"excerpt":{"rendered":"<p>Certificats de qualit\u00e9 Chez AZ INTEC, nous sommes fiers de notre engagement in\u00e9branlable en faveur de la qualit\u00e9 et de l&rsquo;excellence dans tous nos processus. Notre entreprise a obtenu la certification ISO 9001, une norme internationale qui garantit la mise en \u0153uvre d&rsquo;un syst\u00e8me efficace de gestion de la qualit\u00e9. Cette r\u00e9ussite refl\u00e8te notre engagement&hellip;<\/p>\n","protected":false},"author":1,"featured_media":0,"parent":0,"menu_order":20,"comment_status":"closed","ping_status":"closed","template":"","meta":{"footnotes":""},"class_list":["post-15922","page","type-page","status-publish","hentry"],"yoast_head":"<!-- This site is optimized with the Yoast SEO plugin v26.9 - https:\/\/yoast.com\/product\/yoast-seo-wordpress\/ -->\n<title>Certifications - AZ Broquetas<\/title>\n<meta name=\"robots\" content=\"noindex, follow\" \/>\n<meta property=\"og:locale\" content=\"fr_FR\" \/>\n<meta property=\"og:type\" content=\"article\" \/>\n<meta property=\"og:title\" content=\"Certifications - AZ Broquetas\" \/>\n<meta property=\"og:description\" content=\"Certificats de qualit\u00e9 Chez AZ INTEC, nous sommes fiers de notre engagement in\u00e9branlable en faveur de la qualit\u00e9 et de l&rsquo;excellence dans tous nos processus. Notre entreprise a obtenu la certification ISO 9001, une norme internationale qui garantit la mise en \u0153uvre d&rsquo;un syst\u00e8me efficace de gestion de la qualit\u00e9. Cette r\u00e9ussite refl\u00e8te notre engagement&hellip;\" \/>\n<meta property=\"og:url\" content=\"https:\/\/az-broquetas.es\/fr\/certifications\" \/>\n<meta property=\"og:site_name\" content=\"AZ Broquetas\" \/>\n<meta property=\"article:modified_time\" content=\"2024-07-23T09:35:31+00:00\" \/>\n<meta property=\"og:image\" content=\"https:\/\/az-broquetas.es\/wp-content\/uploads\/2024\/06\/Certificaciones-AZ-Broquetas-683x1024.jpg\" \/>\n<meta name=\"twitter:card\" content=\"summary_large_image\" \/>\n<meta name=\"twitter:label1\" content=\"Dur\u00e9e de lecture estim\u00e9e\" \/>\n\t<meta name=\"twitter:data1\" content=\"1 minute\" \/>\n<script type=\"application\/ld+json\" class=\"yoast-schema-graph\">{\"@context\":\"https:\/\/schema.org\",\"@graph\":[{\"@type\":\"WebPage\",\"@id\":\"https:\/\/az-broquetas.es\/fr\/certifications\",\"url\":\"https:\/\/az-broquetas.es\/fr\/certifications\",\"name\":\"Certifications - AZ Broquetas\",\"isPartOf\":{\"@id\":\"https:\/\/az-broquetas.es\/fr#website\"},\"primaryImageOfPage\":{\"@id\":\"https:\/\/az-broquetas.es\/fr\/certifications#primaryimage\"},\"image\":{\"@id\":\"https:\/\/az-broquetas.es\/fr\/certifications#primaryimage\"},\"thumbnailUrl\":\"https:\/\/az-broquetas.es\/wp-content\/uploads\/2024\/06\/Certificaciones-AZ-Broquetas-683x1024.jpg\",\"datePublished\":\"2024-05-22T11:50:04+00:00\",\"dateModified\":\"2024-07-23T09:35:31+00:00\",\"breadcrumb\":{\"@id\":\"https:\/\/az-broquetas.es\/fr\/certifications#breadcrumb\"},\"inLanguage\":\"fr-FR\",\"potentialAction\":[{\"@type\":\"ReadAction\",\"target\":[\"https:\/\/az-broquetas.es\/fr\/certifications\"]}]},{\"@type\":\"ImageObject\",\"inLanguage\":\"fr-FR\",\"@id\":\"https:\/\/az-broquetas.es\/fr\/certifications#primaryimage\",\"url\":\"https:\/\/az-broquetas.es\/wp-content\/uploads\/2024\/06\/Certificaciones-AZ-Broquetas-683x1024.jpg\",\"contentUrl\":\"https:\/\/az-broquetas.es\/wp-content\/uploads\/2024\/06\/Certificaciones-AZ-Broquetas-683x1024.jpg\"},{\"@type\":\"BreadcrumbList\",\"@id\":\"https:\/\/az-broquetas.es\/fr\/certifications#breadcrumb\",\"itemListElement\":[{\"@type\":\"ListItem\",\"position\":1,\"name\":\"Portada\",\"item\":\"https:\/\/az-broquetas.es\/fr\"},{\"@type\":\"ListItem\",\"position\":2,\"name\":\"Certifications\"}]},{\"@type\":\"WebSite\",\"@id\":\"https:\/\/az-broquetas.es\/fr#website\",\"url\":\"https:\/\/az-broquetas.es\/fr\",\"name\":\"AZ Broquetas\",\"description\":\"Soluciones de conexi\u00f3n innovadoras\",\"publisher\":{\"@id\":\"https:\/\/az-broquetas.es\/fr#organization\"},\"potentialAction\":[{\"@type\":\"SearchAction\",\"target\":{\"@type\":\"EntryPoint\",\"urlTemplate\":\"https:\/\/az-broquetas.es\/fr?s={search_term_string}\"},\"query-input\":{\"@type\":\"PropertyValueSpecification\",\"valueRequired\":true,\"valueName\":\"search_term_string\"}}],\"inLanguage\":\"fr-FR\"},{\"@type\":\"Organization\",\"@id\":\"https:\/\/az-broquetas.es\/fr#organization\",\"name\":\"AZ Broquetas\",\"url\":\"https:\/\/az-broquetas.es\/fr\",\"logo\":{\"@type\":\"ImageObject\",\"inLanguage\":\"fr-FR\",\"@id\":\"https:\/\/az-broquetas.es\/fr#\/schema\/logo\/image\/\",\"url\":\"https:\/\/az-broquetas.es\/wp-content\/uploads\/2024\/03\/Logo-AZ.png\",\"contentUrl\":\"https:\/\/az-broquetas.es\/wp-content\/uploads\/2024\/03\/Logo-AZ.png\",\"width\":350,\"height\":100,\"caption\":\"AZ Broquetas\"},\"image\":{\"@id\":\"https:\/\/az-broquetas.es\/fr#\/schema\/logo\/image\/\"},\"sameAs\":[\"https:\/\/www.linkedin.com\/company\/az-broquetas-s-l\/\",\"https:\/\/www.youtube.com\/@azbroquetass.l7674\"]}]}<\/script>\n<!-- \/ Yoast SEO plugin. -->","yoast_head_json":{"title":"Certifications - AZ Broquetas","robots":{"index":"noindex","follow":"follow"},"og_locale":"fr_FR","og_type":"article","og_title":"Certifications - AZ Broquetas","og_description":"Certificats de qualit\u00e9 Chez AZ INTEC, nous sommes fiers de notre engagement in\u00e9branlable en faveur de la qualit\u00e9 et de l&rsquo;excellence dans tous nos processus. Notre entreprise a obtenu la certification ISO 9001, une norme internationale qui garantit la mise en \u0153uvre d&rsquo;un syst\u00e8me efficace de gestion de la qualit\u00e9. Cette r\u00e9ussite refl\u00e8te notre engagement&hellip;","og_url":"https:\/\/az-broquetas.es\/fr\/certifications","og_site_name":"AZ Broquetas","article_modified_time":"2024-07-23T09:35:31+00:00","og_image":[{"url":"https:\/\/az-broquetas.es\/wp-content\/uploads\/2024\/06\/Certificaciones-AZ-Broquetas-683x1024.jpg","type":"","width":"","height":""}],"twitter_card":"summary_large_image","twitter_misc":{"Dur\u00e9e de lecture estim\u00e9e":"1 minute"},"schema":{"@context":"https:\/\/schema.org","@graph":[{"@type":"WebPage","@id":"https:\/\/az-broquetas.es\/fr\/certifications","url":"https:\/\/az-broquetas.es\/fr\/certifications","name":"Certifications - AZ Broquetas","isPartOf":{"@id":"https:\/\/az-broquetas.es\/fr#website"},"primaryImageOfPage":{"@id":"https:\/\/az-broquetas.es\/fr\/certifications#primaryimage"},"image":{"@id":"https:\/\/az-broquetas.es\/fr\/certifications#primaryimage"},"thumbnailUrl":"https:\/\/az-broquetas.es\/wp-content\/uploads\/2024\/06\/Certificaciones-AZ-Broquetas-683x1024.jpg","datePublished":"2024-05-22T11:50:04+00:00","dateModified":"2024-07-23T09:35:31+00:00","breadcrumb":{"@id":"https:\/\/az-broquetas.es\/fr\/certifications#breadcrumb"},"inLanguage":"fr-FR","potentialAction":[{"@type":"ReadAction","target":["https:\/\/az-broquetas.es\/fr\/certifications"]}]},{"@type":"ImageObject","inLanguage":"fr-FR","@id":"https:\/\/az-broquetas.es\/fr\/certifications#primaryimage","url":"https:\/\/az-broquetas.es\/wp-content\/uploads\/2024\/06\/Certificaciones-AZ-Broquetas-683x1024.jpg","contentUrl":"https:\/\/az-broquetas.es\/wp-content\/uploads\/2024\/06\/Certificaciones-AZ-Broquetas-683x1024.jpg"},{"@type":"BreadcrumbList","@id":"https:\/\/az-broquetas.es\/fr\/certifications#breadcrumb","itemListElement":[{"@type":"ListItem","position":1,"name":"Portada","item":"https:\/\/az-broquetas.es\/fr"},{"@type":"ListItem","position":2,"name":"Certifications"}]},{"@type":"WebSite","@id":"https:\/\/az-broquetas.es\/fr#website","url":"https:\/\/az-broquetas.es\/fr","name":"AZ Broquetas","description":"Soluciones de conexi\u00f3n innovadoras","publisher":{"@id":"https:\/\/az-broquetas.es\/fr#organization"},"potentialAction":[{"@type":"SearchAction","target":{"@type":"EntryPoint","urlTemplate":"https:\/\/az-broquetas.es\/fr?s={search_term_string}"},"query-input":{"@type":"PropertyValueSpecification","valueRequired":true,"valueName":"search_term_string"}}],"inLanguage":"fr-FR"},{"@type":"Organization","@id":"https:\/\/az-broquetas.es\/fr#organization","name":"AZ Broquetas","url":"https:\/\/az-broquetas.es\/fr","logo":{"@type":"ImageObject","inLanguage":"fr-FR","@id":"https:\/\/az-broquetas.es\/fr#\/schema\/logo\/image\/","url":"https:\/\/az-broquetas.es\/wp-content\/uploads\/2024\/03\/Logo-AZ.png","contentUrl":"https:\/\/az-broquetas.es\/wp-content\/uploads\/2024\/03\/Logo-AZ.png","width":350,"height":100,"caption":"AZ Broquetas"},"image":{"@id":"https:\/\/az-broquetas.es\/fr#\/schema\/logo\/image\/"},"sameAs":["https:\/\/www.linkedin.com\/company\/az-broquetas-s-l\/","https:\/\/www.youtube.com\/@azbroquetass.l7674"]}]}},"_links":{"self":[{"href":"https:\/\/az-broquetas.es\/fr\/wp-json\/wp\/v2\/pages\/15922","targetHints":{"allow":["GET"]}}],"collection":[{"href":"https:\/\/az-broquetas.es\/fr\/wp-json\/wp\/v2\/pages"}],"about":[{"href":"https:\/\/az-broquetas.es\/fr\/wp-json\/wp\/v2\/types\/page"}],"author":[{"embeddable":true,"href":"https:\/\/az-broquetas.es\/fr\/wp-json\/wp\/v2\/users\/1"}],"replies":[{"embeddable":true,"href":"https:\/\/az-broquetas.es\/fr\/wp-json\/wp\/v2\/comments?post=15922"}],"version-history":[{"count":4,"href":"https:\/\/az-broquetas.es\/fr\/wp-json\/wp\/v2\/pages\/15922\/revisions"}],"predecessor-version":[{"id":16431,"href":"https:\/\/az-broquetas.es\/fr\/wp-json\/wp\/v2\/pages\/15922\/revisions\/16431"}],"wp:attachment":[{"href":"https:\/\/az-broquetas.es\/fr\/wp-json\/wp\/v2\/media?parent=15922"}],"curies":[{"name":"wp","href":"https:\/\/api.w.org\/{rel}","templated":true}]}}