{"id":15929,"date":"2024-06-05T13:13:49","date_gmt":"2024-06-05T13:13:49","guid":{"rendered":"https:\/\/az-broquetas.es\/installations-a-domicile"},"modified":"2024-07-23T09:36:03","modified_gmt":"2024-07-23T09:36:03","slug":"installations-a-domicile","status":"publish","type":"page","link":"https:\/\/az-broquetas.es\/fr\/installations-a-domicile","title":{"rendered":"Usage domestique"},"content":{"rendered":"\t\t<div data-elementor-type=\"wp-page\" data-elementor-id=\"15929\" class=\"elementor elementor-15929 elementor-14081\" data-elementor-post-type=\"page\">\n\t\t\t\t<div class=\"elementor-element elementor-element-6b76e4e e-flex e-con-boxed e-con e-parent\" data-id=\"6b76e4e\" data-element_type=\"container\">\n\t\t\t\t\t<div class=\"e-con-inner\">\n\t\t\t\t<div class=\"elementor-element elementor-element-4f6a039 elementor-widget elementor-widget-text-editor\" data-id=\"4f6a039\" data-element_type=\"widget\" data-widget_type=\"text-editor.default\">\n\t\t\t\t<div class=\"elementor-widget-container\">\n\t\t\t\t\t\t\t<p>Les produits AZ BROQUETAS se trouvent presque partout dans les maisons individuelles<\/p>\n<\/p>\n<p>Nos produits garantissent un approvisionnement s\u00fbr et efficace, qu&rsquo;il s&rsquo;agisse de la conduite d&rsquo;eau potable, de la conduite d&rsquo;eau chaude ou de toutes les installations de gaz. Nous proposons une gamme de produits de qualit\u00e9 et \u00e9prouv\u00e9s, ainsi que des solutions personnalis\u00e9es aux normes de qualit\u00e9 certifi\u00e9es.<\/p>\n\t\t\t\t\t\t<\/div>\n\t\t\t\t<\/div>\n\t\t\t\t<div class=\"elementor-element elementor-element-57b0fdc elementor-widget elementor-widget-image\" data-id=\"57b0fdc\" data-element_type=\"widget\" data-widget_type=\"image.default\">\n\t\t\t\t<div class=\"elementor-widget-container\">\n\t\t\t\t\t\t\t\t\t\t\t\t\t<img decoding=\"async\" src=\"https:\/\/az-broquetas.es\/wp-content\/uploads\/elementor\/thumbs\/PRODUCTOS-AZ-EN-EL-HOGAR_ENG-01-qwc3gepu1t1485j7598t8h5l0zaelss3tly5w6916o.jpg\" title=\"PRODUCTOS AZ EN EL HOGAR_ENG-01\" alt=\"\" loading=\"lazy\" \/>\t\t\t\t\t\t\t\t\t\t\t\t\t<\/div>\n\t\t\t\t<\/div>\n\t\t\t\t<div class=\"elementor-element elementor-element-c446f79 elementor-widget elementor-widget-text-editor\" data-id=\"c446f79\" data-element_type=\"widget\" data-widget_type=\"text-editor.default\">\n\t\t\t\t<div class=\"elementor-widget-container\">\n\t\t\t\t\t\t\t<h1>instalaciones en el hogar<\/h1>\n\t\t\t\t\t\t<\/div>\n\t\t\t\t<\/div>\n\t\t\t\t\t<\/div>\n\t\t\t\t<\/div>\n\t\t\t\t<\/div>\n\t\t","protected":false},"excerpt":{"rendered":"<p>Les produits AZ BROQUETAS se trouvent presque partout dans les maisons individuelles Nos produits garantissent un approvisionnement s\u00fbr et efficace, qu&rsquo;il s&rsquo;agisse de la conduite d&rsquo;eau potable, de la conduite d&rsquo;eau chaude ou de toutes les installations de gaz. Nous proposons une gamme de produits de qualit\u00e9 et \u00e9prouv\u00e9s, ainsi que des solutions personnalis\u00e9es aux&hellip;<\/p>\n","protected":false},"author":1,"featured_media":15307,"parent":0,"menu_order":0,"comment_status":"closed","ping_status":"closed","template":"","meta":{"footnotes":""},"class_list":["post-15929","page","type-page","status-publish","has-post-thumbnail","hentry"],"yoast_head":"<!-- This site is optimized with the Yoast SEO plugin v26.9 - https:\/\/yoast.com\/product\/yoast-seo-wordpress\/ -->\n<title>Usage domestique - AZ Broquetas<\/title>\n<meta name=\"robots\" content=\"index, follow, max-snippet:-1, max-image-preview:large, max-video-preview:-1\" \/>\n<link rel=\"canonical\" href=\"https:\/\/az-broquetas.es\/fr\/installations-a-domicile\" \/>\n<meta property=\"og:locale\" content=\"fr_FR\" \/>\n<meta property=\"og:type\" content=\"article\" \/>\n<meta property=\"og:title\" content=\"Usage domestique - AZ Broquetas\" \/>\n<meta property=\"og:description\" content=\"Les produits AZ BROQUETAS se trouvent presque partout dans les maisons individuelles Nos produits garantissent un approvisionnement s\u00fbr et efficace, qu&rsquo;il s&rsquo;agisse de la conduite d&rsquo;eau potable, de la conduite d&rsquo;eau chaude ou de toutes les installations de gaz. Nous proposons une gamme de produits de qualit\u00e9 et \u00e9prouv\u00e9s, ainsi que des solutions personnalis\u00e9es aux&hellip;\" \/>\n<meta property=\"og:url\" content=\"https:\/\/az-broquetas.es\/fr\/installations-a-domicile\" \/>\n<meta property=\"og:site_name\" content=\"AZ Broquetas\" \/>\n<meta property=\"article:modified_time\" content=\"2024-07-23T09:36:03+00:00\" \/>\n<meta property=\"og:image\" content=\"https:\/\/az-broquetas.es\/wp-content\/uploads\/2024\/06\/instalacion-en-el-hogar-az-broquetas.jpg\" \/>\n\t<meta property=\"og:image:width\" content=\"700\" \/>\n\t<meta property=\"og:image:height\" content=\"500\" \/>\n\t<meta property=\"og:image:type\" content=\"image\/jpeg\" \/>\n<meta name=\"twitter:card\" content=\"summary_large_image\" \/>\n<script type=\"application\/ld+json\" class=\"yoast-schema-graph\">{\"@context\":\"https:\/\/schema.org\",\"@graph\":[{\"@type\":\"WebPage\",\"@id\":\"https:\/\/az-broquetas.es\/fr\/installations-a-domicile\",\"url\":\"https:\/\/az-broquetas.es\/fr\/installations-a-domicile\",\"name\":\"Usage domestique - AZ Broquetas\",\"isPartOf\":{\"@id\":\"https:\/\/az-broquetas.es\/fr#website\"},\"primaryImageOfPage\":{\"@id\":\"https:\/\/az-broquetas.es\/fr\/installations-a-domicile#primaryimage\"},\"image\":{\"@id\":\"https:\/\/az-broquetas.es\/fr\/installations-a-domicile#primaryimage\"},\"thumbnailUrl\":\"https:\/\/az-broquetas.es\/wp-content\/uploads\/2024\/06\/instalacion-en-el-hogar-az-broquetas.jpg\",\"datePublished\":\"2024-06-05T13:13:49+00:00\",\"dateModified\":\"2024-07-23T09:36:03+00:00\",\"breadcrumb\":{\"@id\":\"https:\/\/az-broquetas.es\/fr\/installations-a-domicile#breadcrumb\"},\"inLanguage\":\"fr-FR\",\"potentialAction\":[{\"@type\":\"ReadAction\",\"target\":[\"https:\/\/az-broquetas.es\/fr\/installations-a-domicile\"]}]},{\"@type\":\"ImageObject\",\"inLanguage\":\"fr-FR\",\"@id\":\"https:\/\/az-broquetas.es\/fr\/installations-a-domicile#primaryimage\",\"url\":\"https:\/\/az-broquetas.es\/wp-content\/uploads\/2024\/06\/instalacion-en-el-hogar-az-broquetas.jpg\",\"contentUrl\":\"https:\/\/az-broquetas.es\/wp-content\/uploads\/2024\/06\/instalacion-en-el-hogar-az-broquetas.jpg\",\"width\":700,\"height\":500,\"caption\":\"instalacion-en-el-hogar-az-broquetas\"},{\"@type\":\"BreadcrumbList\",\"@id\":\"https:\/\/az-broquetas.es\/fr\/installations-a-domicile#breadcrumb\",\"itemListElement\":[{\"@type\":\"ListItem\",\"position\":1,\"name\":\"Portada\",\"item\":\"https:\/\/az-broquetas.es\/fr\"},{\"@type\":\"ListItem\",\"position\":2,\"name\":\"Usage domestique\"}]},{\"@type\":\"WebSite\",\"@id\":\"https:\/\/az-broquetas.es\/fr#website\",\"url\":\"https:\/\/az-broquetas.es\/fr\",\"name\":\"AZ Broquetas\",\"description\":\"Soluciones de conexi\u00f3n innovadoras\",\"publisher\":{\"@id\":\"https:\/\/az-broquetas.es\/fr#organization\"},\"potentialAction\":[{\"@type\":\"SearchAction\",\"target\":{\"@type\":\"EntryPoint\",\"urlTemplate\":\"https:\/\/az-broquetas.es\/fr?s={search_term_string}\"},\"query-input\":{\"@type\":\"PropertyValueSpecification\",\"valueRequired\":true,\"valueName\":\"search_term_string\"}}],\"inLanguage\":\"fr-FR\"},{\"@type\":\"Organization\",\"@id\":\"https:\/\/az-broquetas.es\/fr#organization\",\"name\":\"AZ Broquetas\",\"url\":\"https:\/\/az-broquetas.es\/fr\",\"logo\":{\"@type\":\"ImageObject\",\"inLanguage\":\"fr-FR\",\"@id\":\"https:\/\/az-broquetas.es\/fr#\/schema\/logo\/image\/\",\"url\":\"https:\/\/az-broquetas.es\/wp-content\/uploads\/2024\/03\/Logo-AZ.png\",\"contentUrl\":\"https:\/\/az-broquetas.es\/wp-content\/uploads\/2024\/03\/Logo-AZ.png\",\"width\":350,\"height\":100,\"caption\":\"AZ Broquetas\"},\"image\":{\"@id\":\"https:\/\/az-broquetas.es\/fr#\/schema\/logo\/image\/\"},\"sameAs\":[\"https:\/\/www.linkedin.com\/company\/az-broquetas-s-l\/\",\"https:\/\/www.youtube.com\/@azbroquetass.l7674\"]}]}<\/script>\n<!-- \/ Yoast SEO plugin. -->","yoast_head_json":{"title":"Usage domestique - AZ Broquetas","robots":{"index":"index","follow":"follow","max-snippet":"max-snippet:-1","max-image-preview":"max-image-preview:large","max-video-preview":"max-video-preview:-1"},"canonical":"https:\/\/az-broquetas.es\/fr\/installations-a-domicile","og_locale":"fr_FR","og_type":"article","og_title":"Usage domestique - AZ Broquetas","og_description":"Les produits AZ BROQUETAS se trouvent presque partout dans les maisons individuelles Nos produits garantissent un approvisionnement s\u00fbr et efficace, qu&rsquo;il s&rsquo;agisse de la conduite d&rsquo;eau potable, de la conduite d&rsquo;eau chaude ou de toutes les installations de gaz. Nous proposons une gamme de produits de qualit\u00e9 et \u00e9prouv\u00e9s, ainsi que des solutions personnalis\u00e9es aux&hellip;","og_url":"https:\/\/az-broquetas.es\/fr\/installations-a-domicile","og_site_name":"AZ Broquetas","article_modified_time":"2024-07-23T09:36:03+00:00","og_image":[{"width":700,"height":500,"url":"https:\/\/az-broquetas.es\/wp-content\/uploads\/2024\/06\/instalacion-en-el-hogar-az-broquetas.jpg","type":"image\/jpeg"}],"twitter_card":"summary_large_image","schema":{"@context":"https:\/\/schema.org","@graph":[{"@type":"WebPage","@id":"https:\/\/az-broquetas.es\/fr\/installations-a-domicile","url":"https:\/\/az-broquetas.es\/fr\/installations-a-domicile","name":"Usage domestique - AZ Broquetas","isPartOf":{"@id":"https:\/\/az-broquetas.es\/fr#website"},"primaryImageOfPage":{"@id":"https:\/\/az-broquetas.es\/fr\/installations-a-domicile#primaryimage"},"image":{"@id":"https:\/\/az-broquetas.es\/fr\/installations-a-domicile#primaryimage"},"thumbnailUrl":"https:\/\/az-broquetas.es\/wp-content\/uploads\/2024\/06\/instalacion-en-el-hogar-az-broquetas.jpg","datePublished":"2024-06-05T13:13:49+00:00","dateModified":"2024-07-23T09:36:03+00:00","breadcrumb":{"@id":"https:\/\/az-broquetas.es\/fr\/installations-a-domicile#breadcrumb"},"inLanguage":"fr-FR","potentialAction":[{"@type":"ReadAction","target":["https:\/\/az-broquetas.es\/fr\/installations-a-domicile"]}]},{"@type":"ImageObject","inLanguage":"fr-FR","@id":"https:\/\/az-broquetas.es\/fr\/installations-a-domicile#primaryimage","url":"https:\/\/az-broquetas.es\/wp-content\/uploads\/2024\/06\/instalacion-en-el-hogar-az-broquetas.jpg","contentUrl":"https:\/\/az-broquetas.es\/wp-content\/uploads\/2024\/06\/instalacion-en-el-hogar-az-broquetas.jpg","width":700,"height":500,"caption":"instalacion-en-el-hogar-az-broquetas"},{"@type":"BreadcrumbList","@id":"https:\/\/az-broquetas.es\/fr\/installations-a-domicile#breadcrumb","itemListElement":[{"@type":"ListItem","position":1,"name":"Portada","item":"https:\/\/az-broquetas.es\/fr"},{"@type":"ListItem","position":2,"name":"Usage domestique"}]},{"@type":"WebSite","@id":"https:\/\/az-broquetas.es\/fr#website","url":"https:\/\/az-broquetas.es\/fr","name":"AZ Broquetas","description":"Soluciones de conexi\u00f3n innovadoras","publisher":{"@id":"https:\/\/az-broquetas.es\/fr#organization"},"potentialAction":[{"@type":"SearchAction","target":{"@type":"EntryPoint","urlTemplate":"https:\/\/az-broquetas.es\/fr?s={search_term_string}"},"query-input":{"@type":"PropertyValueSpecification","valueRequired":true,"valueName":"search_term_string"}}],"inLanguage":"fr-FR"},{"@type":"Organization","@id":"https:\/\/az-broquetas.es\/fr#organization","name":"AZ Broquetas","url":"https:\/\/az-broquetas.es\/fr","logo":{"@type":"ImageObject","inLanguage":"fr-FR","@id":"https:\/\/az-broquetas.es\/fr#\/schema\/logo\/image\/","url":"https:\/\/az-broquetas.es\/wp-content\/uploads\/2024\/03\/Logo-AZ.png","contentUrl":"https:\/\/az-broquetas.es\/wp-content\/uploads\/2024\/03\/Logo-AZ.png","width":350,"height":100,"caption":"AZ Broquetas"},"image":{"@id":"https:\/\/az-broquetas.es\/fr#\/schema\/logo\/image\/"},"sameAs":["https:\/\/www.linkedin.com\/company\/az-broquetas-s-l\/","https:\/\/www.youtube.com\/@azbroquetass.l7674"]}]}},"_links":{"self":[{"href":"https:\/\/az-broquetas.es\/fr\/wp-json\/wp\/v2\/pages\/15929","targetHints":{"allow":["GET"]}}],"collection":[{"href":"https:\/\/az-broquetas.es\/fr\/wp-json\/wp\/v2\/pages"}],"about":[{"href":"https:\/\/az-broquetas.es\/fr\/wp-json\/wp\/v2\/types\/page"}],"author":[{"embeddable":true,"href":"https:\/\/az-broquetas.es\/fr\/wp-json\/wp\/v2\/users\/1"}],"replies":[{"embeddable":true,"href":"https:\/\/az-broquetas.es\/fr\/wp-json\/wp\/v2\/comments?post=15929"}],"version-history":[{"count":4,"href":"https:\/\/az-broquetas.es\/fr\/wp-json\/wp\/v2\/pages\/15929\/revisions"}],"predecessor-version":[{"id":16439,"href":"https:\/\/az-broquetas.es\/fr\/wp-json\/wp\/v2\/pages\/15929\/revisions\/16439"}],"wp:featuredmedia":[{"embeddable":true,"href":"https:\/\/az-broquetas.es\/fr\/wp-json\/wp\/v2\/media\/15307"}],"wp:attachment":[{"href":"https:\/\/az-broquetas.es\/fr\/wp-json\/wp\/v2\/media?parent=15929"}],"curies":[{"name":"wp","href":"https:\/\/api.w.org\/{rel}","templated":true}]}}