{"id":17761,"date":"2025-06-30T10:17:35","date_gmt":"2025-06-30T10:17:35","guid":{"rendered":"https:\/\/az-broquetas.es\/instalacoes-sanitarias-hvac"},"modified":"2025-06-30T10:17:37","modified_gmt":"2025-06-30T10:17:37","slug":"instalacoes-sanitarias-hvac","status":"publish","type":"page","link":"https:\/\/az-broquetas.es\/pt-pt\/instalacoes-sanitarias-hvac","title":{"rendered":"Instala\u00e7\u00f5es Sanit\u00e1rias\/HVAC"},"content":{"rendered":"\t\t<div data-elementor-type=\"wp-page\" data-elementor-id=\"17761\" class=\"elementor elementor-17761 elementor-14170\" data-elementor-post-type=\"page\">\n\t\t\t\t<div class=\"elementor-element elementor-element-2625705 e-flex e-con-boxed e-con e-parent\" data-id=\"2625705\" data-element_type=\"container\">\n\t\t\t\t\t<div class=\"e-con-inner\">\n\t\t\t\t<div class=\"elementor-element elementor-element-ac69ac1 elementor-widget elementor-widget-text-editor\" data-id=\"ac69ac1\" data-element_type=\"widget\" data-widget_type=\"text-editor.default\">\n\t\t\t\t<div class=\"elementor-widget-container\">\n\t\t\t\t\t\t\t<p>O sistema CATS para canaliza\u00e7\u00f5es e aquecimento baseia-se em:<\/p><p> <\/p><p>Tubos corrugados CATS em a\u00e7o austen\u00edtico AISI 304 ou AISI 316L com uma espessura de 0,3 mm. A geometria particular do tubo, com um desenho ondulado estudado, torna os tubos resistentes \u00e0 press\u00e3o e \u00e0 deforma\u00e7\u00e3o, permite realizar qualquer dobragem &#8220;\u00e0 m\u00e3o&#8221;, com \u00e2ngulos at\u00e9 360\u00b0, na aus\u00eancia total de ferramentas especiais de dobragem. <\/p><p> <\/p><p>Os acess\u00f3rios de lat\u00e3o e as porcas de lat\u00e3o niquelado, especialmente concebidos e fabricados pela AZ INTEC, facilitam a instala\u00e7\u00e3o e garantem a estanquidade do sistema, evitando a necessidade de colocar o anel de seguran\u00e7a CP3, ao contr\u00e1rio de outros sistemas existentes no mercado.<\/p><p> <\/p><p>Elementos de veda\u00e7\u00e3o de juntas universais de alta press\u00e3o Klingersil C4400 para uma vasta gama de aplica\u00e7\u00f5es na ind\u00fastria qu\u00edmica, processamento de alimentos e abastecimento de \u00e1gua pot\u00e1vel.<\/p>\t\t\t\t\t\t<\/div>\n\t\t\t\t<\/div>\n\t\t\t\t\t<\/div>\n\t\t\t\t<\/div>\n\t\t\t\t<section class=\"elementor-section elementor-top-section elementor-element elementor-element-a0c9cc5 elementor-section-boxed elementor-section-height-default elementor-section-height-default\" data-id=\"a0c9cc5\" data-element_type=\"section\">\n\t\t\t\t\t\t<div class=\"elementor-container elementor-column-gap-wider\">\n\t\t\t\t\t<div class=\"elementor-column elementor-col-100 elementor-top-column elementor-element elementor-element-db0e79b\" data-id=\"db0e79b\" data-element_type=\"column\">\n\t\t\t<div class=\"elementor-widget-wrap elementor-element-populated\">\n\t\t\t\t\t\t<div class=\"elementor-element elementor-element-e9a03b2 elementor-widget elementor-widget-heading\" data-id=\"e9a03b2\" data-element_type=\"widget\" data-widget_type=\"heading.default\">\n\t\t\t\t<div class=\"elementor-widget-container\">\n\t\t\t<h2 class=\"elementor-heading-title elementor-size-default\">As principais vantagens do sistema CATS s\u00e3o:<\/h2>\t\t<\/div>\n\t\t\t\t<\/div>\n\t\t\t\t<div class=\"elementor-element elementor-element-4284f8e elementor-widget elementor-widget-spacer\" data-id=\"4284f8e\" data-element_type=\"widget\" data-widget_type=\"spacer.default\">\n\t\t\t\t<div class=\"elementor-widget-container\">\n\t\t\t\t\t<div class=\"elementor-spacer\">\n\t\t\t<div class=\"elementor-spacer-inner\"><\/div>\n\t\t<\/div>\n\t\t\t\t<\/div>\n\t\t\t\t<\/div>\n\t\t\t\t<div class=\"elementor-element elementor-element-c921c8c icon-vertical-align-center icon-position-mobile-top icon-vertical-align-mobile-start content-align-left icon-box-vertical-align-top icon-position-left elementor-widget elementor-widget-the7_icon_box_grid_widget\" data-id=\"c921c8c\" data-element_type=\"widget\" data-widget_type=\"the7_icon_box_grid_widget.default\">\n\t\t\t\t<div class=\"elementor-widget-container\">\n\t\t\t<div class=\"the7-box-grid-wrapper the7-elementor-widget loading-effect-none the7_icon_box_grid_widget-c921c8c\">\t\t\t<div class=\"dt-css-grid\">\n\t\t\t\t\t\t\t\t\t<div class=\"wf-cell shown\">\n\t\t\t\t\t\t<div class=\"the7-icon-box-grid\">\t\t\t\t\t\t\t<div class=\"box-content-wrapper\">\n\t\t\t\t\t\t\t\t\t\t\t\t\t\t\t\t\t<a class=\"elementor-icon-div\" aria-label=\"Item link\">\t\t\t\t\t\t\t\t\t\t<div class=\"elementor-icon\">\n\t\t\t\t\t\t\t\t\t\t\t<svg xmlns=\"http:\/\/www.w3.org\/2000\/svg\" viewBox=\"0 0 24 24\" width=\"24\" height=\"24\"><path fill=\"none\" d=\"M0 0h24v24H0z\"><\/path><path d=\"M14 1.5V22h-2V3.704L7.5 4.91V2.839l5-1.339z\"><\/path><\/svg>\t\t\t\t\t\t\t\t\t\t<\/div>\n\t\t\t\t\t\t\t\t\t<\/a>\t\t\t\t\t\t\t\t\t\t\t\t\t\t\t\t<div class=\"box-content\">\n\t\t\t\t\t\t\t\t\t\t\t\t\t\t\t\t\t\t\t\t\t\t\t\t\t\t\t\t<div class=\"box-description\">Otimiza\u00e7\u00e3o da instala\u00e7\u00e3o<\/div>\n\t\t\t\t\t\t\t\t\t\t\t\t\t\t\t\t\t\t\t\t\t\t\t\t\t\t<\/div>\n\t\t\t\t\t\t\t<\/div>\n\t\t\t\t\t\t<\/div>\t\t\t\t\t<\/div>\n\t\t\t\t\t\t\t\t\t<div class=\"wf-cell shown\">\n\t\t\t\t\t\t<div class=\"the7-icon-box-grid\">\t\t\t\t\t\t\t<div class=\"box-content-wrapper\">\n\t\t\t\t\t\t\t\t\t\t\t\t\t\t\t\t\t<a class=\"elementor-icon-div\" aria-label=\"Item link\">\t\t\t\t\t\t\t\t\t\t<div class=\"elementor-icon\">\n\t\t\t\t\t\t\t\t\t\t\t<svg xmlns=\"http:\/\/www.w3.org\/2000\/svg\" viewBox=\"0 0 24 24\" width=\"24\" height=\"24\"><path fill=\"none\" d=\"M0 0h24v24H0z\"><\/path><path d=\"M16 7.5a4 4 0 1 0-8 0H6a6 6 0 1 1 10.663 3.776l-7.32 8.723L18 20v2H6v-1.127l9.064-10.802A3.982 3.982 0 0 0 16 7.5z\"><\/path><\/svg>\t\t\t\t\t\t\t\t\t\t<\/div>\n\t\t\t\t\t\t\t\t\t<\/a>\t\t\t\t\t\t\t\t\t\t\t\t\t\t\t\t<div class=\"box-content\">\n\t\t\t\t\t\t\t\t\t\t\t\t\t\t\t\t\t\t\t\t\t\t\t\t\t\t\t\t<div class=\"box-description\">Custos de instala\u00e7\u00e3o reduzidos<\/div>\n\t\t\t\t\t\t\t\t\t\t\t\t\t\t\t\t\t\t\t\t\t\t\t\t\t\t<\/div>\n\t\t\t\t\t\t\t<\/div>\n\t\t\t\t\t\t<\/div>\t\t\t\t\t<\/div>\n\t\t\t\t\t\t\t\t\t<div class=\"wf-cell shown\">\n\t\t\t\t\t\t<div class=\"the7-icon-box-grid\">\t\t\t\t\t\t\t<div class=\"box-content-wrapper\">\n\t\t\t\t\t\t\t\t\t\t\t\t\t\t\t\t\t<a class=\"elementor-icon-div\" aria-label=\"Item link\">\t\t\t\t\t\t\t\t\t\t<div class=\"elementor-icon\">\n\t\t\t\t\t\t\t\t\t\t\t<svg xmlns=\"http:\/\/www.w3.org\/2000\/svg\" viewBox=\"0 0 24 24\" width=\"24\" height=\"24\"><path fill=\"none\" d=\"M0 0h24v24H0z\"><\/path><path d=\"M18 2v1.362L12.809 9.55a6.501 6.501 0 1 1-7.116 8.028l1.94-.486A4.502 4.502 0 0 0 16.5 16a4.5 4.5 0 0 0-6.505-4.03l-.228.122-.69-1.207L14.855 4 6.5 4V2H18z\"><\/path><\/svg>\t\t\t\t\t\t\t\t\t\t<\/div>\n\t\t\t\t\t\t\t\t\t<\/a>\t\t\t\t\t\t\t\t\t\t\t\t\t\t\t\t<div class=\"box-content\">\n\t\t\t\t\t\t\t\t\t\t\t\t\t\t\t\t\t\t\t\t\t\t\t\t\t\t\t\t<div class=\"box-description\">Manuseamento total com raios de curvatura sem deforma\u00e7\u00e3o da sec\u00e7\u00e3o e sem perda de passagem do fluido<\/div>\n\t\t\t\t\t\t\t\t\t\t\t\t\t\t\t\t\t\t\t\t\t\t\t\t\t\t<\/div>\n\t\t\t\t\t\t\t<\/div>\n\t\t\t\t\t\t<\/div>\t\t\t\t\t<\/div>\n\t\t\t\t\t\t\t\t\t<div class=\"wf-cell shown\">\n\t\t\t\t\t\t<div class=\"the7-icon-box-grid\">\t\t\t\t\t\t\t<div class=\"box-content-wrapper\">\n\t\t\t\t\t\t\t\t\t\t\t\t\t\t\t\t\t<a class=\"elementor-icon-div\" aria-label=\"Item link\">\t\t\t\t\t\t\t\t\t\t<div class=\"elementor-icon\">\n\t\t\t\t\t\t\t\t\t\t\t<svg xmlns=\"http:\/\/www.w3.org\/2000\/svg\" viewBox=\"0 0 24 24\" width=\"24\" height=\"24\"><path fill=\"none\" d=\"M0 0h24v24H0z\"><\/path><path d=\"M16 1.5V16h3v2h-3v4h-2v-4H4v-1.102L14 1.5h2zM14 16V5.171L6.968 16H14z\"><\/path><\/svg>\t\t\t\t\t\t\t\t\t\t<\/div>\n\t\t\t\t\t\t\t\t\t<\/a>\t\t\t\t\t\t\t\t\t\t\t\t\t\t\t\t<div class=\"box-content\">\n\t\t\t\t\t\t\t\t\t\t\t\t\t\t\t\t\t\t\t\t\t\t\t\t\t\t\t\t<div class=\"box-description\">Leve e robusto<\/div>\n\t\t\t\t\t\t\t\t\t\t\t\t\t\t\t\t\t\t\t\t\t\t\t\t\t\t<\/div>\n\t\t\t\t\t\t\t<\/div>\n\t\t\t\t\t\t<\/div>\t\t\t\t\t<\/div>\n\t\t\t\t\t\t\t<\/div>\n\t\t<\/div>\t\t<\/div>\n\t\t\t\t<\/div>\n\t\t\t\t\t<\/div>\n\t\t<\/div>\n\t\t\t\t\t<\/div>\n\t\t<\/section>\n\t\t<div class=\"elementor-element elementor-element-fb68470 e-flex e-con-boxed e-con e-parent\" data-id=\"fb68470\" data-element_type=\"container\">\n\t\t\t\t\t<div class=\"e-con-inner\">\n\t\t\t\t<div class=\"elementor-element elementor-element-9dda05a elementor-widget elementor-widget-image\" data-id=\"9dda05a\" data-element_type=\"widget\" data-widget_type=\"image.default\">\n\t\t\t\t<div class=\"elementor-widget-container\">\n\t\t\t\t\t\t\t\t\t\t\t\t\t<img decoding=\"async\" src=\"https:\/\/az-broquetas.es\/wp-content\/uploads\/elementor\/thumbs\/INSTALACIONES_AZ-SANITARIO-01-qwc47oz6fodr8nwetjty43a9smsz1i3lwnokebsmkg.jpg\" title=\"INSTALACIONES_AZ SANITARIO-01\" alt=\"INSTALACIONES_AZ SANITARIO-01\" loading=\"lazy\" \/>\t\t\t\t\t\t\t\t\t\t\t\t\t<\/div>\n\t\t\t\t<\/div>\n\t\t\t\t<div class=\"elementor-element elementor-element-177e42c elementor-widget elementor-widget-text-editor\" data-id=\"177e42c\" data-element_type=\"widget\" data-widget_type=\"text-editor.default\">\n\t\t\t\t<div class=\"elementor-widget-container\">\n\t\t\t\t\t\t\t<h1>instala\u00e7\u00f5es sanit\u00e1rias aquecimento e canaliza\u00e7\u00e3o<\/h1>\t\t\t\t\t\t<\/div>\n\t\t\t\t<\/div>\n\t\t\t\t\t<\/div>\n\t\t\t\t<\/div>\n\t\t\t\t<\/div>\n\t\t","protected":false},"excerpt":{"rendered":"<p>O sistema CATS para canaliza\u00e7\u00f5es e aquecimento baseia-se em: Tubos corrugados CATS em a\u00e7o austen\u00edtico AISI 304 ou AISI 316L com uma espessura de 0,3 mm. A geometria particular do tubo, com um desenho ondulado estudado, torna os tubos resistentes \u00e0 press\u00e3o e \u00e0 deforma\u00e7\u00e3o, permite realizar qualquer dobragem &#8220;\u00e0 m\u00e3o&#8221;, com \u00e2ngulos at\u00e9 360\u00b0,&hellip;<\/p>\n","protected":false},"author":1,"featured_media":17764,"parent":0,"menu_order":0,"comment_status":"closed","ping_status":"closed","template":"","meta":{"footnotes":""},"class_list":["post-17761","page","type-page","status-publish","has-post-thumbnail","hentry"],"yoast_head":"<!-- This site is optimized with the Yoast SEO plugin v26.9 - https:\/\/yoast.com\/product\/yoast-seo-wordpress\/ -->\n<title>Instala\u00e7\u00f5es hidr\u00e1ulicas e de aquecimento | AZ Broquetas<\/title>\n<meta name=\"description\" content=\"Produto resistente \u00e0 press\u00e3o | F\u00e1cil dobragem e sem perda de fluxo de fluido | Acess\u00f3rios de lat\u00e3o fabricados pela AZ INTEC | Garantia e qualidade.\" \/>\n<meta name=\"robots\" content=\"index, follow, max-snippet:-1, max-image-preview:large, max-video-preview:-1\" \/>\n<link rel=\"canonical\" href=\"https:\/\/az-broquetas.es\/pt-pt\/instalacoes-sanitarias-hvac\" \/>\n<meta property=\"og:locale\" content=\"pt_PT\" \/>\n<meta property=\"og:type\" content=\"article\" \/>\n<meta property=\"og:title\" content=\"Instala\u00e7\u00f5es hidr\u00e1ulicas e de aquecimento | AZ Broquetas\" \/>\n<meta property=\"og:description\" content=\"Produto resistente \u00e0 press\u00e3o | F\u00e1cil dobragem e sem perda de fluxo de fluido | Acess\u00f3rios de lat\u00e3o fabricados pela AZ INTEC | Garantia e qualidade.\" \/>\n<meta property=\"og:url\" content=\"https:\/\/az-broquetas.es\/pt-pt\/instalacoes-sanitarias-hvac\" \/>\n<meta property=\"og:site_name\" content=\"AZ Broquetas\" \/>\n<meta property=\"article:modified_time\" content=\"2025-06-30T10:17:37+00:00\" \/>\n<meta property=\"og:image\" content=\"https:\/\/az-broquetas.es\/wp-content\/uploads\/2024\/06\/Instalaciones-sanitario-az-broquetas.jpg\" \/>\n\t<meta property=\"og:image:width\" content=\"700\" \/>\n\t<meta property=\"og:image:height\" content=\"500\" \/>\n\t<meta property=\"og:image:type\" content=\"image\/jpeg\" \/>\n<meta name=\"twitter:card\" content=\"summary_large_image\" \/>\n<meta name=\"twitter:label1\" content=\"Tempo estimado de leitura\" \/>\n\t<meta name=\"twitter:data1\" content=\"1 minuto\" \/>\n<script type=\"application\/ld+json\" class=\"yoast-schema-graph\">{\"@context\":\"https:\/\/schema.org\",\"@graph\":[{\"@type\":\"WebPage\",\"@id\":\"https:\/\/az-broquetas.es\/pt-pt\/instalacoes-sanitarias-hvac\",\"url\":\"https:\/\/az-broquetas.es\/pt-pt\/instalacoes-sanitarias-hvac\",\"name\":\"Instala\u00e7\u00f5es hidr\u00e1ulicas e de aquecimento | AZ Broquetas\",\"isPartOf\":{\"@id\":\"https:\/\/az-broquetas.es\/pt-pt#website\"},\"primaryImageOfPage\":{\"@id\":\"https:\/\/az-broquetas.es\/pt-pt\/instalacoes-sanitarias-hvac#primaryimage\"},\"image\":{\"@id\":\"https:\/\/az-broquetas.es\/pt-pt\/instalacoes-sanitarias-hvac#primaryimage\"},\"thumbnailUrl\":\"https:\/\/az-broquetas.es\/wp-content\/uploads\/2024\/06\/Instalaciones-sanitario-az-broquetas.jpg\",\"datePublished\":\"2025-06-30T10:17:35+00:00\",\"dateModified\":\"2025-06-30T10:17:37+00:00\",\"description\":\"Produto resistente \u00e0 press\u00e3o | F\u00e1cil dobragem e sem perda de fluxo de fluido | Acess\u00f3rios de lat\u00e3o fabricados pela AZ INTEC | Garantia e qualidade.\",\"breadcrumb\":{\"@id\":\"https:\/\/az-broquetas.es\/pt-pt\/instalacoes-sanitarias-hvac#breadcrumb\"},\"inLanguage\":\"pt-PT\",\"potentialAction\":[{\"@type\":\"ReadAction\",\"target\":[\"https:\/\/az-broquetas.es\/pt-pt\/instalacoes-sanitarias-hvac\"]}]},{\"@type\":\"ImageObject\",\"inLanguage\":\"pt-PT\",\"@id\":\"https:\/\/az-broquetas.es\/pt-pt\/instalacoes-sanitarias-hvac#primaryimage\",\"url\":\"https:\/\/az-broquetas.es\/wp-content\/uploads\/2024\/06\/Instalaciones-sanitario-az-broquetas.jpg\",\"contentUrl\":\"https:\/\/az-broquetas.es\/wp-content\/uploads\/2024\/06\/Instalaciones-sanitario-az-broquetas.jpg\",\"width\":700,\"height\":500,\"caption\":\"Instalaciones-sanitario-az-broquetas\"},{\"@type\":\"BreadcrumbList\",\"@id\":\"https:\/\/az-broquetas.es\/pt-pt\/instalacoes-sanitarias-hvac#breadcrumb\",\"itemListElement\":[{\"@type\":\"ListItem\",\"position\":1,\"name\":\"Portada\",\"item\":\"https:\/\/az-broquetas.es\/pt-pt\"},{\"@type\":\"ListItem\",\"position\":2,\"name\":\"Instala\u00e7\u00f5es Sanit\u00e1rias\/HVAC\"}]},{\"@type\":\"WebSite\",\"@id\":\"https:\/\/az-broquetas.es\/pt-pt#website\",\"url\":\"https:\/\/az-broquetas.es\/pt-pt\",\"name\":\"AZ Broquetas\",\"description\":\"Soluciones de conexi\u00f3n innovadoras\",\"publisher\":{\"@id\":\"https:\/\/az-broquetas.es\/pt-pt#organization\"},\"potentialAction\":[{\"@type\":\"SearchAction\",\"target\":{\"@type\":\"EntryPoint\",\"urlTemplate\":\"https:\/\/az-broquetas.es\/pt-pt?s={search_term_string}\"},\"query-input\":{\"@type\":\"PropertyValueSpecification\",\"valueRequired\":true,\"valueName\":\"search_term_string\"}}],\"inLanguage\":\"pt-PT\"},{\"@type\":\"Organization\",\"@id\":\"https:\/\/az-broquetas.es\/pt-pt#organization\",\"name\":\"AZ Broquetas\",\"url\":\"https:\/\/az-broquetas.es\/pt-pt\",\"logo\":{\"@type\":\"ImageObject\",\"inLanguage\":\"pt-PT\",\"@id\":\"https:\/\/az-broquetas.es\/pt-pt#\/schema\/logo\/image\/\",\"url\":\"https:\/\/az-broquetas.es\/wp-content\/uploads\/2024\/03\/Logo-AZ.png\",\"contentUrl\":\"https:\/\/az-broquetas.es\/wp-content\/uploads\/2024\/03\/Logo-AZ.png\",\"width\":350,\"height\":100,\"caption\":\"AZ Broquetas\"},\"image\":{\"@id\":\"https:\/\/az-broquetas.es\/pt-pt#\/schema\/logo\/image\/\"},\"sameAs\":[\"https:\/\/www.linkedin.com\/company\/az-broquetas-s-l\/\",\"https:\/\/www.youtube.com\/@azbroquetass.l7674\"]}]}<\/script>\n<!-- \/ Yoast SEO plugin. -->","yoast_head_json":{"title":"Instala\u00e7\u00f5es hidr\u00e1ulicas e de aquecimento | AZ Broquetas","description":"Produto resistente \u00e0 press\u00e3o | F\u00e1cil dobragem e sem perda de fluxo de fluido | Acess\u00f3rios de lat\u00e3o fabricados pela AZ INTEC | Garantia e qualidade.","robots":{"index":"index","follow":"follow","max-snippet":"max-snippet:-1","max-image-preview":"max-image-preview:large","max-video-preview":"max-video-preview:-1"},"canonical":"https:\/\/az-broquetas.es\/pt-pt\/instalacoes-sanitarias-hvac","og_locale":"pt_PT","og_type":"article","og_title":"Instala\u00e7\u00f5es hidr\u00e1ulicas e de aquecimento | AZ Broquetas","og_description":"Produto resistente \u00e0 press\u00e3o | F\u00e1cil dobragem e sem perda de fluxo de fluido | Acess\u00f3rios de lat\u00e3o fabricados pela AZ INTEC | Garantia e qualidade.","og_url":"https:\/\/az-broquetas.es\/pt-pt\/instalacoes-sanitarias-hvac","og_site_name":"AZ Broquetas","article_modified_time":"2025-06-30T10:17:37+00:00","og_image":[{"width":700,"height":500,"url":"https:\/\/az-broquetas.es\/wp-content\/uploads\/2024\/06\/Instalaciones-sanitario-az-broquetas.jpg","type":"image\/jpeg"}],"twitter_card":"summary_large_image","twitter_misc":{"Tempo estimado de leitura":"1 minuto"},"schema":{"@context":"https:\/\/schema.org","@graph":[{"@type":"WebPage","@id":"https:\/\/az-broquetas.es\/pt-pt\/instalacoes-sanitarias-hvac","url":"https:\/\/az-broquetas.es\/pt-pt\/instalacoes-sanitarias-hvac","name":"Instala\u00e7\u00f5es hidr\u00e1ulicas e de aquecimento | AZ Broquetas","isPartOf":{"@id":"https:\/\/az-broquetas.es\/pt-pt#website"},"primaryImageOfPage":{"@id":"https:\/\/az-broquetas.es\/pt-pt\/instalacoes-sanitarias-hvac#primaryimage"},"image":{"@id":"https:\/\/az-broquetas.es\/pt-pt\/instalacoes-sanitarias-hvac#primaryimage"},"thumbnailUrl":"https:\/\/az-broquetas.es\/wp-content\/uploads\/2024\/06\/Instalaciones-sanitario-az-broquetas.jpg","datePublished":"2025-06-30T10:17:35+00:00","dateModified":"2025-06-30T10:17:37+00:00","description":"Produto resistente \u00e0 press\u00e3o | F\u00e1cil dobragem e sem perda de fluxo de fluido | Acess\u00f3rios de lat\u00e3o fabricados pela AZ INTEC | Garantia e qualidade.","breadcrumb":{"@id":"https:\/\/az-broquetas.es\/pt-pt\/instalacoes-sanitarias-hvac#breadcrumb"},"inLanguage":"pt-PT","potentialAction":[{"@type":"ReadAction","target":["https:\/\/az-broquetas.es\/pt-pt\/instalacoes-sanitarias-hvac"]}]},{"@type":"ImageObject","inLanguage":"pt-PT","@id":"https:\/\/az-broquetas.es\/pt-pt\/instalacoes-sanitarias-hvac#primaryimage","url":"https:\/\/az-broquetas.es\/wp-content\/uploads\/2024\/06\/Instalaciones-sanitario-az-broquetas.jpg","contentUrl":"https:\/\/az-broquetas.es\/wp-content\/uploads\/2024\/06\/Instalaciones-sanitario-az-broquetas.jpg","width":700,"height":500,"caption":"Instalaciones-sanitario-az-broquetas"},{"@type":"BreadcrumbList","@id":"https:\/\/az-broquetas.es\/pt-pt\/instalacoes-sanitarias-hvac#breadcrumb","itemListElement":[{"@type":"ListItem","position":1,"name":"Portada","item":"https:\/\/az-broquetas.es\/pt-pt"},{"@type":"ListItem","position":2,"name":"Instala\u00e7\u00f5es Sanit\u00e1rias\/HVAC"}]},{"@type":"WebSite","@id":"https:\/\/az-broquetas.es\/pt-pt#website","url":"https:\/\/az-broquetas.es\/pt-pt","name":"AZ Broquetas","description":"Soluciones de conexi\u00f3n innovadoras","publisher":{"@id":"https:\/\/az-broquetas.es\/pt-pt#organization"},"potentialAction":[{"@type":"SearchAction","target":{"@type":"EntryPoint","urlTemplate":"https:\/\/az-broquetas.es\/pt-pt?s={search_term_string}"},"query-input":{"@type":"PropertyValueSpecification","valueRequired":true,"valueName":"search_term_string"}}],"inLanguage":"pt-PT"},{"@type":"Organization","@id":"https:\/\/az-broquetas.es\/pt-pt#organization","name":"AZ Broquetas","url":"https:\/\/az-broquetas.es\/pt-pt","logo":{"@type":"ImageObject","inLanguage":"pt-PT","@id":"https:\/\/az-broquetas.es\/pt-pt#\/schema\/logo\/image\/","url":"https:\/\/az-broquetas.es\/wp-content\/uploads\/2024\/03\/Logo-AZ.png","contentUrl":"https:\/\/az-broquetas.es\/wp-content\/uploads\/2024\/03\/Logo-AZ.png","width":350,"height":100,"caption":"AZ Broquetas"},"image":{"@id":"https:\/\/az-broquetas.es\/pt-pt#\/schema\/logo\/image\/"},"sameAs":["https:\/\/www.linkedin.com\/company\/az-broquetas-s-l\/","https:\/\/www.youtube.com\/@azbroquetass.l7674"]}]}},"_links":{"self":[{"href":"https:\/\/az-broquetas.es\/pt-pt\/wp-json\/wp\/v2\/pages\/17761","targetHints":{"allow":["GET"]}}],"collection":[{"href":"https:\/\/az-broquetas.es\/pt-pt\/wp-json\/wp\/v2\/pages"}],"about":[{"href":"https:\/\/az-broquetas.es\/pt-pt\/wp-json\/wp\/v2\/types\/page"}],"author":[{"embeddable":true,"href":"https:\/\/az-broquetas.es\/pt-pt\/wp-json\/wp\/v2\/users\/1"}],"replies":[{"embeddable":true,"href":"https:\/\/az-broquetas.es\/pt-pt\/wp-json\/wp\/v2\/comments?post=17761"}],"version-history":[{"count":1,"href":"https:\/\/az-broquetas.es\/pt-pt\/wp-json\/wp\/v2\/pages\/17761\/revisions"}],"predecessor-version":[{"id":17778,"href":"https:\/\/az-broquetas.es\/pt-pt\/wp-json\/wp\/v2\/pages\/17761\/revisions\/17778"}],"wp:featuredmedia":[{"embeddable":true,"href":"https:\/\/az-broquetas.es\/pt-pt\/wp-json\/wp\/v2\/media\/17764"}],"wp:attachment":[{"href":"https:\/\/az-broquetas.es\/pt-pt\/wp-json\/wp\/v2\/media?parent=17761"}],"curies":[{"name":"wp","href":"https:\/\/api.w.org\/{rel}","templated":true}]}}