{"id":17762,"date":"2025-06-30T10:17:36","date_gmt":"2025-06-30T10:17:36","guid":{"rendered":"https:\/\/az-broquetas.es\/instalacoes-em-casa"},"modified":"2025-06-30T10:17:37","modified_gmt":"2025-06-30T10:17:37","slug":"instalacoes-em-casa","status":"publish","type":"page","link":"https:\/\/az-broquetas.es\/pt-pt\/instalacoes-em-casa","title":{"rendered":"Instala\u00e7\u00f5es em casa"},"content":{"rendered":"\t\t<div data-elementor-type=\"wp-page\" data-elementor-id=\"17762\" class=\"elementor elementor-17762 elementor-14081\" data-elementor-post-type=\"page\">\n\t\t\t\t<div class=\"elementor-element elementor-element-6b76e4e e-flex e-con-boxed e-con e-parent\" data-id=\"6b76e4e\" data-element_type=\"container\">\n\t\t\t\t\t<div class=\"e-con-inner\">\n\t\t\t\t<div class=\"elementor-element elementor-element-4f6a039 elementor-widget elementor-widget-text-editor\" data-id=\"4f6a039\" data-element_type=\"widget\" data-widget_type=\"text-editor.default\">\n\t\t\t\t<div class=\"elementor-widget-container\">\n\t\t\t\t\t\t\t<p>Os produtos AZ BROQUETAS podem ser encontrados em quase todas as casas particulares.<\/p><p> <\/p><p>Os nossos produtos garantem um abastecimento seguro e eficiente, desde a tubagem de \u00e1gua pot\u00e1vel, \u00e0 tubagem de \u00e1gua quente e a todas as instala\u00e7\u00f5es de g\u00e1s. Fornecemos uma gama de produtos de qualidade comprovada, bem como solu\u00e7\u00f5es personalizadas com padr\u00f5es de qualidade certificados. <\/p>\t\t\t\t\t\t<\/div>\n\t\t\t\t<\/div>\n\t\t\t\t<div class=\"elementor-element elementor-element-57b0fdc elementor-widget elementor-widget-image\" data-id=\"57b0fdc\" data-element_type=\"widget\" data-widget_type=\"image.default\">\n\t\t\t\t<div class=\"elementor-widget-container\">\n\t\t\t\t\t\t\t\t\t\t\t\t\t<img decoding=\"async\" src=\"https:\/\/az-broquetas.es\/wp-content\/uploads\/elementor\/thumbs\/PRODUCTOS-AZ-EN-EL-HOGAR_ENG-01-qwc3gepu1t1485j7598t8h5l0zaelss3tly5w6916o.jpg\" title=\"PRODUCTOS AZ EN EL HOGAR_ENG-01\" alt=\"PRODUCTOS AZ EN EL HOGAR_ENG-01\" loading=\"lazy\" \/>\t\t\t\t\t\t\t\t\t\t\t\t\t<\/div>\n\t\t\t\t<\/div>\n\t\t\t\t<div class=\"elementor-element elementor-element-c446f79 elementor-widget elementor-widget-text-editor\" data-id=\"c446f79\" data-element_type=\"widget\" data-widget_type=\"text-editor.default\">\n\t\t\t\t<div class=\"elementor-widget-container\">\n\t\t\t\t\t\t\t<h1>instala\u00e7\u00f5es em casa<\/h1>\t\t\t\t\t\t<\/div>\n\t\t\t\t<\/div>\n\t\t\t\t\t<\/div>\n\t\t\t\t<\/div>\n\t\t\t\t<\/div>\n\t\t","protected":false},"excerpt":{"rendered":"<p>Os produtos AZ BROQUETAS podem ser encontrados em quase todas as casas particulares. Os nossos produtos garantem um abastecimento seguro e eficiente, desde a tubagem de \u00e1gua pot\u00e1vel, \u00e0 tubagem de \u00e1gua quente e a todas as instala\u00e7\u00f5es de g\u00e1s. Fornecemos uma gama de produtos de qualidade comprovada, bem como solu\u00e7\u00f5es personalizadas com padr\u00f5es de&hellip;<\/p>\n","protected":false},"author":1,"featured_media":17765,"parent":0,"menu_order":0,"comment_status":"closed","ping_status":"closed","template":"","meta":{"footnotes":""},"class_list":["post-17762","page","type-page","status-publish","has-post-thumbnail","hentry"],"yoast_head":"<!-- This site is optimized with the Yoast SEO plugin v26.9 - https:\/\/yoast.com\/product\/yoast-seo-wordpress\/ -->\n<title>Instala\u00e7\u00f5es dom\u00e9sticas | A tua empresa de confian\u00e7a AZ Broquetas<\/title>\n<meta name=\"description\" content=\"Garantimos um fornecimento seguro e eficiente | Produtos de qualidade e solu\u00e7\u00f5es personalizadas | Cumpre rigorosos padr\u00f5es de qualidade.\" \/>\n<meta name=\"robots\" content=\"index, follow, max-snippet:-1, max-image-preview:large, max-video-preview:-1\" \/>\n<link rel=\"canonical\" href=\"https:\/\/az-broquetas.es\/pt-pt\/instalacoes-em-casa\" \/>\n<meta property=\"og:locale\" content=\"pt_PT\" \/>\n<meta property=\"og:type\" content=\"article\" \/>\n<meta property=\"og:title\" content=\"Instala\u00e7\u00f5es dom\u00e9sticas | A tua empresa de confian\u00e7a AZ Broquetas\" \/>\n<meta property=\"og:description\" content=\"Garantimos um fornecimento seguro e eficiente | Produtos de qualidade e solu\u00e7\u00f5es personalizadas | Cumpre rigorosos padr\u00f5es de qualidade.\" \/>\n<meta property=\"og:url\" content=\"https:\/\/az-broquetas.es\/pt-pt\/instalacoes-em-casa\" \/>\n<meta property=\"og:site_name\" content=\"AZ Broquetas\" \/>\n<meta property=\"article:modified_time\" content=\"2025-06-30T10:17:37+00:00\" \/>\n<meta property=\"og:image\" content=\"https:\/\/az-broquetas.es\/wp-content\/uploads\/2024\/06\/instalacion-en-el-hogar-az-broquetas.jpg\" \/>\n\t<meta property=\"og:image:width\" content=\"700\" \/>\n\t<meta property=\"og:image:height\" content=\"500\" \/>\n\t<meta property=\"og:image:type\" content=\"image\/jpeg\" \/>\n<meta name=\"twitter:card\" content=\"summary_large_image\" \/>\n<script type=\"application\/ld+json\" class=\"yoast-schema-graph\">{\"@context\":\"https:\/\/schema.org\",\"@graph\":[{\"@type\":\"WebPage\",\"@id\":\"https:\/\/az-broquetas.es\/pt-pt\/instalacoes-em-casa\",\"url\":\"https:\/\/az-broquetas.es\/pt-pt\/instalacoes-em-casa\",\"name\":\"Instala\u00e7\u00f5es dom\u00e9sticas | A tua empresa de confian\u00e7a AZ Broquetas\",\"isPartOf\":{\"@id\":\"https:\/\/az-broquetas.es\/pt-pt#website\"},\"primaryImageOfPage\":{\"@id\":\"https:\/\/az-broquetas.es\/pt-pt\/instalacoes-em-casa#primaryimage\"},\"image\":{\"@id\":\"https:\/\/az-broquetas.es\/pt-pt\/instalacoes-em-casa#primaryimage\"},\"thumbnailUrl\":\"https:\/\/az-broquetas.es\/wp-content\/uploads\/2024\/06\/instalacion-en-el-hogar-az-broquetas.jpg\",\"datePublished\":\"2025-06-30T10:17:36+00:00\",\"dateModified\":\"2025-06-30T10:17:37+00:00\",\"description\":\"Garantimos um fornecimento seguro e eficiente | Produtos de qualidade e solu\u00e7\u00f5es personalizadas | Cumpre rigorosos padr\u00f5es de qualidade.\",\"breadcrumb\":{\"@id\":\"https:\/\/az-broquetas.es\/pt-pt\/instalacoes-em-casa#breadcrumb\"},\"inLanguage\":\"pt-PT\",\"potentialAction\":[{\"@type\":\"ReadAction\",\"target\":[\"https:\/\/az-broquetas.es\/pt-pt\/instalacoes-em-casa\"]}]},{\"@type\":\"ImageObject\",\"inLanguage\":\"pt-PT\",\"@id\":\"https:\/\/az-broquetas.es\/pt-pt\/instalacoes-em-casa#primaryimage\",\"url\":\"https:\/\/az-broquetas.es\/wp-content\/uploads\/2024\/06\/instalacion-en-el-hogar-az-broquetas.jpg\",\"contentUrl\":\"https:\/\/az-broquetas.es\/wp-content\/uploads\/2024\/06\/instalacion-en-el-hogar-az-broquetas.jpg\",\"width\":700,\"height\":500,\"caption\":\"instalacion-en-el-hogar-az-broquetas\"},{\"@type\":\"BreadcrumbList\",\"@id\":\"https:\/\/az-broquetas.es\/pt-pt\/instalacoes-em-casa#breadcrumb\",\"itemListElement\":[{\"@type\":\"ListItem\",\"position\":1,\"name\":\"Portada\",\"item\":\"https:\/\/az-broquetas.es\/pt-pt\"},{\"@type\":\"ListItem\",\"position\":2,\"name\":\"Instala\u00e7\u00f5es em casa\"}]},{\"@type\":\"WebSite\",\"@id\":\"https:\/\/az-broquetas.es\/pt-pt#website\",\"url\":\"https:\/\/az-broquetas.es\/pt-pt\",\"name\":\"AZ Broquetas\",\"description\":\"Soluciones de conexi\u00f3n innovadoras\",\"publisher\":{\"@id\":\"https:\/\/az-broquetas.es\/pt-pt#organization\"},\"potentialAction\":[{\"@type\":\"SearchAction\",\"target\":{\"@type\":\"EntryPoint\",\"urlTemplate\":\"https:\/\/az-broquetas.es\/pt-pt?s={search_term_string}\"},\"query-input\":{\"@type\":\"PropertyValueSpecification\",\"valueRequired\":true,\"valueName\":\"search_term_string\"}}],\"inLanguage\":\"pt-PT\"},{\"@type\":\"Organization\",\"@id\":\"https:\/\/az-broquetas.es\/pt-pt#organization\",\"name\":\"AZ Broquetas\",\"url\":\"https:\/\/az-broquetas.es\/pt-pt\",\"logo\":{\"@type\":\"ImageObject\",\"inLanguage\":\"pt-PT\",\"@id\":\"https:\/\/az-broquetas.es\/pt-pt#\/schema\/logo\/image\/\",\"url\":\"https:\/\/az-broquetas.es\/wp-content\/uploads\/2024\/03\/Logo-AZ.png\",\"contentUrl\":\"https:\/\/az-broquetas.es\/wp-content\/uploads\/2024\/03\/Logo-AZ.png\",\"width\":350,\"height\":100,\"caption\":\"AZ Broquetas\"},\"image\":{\"@id\":\"https:\/\/az-broquetas.es\/pt-pt#\/schema\/logo\/image\/\"},\"sameAs\":[\"https:\/\/www.linkedin.com\/company\/az-broquetas-s-l\/\",\"https:\/\/www.youtube.com\/@azbroquetass.l7674\"]}]}<\/script>\n<!-- \/ Yoast SEO plugin. -->","yoast_head_json":{"title":"Instala\u00e7\u00f5es dom\u00e9sticas | A tua empresa de confian\u00e7a AZ Broquetas","description":"Garantimos um fornecimento seguro e eficiente | Produtos de qualidade e solu\u00e7\u00f5es personalizadas | Cumpre rigorosos padr\u00f5es de qualidade.","robots":{"index":"index","follow":"follow","max-snippet":"max-snippet:-1","max-image-preview":"max-image-preview:large","max-video-preview":"max-video-preview:-1"},"canonical":"https:\/\/az-broquetas.es\/pt-pt\/instalacoes-em-casa","og_locale":"pt_PT","og_type":"article","og_title":"Instala\u00e7\u00f5es dom\u00e9sticas | A tua empresa de confian\u00e7a AZ Broquetas","og_description":"Garantimos um fornecimento seguro e eficiente | Produtos de qualidade e solu\u00e7\u00f5es personalizadas | Cumpre rigorosos padr\u00f5es de qualidade.","og_url":"https:\/\/az-broquetas.es\/pt-pt\/instalacoes-em-casa","og_site_name":"AZ Broquetas","article_modified_time":"2025-06-30T10:17:37+00:00","og_image":[{"width":700,"height":500,"url":"https:\/\/az-broquetas.es\/wp-content\/uploads\/2024\/06\/instalacion-en-el-hogar-az-broquetas.jpg","type":"image\/jpeg"}],"twitter_card":"summary_large_image","schema":{"@context":"https:\/\/schema.org","@graph":[{"@type":"WebPage","@id":"https:\/\/az-broquetas.es\/pt-pt\/instalacoes-em-casa","url":"https:\/\/az-broquetas.es\/pt-pt\/instalacoes-em-casa","name":"Instala\u00e7\u00f5es dom\u00e9sticas | A tua empresa de confian\u00e7a AZ Broquetas","isPartOf":{"@id":"https:\/\/az-broquetas.es\/pt-pt#website"},"primaryImageOfPage":{"@id":"https:\/\/az-broquetas.es\/pt-pt\/instalacoes-em-casa#primaryimage"},"image":{"@id":"https:\/\/az-broquetas.es\/pt-pt\/instalacoes-em-casa#primaryimage"},"thumbnailUrl":"https:\/\/az-broquetas.es\/wp-content\/uploads\/2024\/06\/instalacion-en-el-hogar-az-broquetas.jpg","datePublished":"2025-06-30T10:17:36+00:00","dateModified":"2025-06-30T10:17:37+00:00","description":"Garantimos um fornecimento seguro e eficiente | Produtos de qualidade e solu\u00e7\u00f5es personalizadas | Cumpre rigorosos padr\u00f5es de qualidade.","breadcrumb":{"@id":"https:\/\/az-broquetas.es\/pt-pt\/instalacoes-em-casa#breadcrumb"},"inLanguage":"pt-PT","potentialAction":[{"@type":"ReadAction","target":["https:\/\/az-broquetas.es\/pt-pt\/instalacoes-em-casa"]}]},{"@type":"ImageObject","inLanguage":"pt-PT","@id":"https:\/\/az-broquetas.es\/pt-pt\/instalacoes-em-casa#primaryimage","url":"https:\/\/az-broquetas.es\/wp-content\/uploads\/2024\/06\/instalacion-en-el-hogar-az-broquetas.jpg","contentUrl":"https:\/\/az-broquetas.es\/wp-content\/uploads\/2024\/06\/instalacion-en-el-hogar-az-broquetas.jpg","width":700,"height":500,"caption":"instalacion-en-el-hogar-az-broquetas"},{"@type":"BreadcrumbList","@id":"https:\/\/az-broquetas.es\/pt-pt\/instalacoes-em-casa#breadcrumb","itemListElement":[{"@type":"ListItem","position":1,"name":"Portada","item":"https:\/\/az-broquetas.es\/pt-pt"},{"@type":"ListItem","position":2,"name":"Instala\u00e7\u00f5es em casa"}]},{"@type":"WebSite","@id":"https:\/\/az-broquetas.es\/pt-pt#website","url":"https:\/\/az-broquetas.es\/pt-pt","name":"AZ Broquetas","description":"Soluciones de conexi\u00f3n innovadoras","publisher":{"@id":"https:\/\/az-broquetas.es\/pt-pt#organization"},"potentialAction":[{"@type":"SearchAction","target":{"@type":"EntryPoint","urlTemplate":"https:\/\/az-broquetas.es\/pt-pt?s={search_term_string}"},"query-input":{"@type":"PropertyValueSpecification","valueRequired":true,"valueName":"search_term_string"}}],"inLanguage":"pt-PT"},{"@type":"Organization","@id":"https:\/\/az-broquetas.es\/pt-pt#organization","name":"AZ Broquetas","url":"https:\/\/az-broquetas.es\/pt-pt","logo":{"@type":"ImageObject","inLanguage":"pt-PT","@id":"https:\/\/az-broquetas.es\/pt-pt#\/schema\/logo\/image\/","url":"https:\/\/az-broquetas.es\/wp-content\/uploads\/2024\/03\/Logo-AZ.png","contentUrl":"https:\/\/az-broquetas.es\/wp-content\/uploads\/2024\/03\/Logo-AZ.png","width":350,"height":100,"caption":"AZ Broquetas"},"image":{"@id":"https:\/\/az-broquetas.es\/pt-pt#\/schema\/logo\/image\/"},"sameAs":["https:\/\/www.linkedin.com\/company\/az-broquetas-s-l\/","https:\/\/www.youtube.com\/@azbroquetass.l7674"]}]}},"_links":{"self":[{"href":"https:\/\/az-broquetas.es\/pt-pt\/wp-json\/wp\/v2\/pages\/17762","targetHints":{"allow":["GET"]}}],"collection":[{"href":"https:\/\/az-broquetas.es\/pt-pt\/wp-json\/wp\/v2\/pages"}],"about":[{"href":"https:\/\/az-broquetas.es\/pt-pt\/wp-json\/wp\/v2\/types\/page"}],"author":[{"embeddable":true,"href":"https:\/\/az-broquetas.es\/pt-pt\/wp-json\/wp\/v2\/users\/1"}],"replies":[{"embeddable":true,"href":"https:\/\/az-broquetas.es\/pt-pt\/wp-json\/wp\/v2\/comments?post=17762"}],"version-history":[{"count":1,"href":"https:\/\/az-broquetas.es\/pt-pt\/wp-json\/wp\/v2\/pages\/17762\/revisions"}],"predecessor-version":[{"id":17774,"href":"https:\/\/az-broquetas.es\/pt-pt\/wp-json\/wp\/v2\/pages\/17762\/revisions\/17774"}],"wp:featuredmedia":[{"embeddable":true,"href":"https:\/\/az-broquetas.es\/pt-pt\/wp-json\/wp\/v2\/media\/17765"}],"wp:attachment":[{"href":"https:\/\/az-broquetas.es\/pt-pt\/wp-json\/wp\/v2\/media?parent=17762"}],"curies":[{"name":"wp","href":"https:\/\/api.w.org\/{rel}","templated":true}]}}