{"id":17775,"date":"2025-06-30T10:17:37","date_gmt":"2025-06-30T10:17:37","guid":{"rendered":"https:\/\/az-broquetas.es\/permutadores-de-calor"},"modified":"2025-06-30T10:17:39","modified_gmt":"2025-06-30T10:17:39","slug":"permutadores-de-calor","status":"publish","type":"page","link":"https:\/\/az-broquetas.es\/pt-pt\/permutadores-de-calor","title":{"rendered":"Permutadores de calor"},"content":{"rendered":"\t\t<div data-elementor-type=\"wp-page\" data-elementor-id=\"17775\" class=\"elementor elementor-17775 elementor-14276\" data-elementor-post-type=\"page\">\n\t\t\t\t\t\t<section class=\"elementor-section elementor-top-section elementor-element elementor-element-5bf49c2 elementor-section-boxed elementor-section-height-default elementor-section-height-default\" data-id=\"5bf49c2\" data-element_type=\"section\">\n\t\t\t\t\t\t<div class=\"elementor-container elementor-column-gap-wider\">\n\t\t\t\t\t<div class=\"elementor-column elementor-col-100 elementor-top-column elementor-element elementor-element-f69289f\" data-id=\"f69289f\" data-element_type=\"column\">\n\t\t\t<div class=\"elementor-widget-wrap elementor-element-populated\">\n\t\t\t\t\t\t<div class=\"elementor-element elementor-element-89017da elementor-widget elementor-widget-text-editor\" data-id=\"89017da\" data-element_type=\"widget\" data-widget_type=\"text-editor.default\">\n\t\t\t\t<div class=\"elementor-widget-container\">\n\t\t\t\t\t\t\t<p>Permutadores de calor feitos de tubos flex\u00edveis de a\u00e7o inoxid\u00e1vel. Os permutadores de calor AZ s\u00e3o utilizados em aplica\u00e7\u00f5es industriais e na gest\u00e3o de servi\u00e7os de edif\u00edcios (HVACR), por exemplo, tanques de armazenamento, sistemas de arrefecimento ou caldeiras de AQS. Cumprem os requisitos para aplica\u00e7\u00f5es em ciclos de \u00e1gua dom\u00e9sticos.  <\/p>\t\t\t\t\t\t<\/div>\n\t\t\t\t<\/div>\n\t\t\t\t<div class=\"elementor-element elementor-element-a7e44a8 elementor-widget elementor-widget-spacer\" data-id=\"a7e44a8\" data-element_type=\"widget\" data-widget_type=\"spacer.default\">\n\t\t\t\t<div class=\"elementor-widget-container\">\n\t\t\t\t\t<div class=\"elementor-spacer\">\n\t\t\t<div class=\"elementor-spacer-inner\"><\/div>\n\t\t<\/div>\n\t\t\t\t<\/div>\n\t\t\t\t<\/div>\n\t\t\t\t<div class=\"elementor-element elementor-element-5f3f894 elementor-widget elementor-widget-the7-accordion\" data-id=\"5f3f894\" data-element_type=\"widget\" data-widget_type=\"the7-accordion.default\">\n\t\t\t\t<div class=\"elementor-widget-container\">\n\t\t\t\t\t<div class=\"elementor-accordion the7-adv-accordion animate-on-loading\" data-accordion-type=\"accordion\" role=\"tablist\">\n\t\t\t\t\t\t\t<div class=\"elementor-accordion-item\">\n\t\t\t\t\t<h4 id=\"elementor-tab-title-9981\" class=\"elementor-tab-title the7-accordion-header active-default\" data-tab=\"1\" role=\"tab\" aria-controls=\"elementor-tab-content-9981\">\n\n\t\t\t\t\t\t\t\t\t\t\t\t\t<span class=\"elementor-accordion-icon elementor-accordion-icon-left\" aria-hidden=\"true\">\n\t\t\t\t\t\t\t\t\t\t\t\t\t\t\t<span class=\"elementor-accordion-icon-closed\"><svg class=\"e-font-icon-svg e-fas-caret-down\" viewBox=\"0 0 320 512\" xmlns=\"http:\/\/www.w3.org\/2000\/svg\"><path d=\"M31.3 192h257.3c17.8 0 26.7 21.5 14.1 34.1L174.1 354.8c-7.8 7.8-20.5 7.8-28.3 0L17.2 226.1C4.6 213.5 13.5 192 31.3 192z\"><\/path><\/svg><\/span>\n\t\t\t\t\t\t\t\t\t\t\t\t\t\t\t\t\t<span class=\"elementor-accordion-icon-opened\"><svg class=\"e-font-icon-svg e-fas-caret-up\" viewBox=\"0 0 320 512\" xmlns=\"http:\/\/www.w3.org\/2000\/svg\"><path d=\"M288.662 352H31.338c-17.818 0-26.741-21.543-14.142-34.142l128.662-128.662c7.81-7.81 20.474-7.81 28.284 0l128.662 128.662c12.6 12.599 3.676 34.142-14.142 34.142z\"><\/path><\/svg><\/span>\n\t\t\t\t\t\t\t\t\t\t\t\t\t\t\t\t\t\t\t\t\t\t<\/span>\n\t\t\t\t\t\t\t\t\t\t\t\t\t\t\t\t\t\t<a class=\"elementor-accordion-title\" href=\"\">Vantagens<\/a>\n\t\t\t\t\t<\/h4>\n\t\t\t\t\t<div id=\"elementor-tab-content-9981\" class=\"elementor-tab-content elementor-clearfix active-default\" data-tab=\"1\" role=\"tabpanel\" aria-labelledby=\"elementor-tab-title-9981\"><p>Os tubos corrugados e as mangueiras da nossa pr\u00f3pria produ\u00e7\u00e3o s\u00e3o utilizados para permutadores de calor. Com base na sua estrutura ondulada, o tubo consegue um fluxo turbulento mesmo a partir de velocidades de fluxo mais pequenas, transferindo assim um m\u00e1ximo de energia. <\/p>\n<\/div>\n\t\t\t\t<\/div>\n\t\t\t\t\t\t\t<div class=\"elementor-accordion-item\">\n\t\t\t\t\t<h4 id=\"elementor-tab-title-9982\" class=\"elementor-tab-title the7-accordion-header\" data-tab=\"2\" role=\"tab\" aria-controls=\"elementor-tab-content-9982\">\n\n\t\t\t\t\t\t\t\t\t\t\t\t\t<span class=\"elementor-accordion-icon elementor-accordion-icon-left\" aria-hidden=\"true\">\n\t\t\t\t\t\t\t\t\t\t\t\t\t\t\t<span class=\"elementor-accordion-icon-closed\"><svg class=\"e-font-icon-svg e-fas-caret-down\" viewBox=\"0 0 320 512\" xmlns=\"http:\/\/www.w3.org\/2000\/svg\"><path d=\"M31.3 192h257.3c17.8 0 26.7 21.5 14.1 34.1L174.1 354.8c-7.8 7.8-20.5 7.8-28.3 0L17.2 226.1C4.6 213.5 13.5 192 31.3 192z\"><\/path><\/svg><\/span>\n\t\t\t\t\t\t\t\t\t\t\t\t\t\t\t\t\t<span class=\"elementor-accordion-icon-opened\"><svg class=\"e-font-icon-svg e-fas-caret-up\" viewBox=\"0 0 320 512\" xmlns=\"http:\/\/www.w3.org\/2000\/svg\"><path d=\"M288.662 352H31.338c-17.818 0-26.741-21.543-14.142-34.142l128.662-128.662c7.81-7.81 20.474-7.81 28.284 0l128.662 128.662c12.6 12.599 3.676 34.142-14.142 34.142z\"><\/path><\/svg><\/span>\n\t\t\t\t\t\t\t\t\t\t\t\t\t\t\t\t\t\t\t\t\t\t<\/span>\n\t\t\t\t\t\t\t\t\t\t\t\t\t\t\t\t\t\t<a class=\"elementor-accordion-title\" href=\"\">Retorna<\/a>\n\t\t\t\t\t<\/h4>\n\t\t\t\t\t<div id=\"elementor-tab-content-9982\" class=\"elementor-tab-content elementor-clearfix\" data-tab=\"2\" role=\"tabpanel\" aria-labelledby=\"elementor-tab-title-9982\"><p>Com os nossos tubos ondulados \u00e9 poss\u00edvel construir termoacumuladores mais pequenos com a mesma efici\u00eancia ou, se o tamanho do tanque de armazenamento for reduzido, \u00e9 poss\u00edvel obter uma maior efici\u00eancia de produ\u00e7\u00e3o de calor. Se for utilizado um tubo corrugado AZ, a efici\u00eancia pode ser at\u00e9 50 % superior em compara\u00e7\u00e3o com um tubo plano convencional (dependendo do modo de utiliza\u00e7\u00e3o individual). <\/p>\n<\/div>\n\t\t\t\t<\/div>\n\t\t\t\t\t\t\t<div class=\"elementor-accordion-item\">\n\t\t\t\t\t<h4 id=\"elementor-tab-title-9983\" class=\"elementor-tab-title the7-accordion-header\" data-tab=\"3\" role=\"tab\" aria-controls=\"elementor-tab-content-9983\">\n\n\t\t\t\t\t\t\t\t\t\t\t\t\t<span class=\"elementor-accordion-icon elementor-accordion-icon-left\" aria-hidden=\"true\">\n\t\t\t\t\t\t\t\t\t\t\t\t\t\t\t<span class=\"elementor-accordion-icon-closed\"><svg class=\"e-font-icon-svg e-fas-caret-down\" viewBox=\"0 0 320 512\" xmlns=\"http:\/\/www.w3.org\/2000\/svg\"><path d=\"M31.3 192h257.3c17.8 0 26.7 21.5 14.1 34.1L174.1 354.8c-7.8 7.8-20.5 7.8-28.3 0L17.2 226.1C4.6 213.5 13.5 192 31.3 192z\"><\/path><\/svg><\/span>\n\t\t\t\t\t\t\t\t\t\t\t\t\t\t\t\t\t<span class=\"elementor-accordion-icon-opened\"><svg class=\"e-font-icon-svg e-fas-caret-up\" viewBox=\"0 0 320 512\" xmlns=\"http:\/\/www.w3.org\/2000\/svg\"><path d=\"M288.662 352H31.338c-17.818 0-26.741-21.543-14.142-34.142l128.662-128.662c7.81-7.81 20.474-7.81 28.284 0l128.662 128.662c12.6 12.599 3.676 34.142-14.142 34.142z\"><\/path><\/svg><\/span>\n\t\t\t\t\t\t\t\t\t\t\t\t\t\t\t\t\t\t\t\t\t\t<\/span>\n\t\t\t\t\t\t\t\t\t\t\t\t\t\t\t\t\t\t<a class=\"elementor-accordion-title\" href=\"\">Press\u00e3o de aplica\u00e7\u00e3o<\/a>\n\t\t\t\t\t<\/h4>\n\t\t\t\t\t<div id=\"elementor-tab-content-9983\" class=\"elementor-tab-content elementor-clearfix\" data-tab=\"3\" role=\"tabpanel\" aria-labelledby=\"elementor-tab-title-9983\"><p>A press\u00e3o de aplica\u00e7\u00e3o para a nossa geometria de tubo padr\u00e3o \u00e9 de at\u00e9 16 bar. A press\u00e3o <\/p>\n<p>A aplica\u00e7\u00e3o varia consoante a conce\u00e7\u00e3o do sistema de suporte, a espessura da parede, o tipo de material, a geometria, a temperatura de aplica\u00e7\u00e3o e o processo de recozimento. Estamos \u00e0 tua disposi\u00e7\u00e3o para encontrar ou desenvolver a solu\u00e7\u00e3o certa para a tua aplica\u00e7\u00e3o ou necessidades. <\/p>\n<\/div>\n\t\t\t\t<\/div>\n\t\t\t\t\t\t\t<div class=\"elementor-accordion-item\">\n\t\t\t\t\t<h4 id=\"elementor-tab-title-9984\" class=\"elementor-tab-title the7-accordion-header\" data-tab=\"4\" role=\"tab\" aria-controls=\"elementor-tab-content-9984\">\n\n\t\t\t\t\t\t\t\t\t\t\t\t\t<span class=\"elementor-accordion-icon elementor-accordion-icon-left\" aria-hidden=\"true\">\n\t\t\t\t\t\t\t\t\t\t\t\t\t\t\t<span class=\"elementor-accordion-icon-closed\"><svg class=\"e-font-icon-svg e-fas-caret-down\" viewBox=\"0 0 320 512\" xmlns=\"http:\/\/www.w3.org\/2000\/svg\"><path d=\"M31.3 192h257.3c17.8 0 26.7 21.5 14.1 34.1L174.1 354.8c-7.8 7.8-20.5 7.8-28.3 0L17.2 226.1C4.6 213.5 13.5 192 31.3 192z\"><\/path><\/svg><\/span>\n\t\t\t\t\t\t\t\t\t\t\t\t\t\t\t\t\t<span class=\"elementor-accordion-icon-opened\"><svg class=\"e-font-icon-svg e-fas-caret-up\" viewBox=\"0 0 320 512\" xmlns=\"http:\/\/www.w3.org\/2000\/svg\"><path d=\"M288.662 352H31.338c-17.818 0-26.741-21.543-14.142-34.142l128.662-128.662c7.81-7.81 20.474-7.81 28.284 0l128.662 128.662c12.6 12.599 3.676 34.142-14.142 34.142z\"><\/path><\/svg><\/span>\n\t\t\t\t\t\t\t\t\t\t\t\t\t\t\t\t\t\t\t\t\t\t<\/span>\n\t\t\t\t\t\t\t\t\t\t\t\t\t\t\t\t\t\t<a class=\"elementor-accordion-title\" href=\"\">Materiais especiais \/ Material sem n\u00edquel<\/a>\n\t\t\t\t\t<\/h4>\n\t\t\t\t\t<div id=\"elementor-tab-content-9984\" class=\"elementor-tab-content elementor-clearfix\" data-tab=\"4\" role=\"tabpanel\" aria-labelledby=\"elementor-tab-title-9984\"><p>Para al\u00e9m dos tubos corrugados 1.4404 (AISI 316L) e 1.4301 (AISI 304), tamb\u00e9m fabricamos tubos para as seguintes aplica\u00e7\u00f5es<\/p>\n<p>1.4571 (AISI 316Ti) e 1.4521 (AISI 444) corrugados.<\/p>\n<p>A variante de 1.4521 (AISI 444) \u00e9 particularmente adequada para todas as aplica\u00e7\u00f5es no sector.<\/p>\n<p>da \u00e1gua pot\u00e1vel. Como n\u00e3o cont\u00e9m n\u00edquel, evita a contamina\u00e7\u00e3o da \u00e1gua com n\u00edquel. <\/p>\n<p>\u00e1gua pot\u00e1vel. Esta \u00e9 uma vantagem para quem sofre de alergias. <\/p>\n<p>Os nossos tubos corrugados de 1.4521 (AISI 444) s\u00e3o certificados para utiliza\u00e7\u00e3o na \u00e1gua.<\/p>\n<p>bebe, claro.<\/p>\n<p>Outras variantes feitas de materiais adicionais est\u00e3o dispon\u00edveis mediante pedido.<\/p>\n<\/div>\n\t\t\t\t<\/div>\n\t\t\t\t\t<\/div>\n\t\t\t\t<\/div>\n\t\t\t\t<\/div>\n\t\t\t\t\t<\/div>\n\t\t<\/div>\n\t\t\t\t\t<\/div>\n\t\t<\/section>\n\t\t<div class=\"elementor-element elementor-element-4956dec e-flex e-con-boxed e-con e-parent\" data-id=\"4956dec\" data-element_type=\"container\">\n\t\t\t\t\t<div class=\"e-con-inner\">\n\t\t\t\t<div class=\"elementor-element elementor-element-cff5256 elementor-widget elementor-widget-gallery\" data-id=\"cff5256\" data-element_type=\"widget\" data-settings=\"{&quot;columns&quot;:2,&quot;gap&quot;:{&quot;unit&quot;:&quot;px&quot;,&quot;size&quot;:5,&quot;sizes&quot;:[]},&quot;aspect_ratio&quot;:&quot;4:3&quot;,&quot;lazyload&quot;:&quot;yes&quot;,&quot;gallery_layout&quot;:&quot;grid&quot;,&quot;columns_tablet&quot;:2,&quot;columns_mobile&quot;:1,&quot;gap_tablet&quot;:{&quot;unit&quot;:&quot;px&quot;,&quot;size&quot;:10,&quot;sizes&quot;:[]},&quot;gap_mobile&quot;:{&quot;unit&quot;:&quot;px&quot;,&quot;size&quot;:10,&quot;sizes&quot;:[]},&quot;link_to&quot;:&quot;file&quot;,&quot;overlay_background&quot;:&quot;yes&quot;,&quot;content_hover_animation&quot;:&quot;fade-in&quot;}\" data-widget_type=\"gallery.default\">\n\t\t\t\t<div class=\"elementor-widget-container\">\n\t\t\t\t\t<div class=\"elementor-gallery__container\">\n\t\t\t\t\t\t\t<a class=\"e-gallery-item elementor-gallery-item elementor-animated-content\" href=\"https:\/\/az-broquetas.es\/wp-content\/uploads\/2024\/06\/INTERCAMBIADOR-DE-CALOR_1.jpg\" data-elementor-open-lightbox=\"yes\" data-elementor-lightbox-slideshow=\"cff5256\" data-elementor-lightbox-title=\"INTERCAMBIADOR-DE-CALOR_1\" data-e-action-hash=\"#elementor-action%3Aaction%3Dlightbox%26settings%3DeyJpZCI6MTQyOTAsInVybCI6Imh0dHBzOlwvXC9hei1icm9xdWV0YXMuZXNcL3dwLWNvbnRlbnRcL3VwbG9hZHNcLzIwMjRcLzA2XC9JTlRFUkNBTUJJQURPUi1ERS1DQUxPUl8xLmpwZyIsInNsaWRlc2hvdyI6ImNmZjUyNTYifQ%3D%3D\">\n\t\t\t\t\t<div class=\"e-gallery-image elementor-gallery-item__image\" data-thumbnail=\"https:\/\/az-broquetas.es\/wp-content\/uploads\/2024\/06\/INTERCAMBIADOR-DE-CALOR_1.jpg\" data-width=\"1899\" data-height=\"1031\" aria-label=\"INTERCAMBIADOR-DE-CALOR_1\" role=\"img\" ><\/div>\n\t\t\t\t\t\t\t\t\t\t\t<div class=\"elementor-gallery-item__overlay\"><\/div>\n\t\t\t\t\t\t\t\t\t\t\t\t\t\t<\/a>\n\t\t\t\t\t\t\t<a class=\"e-gallery-item elementor-gallery-item elementor-animated-content\" href=\"https:\/\/az-broquetas.es\/wp-content\/uploads\/2024\/06\/INTERCAMBIADOR-DE-CALOR_2.jpg\" data-elementor-open-lightbox=\"yes\" data-elementor-lightbox-slideshow=\"cff5256\" data-elementor-lightbox-title=\"INTERCAMBIADOR DE CALOR_2\" data-e-action-hash=\"#elementor-action%3Aaction%3Dlightbox%26settings%3DeyJpZCI6MTQyODcsInVybCI6Imh0dHBzOlwvXC9hei1icm9xdWV0YXMuZXNcL3dwLWNvbnRlbnRcL3VwbG9hZHNcLzIwMjRcLzA2XC9JTlRFUkNBTUJJQURPUi1ERS1DQUxPUl8yLmpwZyIsInNsaWRlc2hvdyI6ImNmZjUyNTYifQ%3D%3D\">\n\t\t\t\t\t<div class=\"e-gallery-image elementor-gallery-item__image\" data-thumbnail=\"https:\/\/az-broquetas.es\/wp-content\/uploads\/2024\/06\/INTERCAMBIADOR-DE-CALOR_2.jpg\" data-width=\"1899\" data-height=\"1031\" aria-label=\"INTERCAMBIADOR DE CALOR_2\" role=\"img\" ><\/div>\n\t\t\t\t\t\t\t\t\t\t\t<div class=\"elementor-gallery-item__overlay\"><\/div>\n\t\t\t\t\t\t\t\t\t\t\t\t\t\t<\/a>\n\t\t\t\t\t\t\t<a class=\"e-gallery-item elementor-gallery-item elementor-animated-content\" href=\"https:\/\/az-broquetas.es\/wp-content\/uploads\/2024\/06\/INTERCAMBIADOR-DE-CALOR_3.jpg\" data-elementor-open-lightbox=\"yes\" data-elementor-lightbox-slideshow=\"cff5256\" data-elementor-lightbox-title=\"INTERCAMBIADOR DE CALOR_3\" data-e-action-hash=\"#elementor-action%3Aaction%3Dlightbox%26settings%3DeyJpZCI6MTQyODgsInVybCI6Imh0dHBzOlwvXC9hei1icm9xdWV0YXMuZXNcL3dwLWNvbnRlbnRcL3VwbG9hZHNcLzIwMjRcLzA2XC9JTlRFUkNBTUJJQURPUi1ERS1DQUxPUl8zLmpwZyIsInNsaWRlc2hvdyI6ImNmZjUyNTYifQ%3D%3D\">\n\t\t\t\t\t<div class=\"e-gallery-image elementor-gallery-item__image\" data-thumbnail=\"https:\/\/az-broquetas.es\/wp-content\/uploads\/2024\/06\/INTERCAMBIADOR-DE-CALOR_3.jpg\" data-width=\"1850\" data-height=\"1200\" aria-label=\"INTERCAMBIADOR DE CALOR_3\" role=\"img\" ><\/div>\n\t\t\t\t\t\t\t\t\t\t\t<div class=\"elementor-gallery-item__overlay\"><\/div>\n\t\t\t\t\t\t\t\t\t\t\t\t\t\t<\/a>\n\t\t\t\t\t\t\t<a class=\"e-gallery-item elementor-gallery-item elementor-animated-content\" href=\"https:\/\/az-broquetas.es\/wp-content\/uploads\/2024\/06\/INTERCAMBIADOR-DE-CALOR_5.jpg\" data-elementor-open-lightbox=\"yes\" data-elementor-lightbox-slideshow=\"cff5256\" data-elementor-lightbox-title=\"INTERCAMBIADOR DE CALOR_5\" data-e-action-hash=\"#elementor-action%3Aaction%3Dlightbox%26settings%3DeyJpZCI6MTQyODksInVybCI6Imh0dHBzOlwvXC9hei1icm9xdWV0YXMuZXNcL3dwLWNvbnRlbnRcL3VwbG9hZHNcLzIwMjRcLzA2XC9JTlRFUkNBTUJJQURPUi1ERS1DQUxPUl81LmpwZyIsInNsaWRlc2hvdyI6ImNmZjUyNTYifQ%3D%3D\">\n\t\t\t\t\t<div class=\"e-gallery-image elementor-gallery-item__image\" data-thumbnail=\"https:\/\/az-broquetas.es\/wp-content\/uploads\/2024\/06\/INTERCAMBIADOR-DE-CALOR_5.jpg\" data-width=\"1406\" data-height=\"1364\" aria-label=\"INTERCAMBIADOR DE CALOR_5\" role=\"img\" ><\/div>\n\t\t\t\t\t\t\t\t\t\t\t<div class=\"elementor-gallery-item__overlay\"><\/div>\n\t\t\t\t\t\t\t\t\t\t\t\t\t\t<\/a>\n\t\t\t\t\t<\/div>\n\t\t\t<\/div>\n\t\t\t\t<\/div>\n\t\t\t\t<div class=\"elementor-element elementor-element-b8bec3c elementor-widget elementor-widget-text-editor\" data-id=\"b8bec3c\" data-element_type=\"widget\" data-widget_type=\"text-editor.default\">\n\t\t\t\t<div class=\"elementor-widget-container\">\n\t\t\t\t\t\t\t<h1>permutador de calor<\/h1>\t\t\t\t\t\t<\/div>\n\t\t\t\t<\/div>\n\t\t\t\t\t<\/div>\n\t\t\t\t<\/div>\n\t\t\t\t<\/div>\n\t\t","protected":false},"excerpt":{"rendered":"<p>Permutadores de calor feitos de tubos flex\u00edveis de a\u00e7o inoxid\u00e1vel. Os permutadores de calor AZ s\u00e3o utilizados em aplica\u00e7\u00f5es industriais e na gest\u00e3o de servi\u00e7os de edif\u00edcios (HVACR), por exemplo, tanques de armazenamento, sistemas de arrefecimento ou caldeiras de AQS. Cumprem os requisitos para aplica\u00e7\u00f5es em ciclos de \u00e1gua dom\u00e9sticos. Vantagens Os tubos corrugados e&hellip;<\/p>\n","protected":false},"author":1,"featured_media":17779,"parent":0,"menu_order":0,"comment_status":"closed","ping_status":"closed","template":"","meta":{"footnotes":""},"class_list":["post-17775","page","type-page","status-publish","has-post-thumbnail","hentry"],"yoast_head":"<!-- This site is optimized with the Yoast SEO plugin v26.9 - https:\/\/yoast.com\/product\/yoast-seo-wordpress\/ -->\n<title>Permutador de calor : Aplica\u00e7\u00f5es industriais AZ Broquettes<\/title>\n<meta name=\"description\" content=\"Somos fabricantes de permutadores de calor | Fabricados com tubos flex\u00edveis de a\u00e7o inoxid\u00e1vel | Cumprem as normas em vigor.\" \/>\n<meta name=\"robots\" content=\"index, follow, max-snippet:-1, max-image-preview:large, max-video-preview:-1\" \/>\n<link rel=\"canonical\" href=\"https:\/\/az-broquetas.es\/pt-pt\/permutadores-de-calor\" \/>\n<meta property=\"og:locale\" content=\"pt_PT\" \/>\n<meta property=\"og:type\" content=\"article\" \/>\n<meta property=\"og:title\" content=\"Permutador de calor : Aplica\u00e7\u00f5es industriais AZ Broquettes\" \/>\n<meta property=\"og:description\" content=\"Somos fabricantes de permutadores de calor | Fabricados com tubos flex\u00edveis de a\u00e7o inoxid\u00e1vel | Cumprem as normas em vigor.\" \/>\n<meta property=\"og:url\" content=\"https:\/\/az-broquetas.es\/pt-pt\/permutadores-de-calor\" \/>\n<meta property=\"og:site_name\" content=\"AZ Broquetas\" \/>\n<meta property=\"article:modified_time\" content=\"2025-06-30T10:17:39+00:00\" \/>\n<meta property=\"og:image\" content=\"https:\/\/az-broquetas.es\/wp-content\/uploads\/2024\/06\/intercambiador-de-calor-az-broquetas.jpg\" \/>\n\t<meta property=\"og:image:width\" content=\"700\" \/>\n\t<meta property=\"og:image:height\" content=\"500\" \/>\n\t<meta property=\"og:image:type\" content=\"image\/jpeg\" \/>\n<meta name=\"twitter:card\" content=\"summary_large_image\" \/>\n<meta name=\"twitter:label1\" content=\"Tempo estimado de leitura\" \/>\n\t<meta name=\"twitter:data1\" content=\"2 minutos\" \/>\n<script type=\"application\/ld+json\" class=\"yoast-schema-graph\">{\"@context\":\"https:\/\/schema.org\",\"@graph\":[{\"@type\":\"WebPage\",\"@id\":\"https:\/\/az-broquetas.es\/pt-pt\/permutadores-de-calor\",\"url\":\"https:\/\/az-broquetas.es\/pt-pt\/permutadores-de-calor\",\"name\":\"Permutador de calor : Aplica\u00e7\u00f5es industriais AZ Broquettes\",\"isPartOf\":{\"@id\":\"https:\/\/az-broquetas.es\/pt-pt#website\"},\"primaryImageOfPage\":{\"@id\":\"https:\/\/az-broquetas.es\/pt-pt\/permutadores-de-calor#primaryimage\"},\"image\":{\"@id\":\"https:\/\/az-broquetas.es\/pt-pt\/permutadores-de-calor#primaryimage\"},\"thumbnailUrl\":\"https:\/\/az-broquetas.es\/wp-content\/uploads\/2024\/06\/intercambiador-de-calor-az-broquetas.jpg\",\"datePublished\":\"2025-06-30T10:17:37+00:00\",\"dateModified\":\"2025-06-30T10:17:39+00:00\",\"description\":\"Somos fabricantes de permutadores de calor | Fabricados com tubos flex\u00edveis de a\u00e7o inoxid\u00e1vel | Cumprem as normas em vigor.\",\"breadcrumb\":{\"@id\":\"https:\/\/az-broquetas.es\/pt-pt\/permutadores-de-calor#breadcrumb\"},\"inLanguage\":\"pt-PT\",\"potentialAction\":[{\"@type\":\"ReadAction\",\"target\":[\"https:\/\/az-broquetas.es\/pt-pt\/permutadores-de-calor\"]}]},{\"@type\":\"ImageObject\",\"inLanguage\":\"pt-PT\",\"@id\":\"https:\/\/az-broquetas.es\/pt-pt\/permutadores-de-calor#primaryimage\",\"url\":\"https:\/\/az-broquetas.es\/wp-content\/uploads\/2024\/06\/intercambiador-de-calor-az-broquetas.jpg\",\"contentUrl\":\"https:\/\/az-broquetas.es\/wp-content\/uploads\/2024\/06\/intercambiador-de-calor-az-broquetas.jpg\",\"width\":700,\"height\":500,\"caption\":\"intercambiador-de-calor-az-broquetas\"},{\"@type\":\"BreadcrumbList\",\"@id\":\"https:\/\/az-broquetas.es\/pt-pt\/permutadores-de-calor#breadcrumb\",\"itemListElement\":[{\"@type\":\"ListItem\",\"position\":1,\"name\":\"Portada\",\"item\":\"https:\/\/az-broquetas.es\/pt-pt\"},{\"@type\":\"ListItem\",\"position\":2,\"name\":\"Permutadores de calor\"}]},{\"@type\":\"WebSite\",\"@id\":\"https:\/\/az-broquetas.es\/pt-pt#website\",\"url\":\"https:\/\/az-broquetas.es\/pt-pt\",\"name\":\"AZ Broquetas\",\"description\":\"Soluciones de conexi\u00f3n innovadoras\",\"publisher\":{\"@id\":\"https:\/\/az-broquetas.es\/pt-pt#organization\"},\"potentialAction\":[{\"@type\":\"SearchAction\",\"target\":{\"@type\":\"EntryPoint\",\"urlTemplate\":\"https:\/\/az-broquetas.es\/pt-pt?s={search_term_string}\"},\"query-input\":{\"@type\":\"PropertyValueSpecification\",\"valueRequired\":true,\"valueName\":\"search_term_string\"}}],\"inLanguage\":\"pt-PT\"},{\"@type\":\"Organization\",\"@id\":\"https:\/\/az-broquetas.es\/pt-pt#organization\",\"name\":\"AZ Broquetas\",\"url\":\"https:\/\/az-broquetas.es\/pt-pt\",\"logo\":{\"@type\":\"ImageObject\",\"inLanguage\":\"pt-PT\",\"@id\":\"https:\/\/az-broquetas.es\/pt-pt#\/schema\/logo\/image\/\",\"url\":\"https:\/\/az-broquetas.es\/wp-content\/uploads\/2024\/03\/Logo-AZ.png\",\"contentUrl\":\"https:\/\/az-broquetas.es\/wp-content\/uploads\/2024\/03\/Logo-AZ.png\",\"width\":350,\"height\":100,\"caption\":\"AZ Broquetas\"},\"image\":{\"@id\":\"https:\/\/az-broquetas.es\/pt-pt#\/schema\/logo\/image\/\"},\"sameAs\":[\"https:\/\/www.linkedin.com\/company\/az-broquetas-s-l\/\",\"https:\/\/www.youtube.com\/@azbroquetass.l7674\"]}]}<\/script>\n<!-- \/ Yoast SEO plugin. -->","yoast_head_json":{"title":"Permutador de calor : Aplica\u00e7\u00f5es industriais AZ Broquettes","description":"Somos fabricantes de permutadores de calor | Fabricados com tubos flex\u00edveis de a\u00e7o inoxid\u00e1vel | Cumprem as normas em vigor.","robots":{"index":"index","follow":"follow","max-snippet":"max-snippet:-1","max-image-preview":"max-image-preview:large","max-video-preview":"max-video-preview:-1"},"canonical":"https:\/\/az-broquetas.es\/pt-pt\/permutadores-de-calor","og_locale":"pt_PT","og_type":"article","og_title":"Permutador de calor : Aplica\u00e7\u00f5es industriais AZ Broquettes","og_description":"Somos fabricantes de permutadores de calor | Fabricados com tubos flex\u00edveis de a\u00e7o inoxid\u00e1vel | Cumprem as normas em vigor.","og_url":"https:\/\/az-broquetas.es\/pt-pt\/permutadores-de-calor","og_site_name":"AZ Broquetas","article_modified_time":"2025-06-30T10:17:39+00:00","og_image":[{"width":700,"height":500,"url":"https:\/\/az-broquetas.es\/wp-content\/uploads\/2024\/06\/intercambiador-de-calor-az-broquetas.jpg","type":"image\/jpeg"}],"twitter_card":"summary_large_image","twitter_misc":{"Tempo estimado de leitura":"2 minutos"},"schema":{"@context":"https:\/\/schema.org","@graph":[{"@type":"WebPage","@id":"https:\/\/az-broquetas.es\/pt-pt\/permutadores-de-calor","url":"https:\/\/az-broquetas.es\/pt-pt\/permutadores-de-calor","name":"Permutador de calor : Aplica\u00e7\u00f5es industriais AZ Broquettes","isPartOf":{"@id":"https:\/\/az-broquetas.es\/pt-pt#website"},"primaryImageOfPage":{"@id":"https:\/\/az-broquetas.es\/pt-pt\/permutadores-de-calor#primaryimage"},"image":{"@id":"https:\/\/az-broquetas.es\/pt-pt\/permutadores-de-calor#primaryimage"},"thumbnailUrl":"https:\/\/az-broquetas.es\/wp-content\/uploads\/2024\/06\/intercambiador-de-calor-az-broquetas.jpg","datePublished":"2025-06-30T10:17:37+00:00","dateModified":"2025-06-30T10:17:39+00:00","description":"Somos fabricantes de permutadores de calor | Fabricados com tubos flex\u00edveis de a\u00e7o inoxid\u00e1vel | Cumprem as normas em vigor.","breadcrumb":{"@id":"https:\/\/az-broquetas.es\/pt-pt\/permutadores-de-calor#breadcrumb"},"inLanguage":"pt-PT","potentialAction":[{"@type":"ReadAction","target":["https:\/\/az-broquetas.es\/pt-pt\/permutadores-de-calor"]}]},{"@type":"ImageObject","inLanguage":"pt-PT","@id":"https:\/\/az-broquetas.es\/pt-pt\/permutadores-de-calor#primaryimage","url":"https:\/\/az-broquetas.es\/wp-content\/uploads\/2024\/06\/intercambiador-de-calor-az-broquetas.jpg","contentUrl":"https:\/\/az-broquetas.es\/wp-content\/uploads\/2024\/06\/intercambiador-de-calor-az-broquetas.jpg","width":700,"height":500,"caption":"intercambiador-de-calor-az-broquetas"},{"@type":"BreadcrumbList","@id":"https:\/\/az-broquetas.es\/pt-pt\/permutadores-de-calor#breadcrumb","itemListElement":[{"@type":"ListItem","position":1,"name":"Portada","item":"https:\/\/az-broquetas.es\/pt-pt"},{"@type":"ListItem","position":2,"name":"Permutadores de calor"}]},{"@type":"WebSite","@id":"https:\/\/az-broquetas.es\/pt-pt#website","url":"https:\/\/az-broquetas.es\/pt-pt","name":"AZ Broquetas","description":"Soluciones de conexi\u00f3n innovadoras","publisher":{"@id":"https:\/\/az-broquetas.es\/pt-pt#organization"},"potentialAction":[{"@type":"SearchAction","target":{"@type":"EntryPoint","urlTemplate":"https:\/\/az-broquetas.es\/pt-pt?s={search_term_string}"},"query-input":{"@type":"PropertyValueSpecification","valueRequired":true,"valueName":"search_term_string"}}],"inLanguage":"pt-PT"},{"@type":"Organization","@id":"https:\/\/az-broquetas.es\/pt-pt#organization","name":"AZ Broquetas","url":"https:\/\/az-broquetas.es\/pt-pt","logo":{"@type":"ImageObject","inLanguage":"pt-PT","@id":"https:\/\/az-broquetas.es\/pt-pt#\/schema\/logo\/image\/","url":"https:\/\/az-broquetas.es\/wp-content\/uploads\/2024\/03\/Logo-AZ.png","contentUrl":"https:\/\/az-broquetas.es\/wp-content\/uploads\/2024\/03\/Logo-AZ.png","width":350,"height":100,"caption":"AZ Broquetas"},"image":{"@id":"https:\/\/az-broquetas.es\/pt-pt#\/schema\/logo\/image\/"},"sameAs":["https:\/\/www.linkedin.com\/company\/az-broquetas-s-l\/","https:\/\/www.youtube.com\/@azbroquetass.l7674"]}]}},"_links":{"self":[{"href":"https:\/\/az-broquetas.es\/pt-pt\/wp-json\/wp\/v2\/pages\/17775","targetHints":{"allow":["GET"]}}],"collection":[{"href":"https:\/\/az-broquetas.es\/pt-pt\/wp-json\/wp\/v2\/pages"}],"about":[{"href":"https:\/\/az-broquetas.es\/pt-pt\/wp-json\/wp\/v2\/types\/page"}],"author":[{"embeddable":true,"href":"https:\/\/az-broquetas.es\/pt-pt\/wp-json\/wp\/v2\/users\/1"}],"replies":[{"embeddable":true,"href":"https:\/\/az-broquetas.es\/pt-pt\/wp-json\/wp\/v2\/comments?post=17775"}],"version-history":[{"count":1,"href":"https:\/\/az-broquetas.es\/pt-pt\/wp-json\/wp\/v2\/pages\/17775\/revisions"}],"predecessor-version":[{"id":17784,"href":"https:\/\/az-broquetas.es\/pt-pt\/wp-json\/wp\/v2\/pages\/17775\/revisions\/17784"}],"wp:featuredmedia":[{"embeddable":true,"href":"https:\/\/az-broquetas.es\/pt-pt\/wp-json\/wp\/v2\/media\/17779"}],"wp:attachment":[{"href":"https:\/\/az-broquetas.es\/pt-pt\/wp-json\/wp\/v2\/media?parent=17775"}],"curies":[{"name":"wp","href":"https:\/\/api.w.org\/{rel}","templated":true}]}}