{"id":17776,"date":"2025-06-30T10:17:38","date_gmt":"2025-06-30T10:17:38","guid":{"rendered":"https:\/\/az-broquetas.es\/instalacoes-energia-solar-termica"},"modified":"2025-06-30T10:17:39","modified_gmt":"2025-06-30T10:17:39","slug":"instalacoes-energia-solar-termica","status":"publish","type":"page","link":"https:\/\/az-broquetas.es\/pt-pt\/instalacoes-energia-solar-termica","title":{"rendered":"Instala\u00e7\u00f5es Energia solar t\u00e9rmica"},"content":{"rendered":"\t\t<div data-elementor-type=\"wp-page\" data-elementor-id=\"17776\" class=\"elementor elementor-17776 elementor-14137\" data-elementor-post-type=\"page\">\n\t\t\t\t<div class=\"elementor-element elementor-element-2625705 e-flex e-con-boxed e-con e-parent\" data-id=\"2625705\" data-element_type=\"container\">\n\t\t\t\t\t<div class=\"e-con-inner\">\n\t\t\t\t<div class=\"elementor-element elementor-element-ac69ac1 elementor-widget elementor-widget-text-editor\" data-id=\"ac69ac1\" data-element_type=\"widget\" data-widget_type=\"text-editor.default\">\n\t\t\t\t<div class=\"elementor-widget-container\">\n\t\t\t\t\t\t\t<p>Os sistemas solares t\u00e9rmicos utilizam a energia do sol para aquecer a \u00e1gua. Em casa, estes sistemas s\u00e3o utilizados para fornecer \u00e1gua quente para duches, lavagens e como alimenta\u00e7\u00e3o para sistemas de aquecimento. Os sistemas de aquecimento solar tamb\u00e9m podem ser utilizados para acionar turbinas a vapor.  <\/p><p> <\/p><p>O tubo de a\u00e7o corrugado AZ CATS para sistemas solares baseia-se em:<\/p><p> <\/p><p>Bobinas de tubo duplo corrugado de a\u00e7o inoxid\u00e1vel AISI 304 com 0,3 mm de espessura, pr\u00e9-isolado com..:<\/p><p> <\/p><p><strong>Revestimentos fibrosos PES que suportam a temperatura do meio transportado:<\/strong> -60 a +200\u00b0C (+220\u00b0C a curto prazo) e a temperatura ambiente: -60 a +80\u00b0C (+100\u00b0C a curto prazo).<\/p><p><strong>Condutividade t\u00e9rmica:<\/strong> \u03bb40 \u00b0C = 0,037 Wm-1K-1.<\/p><p><strong>Rea\u00e7\u00e3o ao fogo de acordo com a norma DIN 4102:<\/strong> classe B2.<\/p><p><strong>Espessura da parede:<\/strong> 20 mm para todos os di\u00e2metros.<\/p><p><strong>Resistente aos raios UV, adequado para utiliza\u00e7\u00e3o no exterior.<\/strong><\/p><p> <\/p><p>Para al\u00e9m do sistema de liga\u00e7\u00e3o de m\u00e1quinas CATS 120, est\u00e3o dispon\u00edveis dois sistemas de liga\u00e7\u00e3o de encaixes de lat\u00e3o para ligar sistemas CATS a outros sistemas: o sistema C-Klip, que \u00e9 um sistema de acoplamento r\u00e1pido, e o sistema O-ring com an\u00e9is de compress\u00e3o.<\/p><p> <\/p><p>Os elementos de veda\u00e7\u00e3o (veda\u00e7\u00f5es Kingerslin) s\u00e3o resistentes \u00e0s altas temperaturas e aos meios que caracterizam os sistemas solares t\u00e9rmicos.<\/p>\t\t\t\t\t\t<\/div>\n\t\t\t\t<\/div>\n\t\t\t\t\t<\/div>\n\t\t\t\t<\/div>\n\t\t<div class=\"elementor-element elementor-element-0702f72 e-flex e-con-boxed e-con e-parent\" data-id=\"0702f72\" data-element_type=\"container\">\n\t\t\t\t\t<div class=\"e-con-inner\">\n\t\t\t\t<div class=\"elementor-element elementor-element-2cd3de9 elementor-widget elementor-widget-image\" data-id=\"2cd3de9\" data-element_type=\"widget\" data-widget_type=\"image.default\">\n\t\t\t\t<div class=\"elementor-widget-container\">\n\t\t\t\t\t\t\t\t\t\t\t\t\t<img decoding=\"async\" src=\"https:\/\/az-broquetas.es\/wp-content\/uploads\/elementor\/thumbs\/INSTALACIONES_AZ-SOLAR-TERMICA-01-qwc3n0j02w2nthxrkm1f9b57bgq9p8072b00b6gfgg.jpg\" title=\"INSTALACIONES_AZ SOLAR TERMICA-01\" alt=\"INSTALACIONES_AZ SOLAR TERMICA-01\" loading=\"lazy\" \/>\t\t\t\t\t\t\t\t\t\t\t\t\t<\/div>\n\t\t\t\t<\/div>\n\t\t\t\t<div class=\"elementor-element elementor-element-c33214e elementor-widget elementor-widget-text-editor\" data-id=\"c33214e\" data-element_type=\"widget\" data-widget_type=\"text-editor.default\">\n\t\t\t\t<div class=\"elementor-widget-container\">\n\t\t\t\t\t\t\t<h1>energia solar t\u00e9rmica<\/h1>\t\t\t\t\t\t<\/div>\n\t\t\t\t<\/div>\n\t\t\t\t\t<\/div>\n\t\t\t\t<\/div>\n\t\t\t\t<\/div>\n\t\t","protected":false},"excerpt":{"rendered":"<p>Os sistemas solares t\u00e9rmicos utilizam a energia do sol para aquecer a \u00e1gua. Em casa, estes sistemas s\u00e3o utilizados para fornecer \u00e1gua quente para duches, lavagens e como alimenta\u00e7\u00e3o para sistemas de aquecimento. Os sistemas de aquecimento solar tamb\u00e9m podem ser utilizados para acionar turbinas a vapor. O tubo de a\u00e7o corrugado AZ CATS para&hellip;<\/p>\n","protected":false},"author":1,"featured_media":17781,"parent":0,"menu_order":0,"comment_status":"closed","ping_status":"closed","template":"","meta":{"footnotes":""},"class_list":["post-17776","page","type-page","status-publish","has-post-thumbnail","hentry"],"yoast_head":"<!-- This site is optimized with the Yoast SEO plugin v26.9 - https:\/\/yoast.com\/product\/yoast-seo-wordpress\/ -->\n<title>Energia solar t\u00e9rmica | A tua empresa de confian\u00e7a AZ Broquetas<\/title>\n<meta name=\"description\" content=\"Tubos ondulados de a\u00e7o inoxid\u00e1vel | Resistentes a altas temperaturas e aos raios UV | Adequados para utiliza\u00e7\u00e3o no exterior Pergunta aos nossos especialistas!\" \/>\n<meta name=\"robots\" content=\"index, follow, max-snippet:-1, max-image-preview:large, max-video-preview:-1\" \/>\n<link rel=\"canonical\" href=\"https:\/\/az-broquetas.es\/pt-pt\/instalacoes-energia-solar-termica\" \/>\n<meta property=\"og:locale\" content=\"pt_PT\" \/>\n<meta property=\"og:type\" content=\"article\" \/>\n<meta property=\"og:title\" content=\"Energia solar t\u00e9rmica | A tua empresa de confian\u00e7a AZ Broquetas\" \/>\n<meta property=\"og:description\" content=\"Tubos ondulados de a\u00e7o inoxid\u00e1vel | Resistentes a altas temperaturas e aos raios UV | Adequados para utiliza\u00e7\u00e3o no exterior Pergunta aos nossos especialistas!\" \/>\n<meta property=\"og:url\" content=\"https:\/\/az-broquetas.es\/pt-pt\/instalacoes-energia-solar-termica\" \/>\n<meta property=\"og:site_name\" content=\"AZ Broquetas\" \/>\n<meta property=\"article:modified_time\" content=\"2025-06-30T10:17:39+00:00\" \/>\n<meta property=\"og:image\" content=\"https:\/\/az-broquetas.es\/wp-content\/uploads\/2024\/06\/Instalaciones-energia-solar-termica-az-broquetas.jpg\" \/>\n\t<meta property=\"og:image:width\" content=\"700\" \/>\n\t<meta property=\"og:image:height\" content=\"500\" \/>\n\t<meta property=\"og:image:type\" content=\"image\/jpeg\" \/>\n<meta name=\"twitter:card\" content=\"summary_large_image\" \/>\n<meta name=\"twitter:label1\" content=\"Tempo estimado de leitura\" \/>\n\t<meta name=\"twitter:data1\" content=\"1 minuto\" \/>\n<script type=\"application\/ld+json\" class=\"yoast-schema-graph\">{\"@context\":\"https:\/\/schema.org\",\"@graph\":[{\"@type\":\"WebPage\",\"@id\":\"https:\/\/az-broquetas.es\/pt-pt\/instalacoes-energia-solar-termica\",\"url\":\"https:\/\/az-broquetas.es\/pt-pt\/instalacoes-energia-solar-termica\",\"name\":\"Energia solar t\u00e9rmica | A tua empresa de confian\u00e7a AZ Broquetas\",\"isPartOf\":{\"@id\":\"https:\/\/az-broquetas.es\/pt-pt#website\"},\"primaryImageOfPage\":{\"@id\":\"https:\/\/az-broquetas.es\/pt-pt\/instalacoes-energia-solar-termica#primaryimage\"},\"image\":{\"@id\":\"https:\/\/az-broquetas.es\/pt-pt\/instalacoes-energia-solar-termica#primaryimage\"},\"thumbnailUrl\":\"https:\/\/az-broquetas.es\/wp-content\/uploads\/2024\/06\/Instalaciones-energia-solar-termica-az-broquetas.jpg\",\"datePublished\":\"2025-06-30T10:17:38+00:00\",\"dateModified\":\"2025-06-30T10:17:39+00:00\",\"description\":\"Tubos ondulados de a\u00e7o inoxid\u00e1vel | Resistentes a altas temperaturas e aos raios UV | Adequados para utiliza\u00e7\u00e3o no exterior Pergunta aos nossos especialistas!\",\"breadcrumb\":{\"@id\":\"https:\/\/az-broquetas.es\/pt-pt\/instalacoes-energia-solar-termica#breadcrumb\"},\"inLanguage\":\"pt-PT\",\"potentialAction\":[{\"@type\":\"ReadAction\",\"target\":[\"https:\/\/az-broquetas.es\/pt-pt\/instalacoes-energia-solar-termica\"]}]},{\"@type\":\"ImageObject\",\"inLanguage\":\"pt-PT\",\"@id\":\"https:\/\/az-broquetas.es\/pt-pt\/instalacoes-energia-solar-termica#primaryimage\",\"url\":\"https:\/\/az-broquetas.es\/wp-content\/uploads\/2024\/06\/Instalaciones-energia-solar-termica-az-broquetas.jpg\",\"contentUrl\":\"https:\/\/az-broquetas.es\/wp-content\/uploads\/2024\/06\/Instalaciones-energia-solar-termica-az-broquetas.jpg\",\"width\":700,\"height\":500,\"caption\":\"Instalaciones-energia-solar-termica-az-broquetas\"},{\"@type\":\"BreadcrumbList\",\"@id\":\"https:\/\/az-broquetas.es\/pt-pt\/instalacoes-energia-solar-termica#breadcrumb\",\"itemListElement\":[{\"@type\":\"ListItem\",\"position\":1,\"name\":\"Portada\",\"item\":\"https:\/\/az-broquetas.es\/pt-pt\"},{\"@type\":\"ListItem\",\"position\":2,\"name\":\"Instala\u00e7\u00f5es Energia solar t\u00e9rmica\"}]},{\"@type\":\"WebSite\",\"@id\":\"https:\/\/az-broquetas.es\/pt-pt#website\",\"url\":\"https:\/\/az-broquetas.es\/pt-pt\",\"name\":\"AZ Broquetas\",\"description\":\"Soluciones de conexi\u00f3n innovadoras\",\"publisher\":{\"@id\":\"https:\/\/az-broquetas.es\/pt-pt#organization\"},\"potentialAction\":[{\"@type\":\"SearchAction\",\"target\":{\"@type\":\"EntryPoint\",\"urlTemplate\":\"https:\/\/az-broquetas.es\/pt-pt?s={search_term_string}\"},\"query-input\":{\"@type\":\"PropertyValueSpecification\",\"valueRequired\":true,\"valueName\":\"search_term_string\"}}],\"inLanguage\":\"pt-PT\"},{\"@type\":\"Organization\",\"@id\":\"https:\/\/az-broquetas.es\/pt-pt#organization\",\"name\":\"AZ Broquetas\",\"url\":\"https:\/\/az-broquetas.es\/pt-pt\",\"logo\":{\"@type\":\"ImageObject\",\"inLanguage\":\"pt-PT\",\"@id\":\"https:\/\/az-broquetas.es\/pt-pt#\/schema\/logo\/image\/\",\"url\":\"https:\/\/az-broquetas.es\/wp-content\/uploads\/2024\/03\/Logo-AZ.png\",\"contentUrl\":\"https:\/\/az-broquetas.es\/wp-content\/uploads\/2024\/03\/Logo-AZ.png\",\"width\":350,\"height\":100,\"caption\":\"AZ Broquetas\"},\"image\":{\"@id\":\"https:\/\/az-broquetas.es\/pt-pt#\/schema\/logo\/image\/\"},\"sameAs\":[\"https:\/\/www.linkedin.com\/company\/az-broquetas-s-l\/\",\"https:\/\/www.youtube.com\/@azbroquetass.l7674\"]}]}<\/script>\n<!-- \/ Yoast SEO plugin. -->","yoast_head_json":{"title":"Energia solar t\u00e9rmica | A tua empresa de confian\u00e7a AZ Broquetas","description":"Tubos ondulados de a\u00e7o inoxid\u00e1vel | Resistentes a altas temperaturas e aos raios UV | Adequados para utiliza\u00e7\u00e3o no exterior Pergunta aos nossos especialistas!","robots":{"index":"index","follow":"follow","max-snippet":"max-snippet:-1","max-image-preview":"max-image-preview:large","max-video-preview":"max-video-preview:-1"},"canonical":"https:\/\/az-broquetas.es\/pt-pt\/instalacoes-energia-solar-termica","og_locale":"pt_PT","og_type":"article","og_title":"Energia solar t\u00e9rmica | A tua empresa de confian\u00e7a AZ Broquetas","og_description":"Tubos ondulados de a\u00e7o inoxid\u00e1vel | Resistentes a altas temperaturas e aos raios UV | Adequados para utiliza\u00e7\u00e3o no exterior Pergunta aos nossos especialistas!","og_url":"https:\/\/az-broquetas.es\/pt-pt\/instalacoes-energia-solar-termica","og_site_name":"AZ Broquetas","article_modified_time":"2025-06-30T10:17:39+00:00","og_image":[{"width":700,"height":500,"url":"https:\/\/az-broquetas.es\/wp-content\/uploads\/2024\/06\/Instalaciones-energia-solar-termica-az-broquetas.jpg","type":"image\/jpeg"}],"twitter_card":"summary_large_image","twitter_misc":{"Tempo estimado de leitura":"1 minuto"},"schema":{"@context":"https:\/\/schema.org","@graph":[{"@type":"WebPage","@id":"https:\/\/az-broquetas.es\/pt-pt\/instalacoes-energia-solar-termica","url":"https:\/\/az-broquetas.es\/pt-pt\/instalacoes-energia-solar-termica","name":"Energia solar t\u00e9rmica | A tua empresa de confian\u00e7a AZ Broquetas","isPartOf":{"@id":"https:\/\/az-broquetas.es\/pt-pt#website"},"primaryImageOfPage":{"@id":"https:\/\/az-broquetas.es\/pt-pt\/instalacoes-energia-solar-termica#primaryimage"},"image":{"@id":"https:\/\/az-broquetas.es\/pt-pt\/instalacoes-energia-solar-termica#primaryimage"},"thumbnailUrl":"https:\/\/az-broquetas.es\/wp-content\/uploads\/2024\/06\/Instalaciones-energia-solar-termica-az-broquetas.jpg","datePublished":"2025-06-30T10:17:38+00:00","dateModified":"2025-06-30T10:17:39+00:00","description":"Tubos ondulados de a\u00e7o inoxid\u00e1vel | Resistentes a altas temperaturas e aos raios UV | Adequados para utiliza\u00e7\u00e3o no exterior Pergunta aos nossos especialistas!","breadcrumb":{"@id":"https:\/\/az-broquetas.es\/pt-pt\/instalacoes-energia-solar-termica#breadcrumb"},"inLanguage":"pt-PT","potentialAction":[{"@type":"ReadAction","target":["https:\/\/az-broquetas.es\/pt-pt\/instalacoes-energia-solar-termica"]}]},{"@type":"ImageObject","inLanguage":"pt-PT","@id":"https:\/\/az-broquetas.es\/pt-pt\/instalacoes-energia-solar-termica#primaryimage","url":"https:\/\/az-broquetas.es\/wp-content\/uploads\/2024\/06\/Instalaciones-energia-solar-termica-az-broquetas.jpg","contentUrl":"https:\/\/az-broquetas.es\/wp-content\/uploads\/2024\/06\/Instalaciones-energia-solar-termica-az-broquetas.jpg","width":700,"height":500,"caption":"Instalaciones-energia-solar-termica-az-broquetas"},{"@type":"BreadcrumbList","@id":"https:\/\/az-broquetas.es\/pt-pt\/instalacoes-energia-solar-termica#breadcrumb","itemListElement":[{"@type":"ListItem","position":1,"name":"Portada","item":"https:\/\/az-broquetas.es\/pt-pt"},{"@type":"ListItem","position":2,"name":"Instala\u00e7\u00f5es Energia solar t\u00e9rmica"}]},{"@type":"WebSite","@id":"https:\/\/az-broquetas.es\/pt-pt#website","url":"https:\/\/az-broquetas.es\/pt-pt","name":"AZ Broquetas","description":"Soluciones de conexi\u00f3n innovadoras","publisher":{"@id":"https:\/\/az-broquetas.es\/pt-pt#organization"},"potentialAction":[{"@type":"SearchAction","target":{"@type":"EntryPoint","urlTemplate":"https:\/\/az-broquetas.es\/pt-pt?s={search_term_string}"},"query-input":{"@type":"PropertyValueSpecification","valueRequired":true,"valueName":"search_term_string"}}],"inLanguage":"pt-PT"},{"@type":"Organization","@id":"https:\/\/az-broquetas.es\/pt-pt#organization","name":"AZ Broquetas","url":"https:\/\/az-broquetas.es\/pt-pt","logo":{"@type":"ImageObject","inLanguage":"pt-PT","@id":"https:\/\/az-broquetas.es\/pt-pt#\/schema\/logo\/image\/","url":"https:\/\/az-broquetas.es\/wp-content\/uploads\/2024\/03\/Logo-AZ.png","contentUrl":"https:\/\/az-broquetas.es\/wp-content\/uploads\/2024\/03\/Logo-AZ.png","width":350,"height":100,"caption":"AZ Broquetas"},"image":{"@id":"https:\/\/az-broquetas.es\/pt-pt#\/schema\/logo\/image\/"},"sameAs":["https:\/\/www.linkedin.com\/company\/az-broquetas-s-l\/","https:\/\/www.youtube.com\/@azbroquetass.l7674"]}]}},"_links":{"self":[{"href":"https:\/\/az-broquetas.es\/pt-pt\/wp-json\/wp\/v2\/pages\/17776","targetHints":{"allow":["GET"]}}],"collection":[{"href":"https:\/\/az-broquetas.es\/pt-pt\/wp-json\/wp\/v2\/pages"}],"about":[{"href":"https:\/\/az-broquetas.es\/pt-pt\/wp-json\/wp\/v2\/types\/page"}],"author":[{"embeddable":true,"href":"https:\/\/az-broquetas.es\/pt-pt\/wp-json\/wp\/v2\/users\/1"}],"replies":[{"embeddable":true,"href":"https:\/\/az-broquetas.es\/pt-pt\/wp-json\/wp\/v2\/comments?post=17776"}],"version-history":[{"count":1,"href":"https:\/\/az-broquetas.es\/pt-pt\/wp-json\/wp\/v2\/pages\/17776\/revisions"}],"predecessor-version":[{"id":17783,"href":"https:\/\/az-broquetas.es\/pt-pt\/wp-json\/wp\/v2\/pages\/17776\/revisions\/17783"}],"wp:featuredmedia":[{"embeddable":true,"href":"https:\/\/az-broquetas.es\/pt-pt\/wp-json\/wp\/v2\/media\/17781"}],"wp:attachment":[{"href":"https:\/\/az-broquetas.es\/pt-pt\/wp-json\/wp\/v2\/media?parent=17776"}],"curies":[{"name":"wp","href":"https:\/\/api.w.org\/{rel}","templated":true}]}}