{"id":17785,"date":"2025-06-30T10:17:40","date_gmt":"2025-06-30T10:17:40","guid":{"rendered":"https:\/\/az-broquetas.es\/instalacoes-aerotermicas"},"modified":"2025-06-30T10:17:42","modified_gmt":"2025-06-30T10:17:42","slug":"instalacoes-aerotermicas","status":"publish","type":"page","link":"https:\/\/az-broquetas.es\/pt-pt\/instalacoes-aerotermicas","title":{"rendered":"Instala\u00e7\u00f5es aerot\u00e9rmicas"},"content":{"rendered":"\t\t<div data-elementor-type=\"wp-page\" data-elementor-id=\"17785\" class=\"elementor elementor-17785 elementor-14109\" data-elementor-post-type=\"page\">\n\t\t\t\t\t\t<section class=\"elementor-section elementor-top-section elementor-element elementor-element-5bf49c2 elementor-section-boxed elementor-section-height-default elementor-section-height-default\" data-id=\"5bf49c2\" data-element_type=\"section\">\n\t\t\t\t\t\t<div class=\"elementor-container elementor-column-gap-wider\">\n\t\t\t\t\t<div class=\"elementor-column elementor-col-100 elementor-top-column elementor-element elementor-element-f69289f\" data-id=\"f69289f\" data-element_type=\"column\">\n\t\t\t<div class=\"elementor-widget-wrap elementor-element-populated\">\n\t\t\t\t\t\t<div class=\"elementor-element elementor-element-15103b7 elementor-widget elementor-widget-heading\" data-id=\"15103b7\" data-element_type=\"widget\" data-widget_type=\"heading.default\">\n\t\t\t\t<div class=\"elementor-widget-container\">\n\t\t\t<h4 class=\"elementor-heading-title elementor-size-default\">A utiliza\u00e7\u00e3o de tubos de a\u00e7o corrugado 316L em sistemas aerot\u00e9rmicos monobloco tem v\u00e1rias vantagens significativas:<\/h4>\t\t<\/div>\n\t\t\t\t<\/div>\n\t\t\t\t<div class=\"elementor-element elementor-element-a7e44a8 elementor-widget elementor-widget-spacer\" data-id=\"a7e44a8\" data-element_type=\"widget\" data-widget_type=\"spacer.default\">\n\t\t\t\t<div class=\"elementor-widget-container\">\n\t\t\t\t\t<div class=\"elementor-spacer\">\n\t\t\t<div class=\"elementor-spacer-inner\"><\/div>\n\t\t<\/div>\n\t\t\t\t<\/div>\n\t\t\t\t<\/div>\n\t\t\t\t<div class=\"elementor-element elementor-element-c6d0bae icon-vertical-align-center icon-position-mobile-top icon-vertical-align-mobile-start content-align-left icon-box-vertical-align-top icon-position-left elementor-widget elementor-widget-the7_icon_box_grid_widget\" data-id=\"c6d0bae\" data-element_type=\"widget\" data-widget_type=\"the7_icon_box_grid_widget.default\">\n\t\t\t\t<div class=\"elementor-widget-container\">\n\t\t\t<div class=\"the7-box-grid-wrapper the7-elementor-widget loading-effect-none the7_icon_box_grid_widget-c6d0bae\">\t\t\t<div class=\"dt-css-grid\">\n\t\t\t\t\t\t\t\t\t<div class=\"wf-cell shown\">\n\t\t\t\t\t\t<div class=\"the7-icon-box-grid\">\t\t\t\t\t\t\t<div class=\"box-content-wrapper\">\n\t\t\t\t\t\t\t\t\t\t\t\t\t\t\t\t\t<a class=\"elementor-icon-div\" aria-label=\"Resist\u00eancia \u00e0 corros\u00e3o\">\t\t\t\t\t\t\t\t\t\t<div class=\"elementor-icon\">\n\t\t\t\t\t\t\t\t\t\t\t<svg xmlns=\"http:\/\/www.w3.org\/2000\/svg\" viewBox=\"0 0 24 24\" width=\"24\" height=\"24\"><path fill=\"none\" d=\"M0 0h24v24H0z\"><\/path><path d=\"M14 1.5V22h-2V3.704L7.5 4.91V2.839l5-1.339z\"><\/path><\/svg>\t\t\t\t\t\t\t\t\t\t<\/div>\n\t\t\t\t\t\t\t\t\t<\/a>\t\t\t\t\t\t\t\t\t\t\t\t\t\t\t\t<div class=\"box-content\">\n\t\t\t\t\t\t\t\t\t\t\t\t\t\t\t\t\t\t\t\t\t\t\t\t\t\t\t\t\t<h5 class=\"box-heading\">\n\t\t\t\t\t\t\t\t\t\t\t<a aria-label=\"Resist\u00eancia \u00e0 corros\u00e3o\">\t\t\t\t\t\t\t\t\t\t\t\tResist\u00eancia \u00e0 corros\u00e3o\t\t\t\t\t\t\t\t\t\t\t<\/a>\t\t\t\t\t\t\t\t\t\t<\/h5>\n\t\t\t\t\t\t\t\t\t\t\t\t\t\t\t\t\t\t\t\t\t\t\t\t\t\t\t\t<div class=\"box-description\">Os tubos de a\u00e7o inoxid\u00e1vel s\u00e3o altamente resistentes \u00e0 corros\u00e3o, o que os torna ideais para sistemas que manuseiam \u00e1gua e outros l\u00edquidos, como os sistemas aerot\u00e9rmicos, que podem estar expostos a condi\u00e7\u00f5es corrosivas.<\/div>\n\t\t\t\t\t\t\t\t\t\t\t\t\t\t\t\t\t\t\t\t\t\t\t\t\t\t<\/div>\n\t\t\t\t\t\t\t<\/div>\n\t\t\t\t\t\t<\/div>\t\t\t\t\t<\/div>\n\t\t\t\t\t\t\t\t\t<div class=\"wf-cell shown\">\n\t\t\t\t\t\t<div class=\"the7-icon-box-grid\">\t\t\t\t\t\t\t<div class=\"box-content-wrapper\">\n\t\t\t\t\t\t\t\t\t\t\t\t\t\t\t\t\t<a class=\"elementor-icon-div\" aria-label=\"Durabilidade\">\t\t\t\t\t\t\t\t\t\t<div class=\"elementor-icon\">\n\t\t\t\t\t\t\t\t\t\t\t<svg xmlns=\"http:\/\/www.w3.org\/2000\/svg\" viewBox=\"0 0 24 24\" width=\"24\" height=\"24\"><path fill=\"none\" d=\"M0 0h24v24H0z\"><\/path><path d=\"M16 7.5a4 4 0 1 0-8 0H6a6 6 0 1 1 10.663 3.776l-7.32 8.723L18 20v2H6v-1.127l9.064-10.802A3.982 3.982 0 0 0 16 7.5z\"><\/path><\/svg>\t\t\t\t\t\t\t\t\t\t<\/div>\n\t\t\t\t\t\t\t\t\t<\/a>\t\t\t\t\t\t\t\t\t\t\t\t\t\t\t\t<div class=\"box-content\">\n\t\t\t\t\t\t\t\t\t\t\t\t\t\t\t\t\t\t\t\t\t\t\t\t\t\t\t\t\t<h5 class=\"box-heading\">\n\t\t\t\t\t\t\t\t\t\t\t<a aria-label=\"Durabilidade\">\t\t\t\t\t\t\t\t\t\t\t\tDurabilidade\t\t\t\t\t\t\t\t\t\t\t<\/a>\t\t\t\t\t\t\t\t\t\t<\/h5>\n\t\t\t\t\t\t\t\t\t\t\t\t\t\t\t\t\t\t\t\t\t\t\t\t\t\t\t\t<div class=\"box-description\">O a\u00e7o inoxid\u00e1vel \u00e9 conhecido pela sua durabilidade e resist\u00eancia, garantindo uma longa vida \u00fatil do sistema de aquecedor com ventilador sem a necessidade de substituir frequentemente os tubos.<\/div>\n\t\t\t\t\t\t\t\t\t\t\t\t\t\t\t\t\t\t\t\t\t\t\t\t\t\t<\/div>\n\t\t\t\t\t\t\t<\/div>\n\t\t\t\t\t\t<\/div>\t\t\t\t\t<\/div>\n\t\t\t\t\t\t\t\t\t<div class=\"wf-cell shown\">\n\t\t\t\t\t\t<div class=\"the7-icon-box-grid\">\t\t\t\t\t\t\t<div class=\"box-content-wrapper\">\n\t\t\t\t\t\t\t\t\t\t\t\t\t\t\t\t\t<a class=\"elementor-icon-div\" aria-label=\"Manuten\u00e7\u00e3o reduzida\">\t\t\t\t\t\t\t\t\t\t<div class=\"elementor-icon\">\n\t\t\t\t\t\t\t\t\t\t\t<svg xmlns=\"http:\/\/www.w3.org\/2000\/svg\" viewBox=\"0 0 24 24\" width=\"24\" height=\"24\"><path fill=\"none\" d=\"M0 0h24v24H0z\"><\/path><path d=\"M18 2v1.362L12.809 9.55a6.501 6.501 0 1 1-7.116 8.028l1.94-.486A4.502 4.502 0 0 0 16.5 16a4.5 4.5 0 0 0-6.505-4.03l-.228.122-.69-1.207L14.855 4 6.5 4V2H18z\"><\/path><\/svg>\t\t\t\t\t\t\t\t\t\t<\/div>\n\t\t\t\t\t\t\t\t\t<\/a>\t\t\t\t\t\t\t\t\t\t\t\t\t\t\t\t<div class=\"box-content\">\n\t\t\t\t\t\t\t\t\t\t\t\t\t\t\t\t\t\t\t\t\t\t\t\t\t\t\t\t\t<h5 class=\"box-heading\">\n\t\t\t\t\t\t\t\t\t\t\t<a aria-label=\"Manuten\u00e7\u00e3o reduzida\">\t\t\t\t\t\t\t\t\t\t\t\tManuten\u00e7\u00e3o reduzida\t\t\t\t\t\t\t\t\t\t\t<\/a>\t\t\t\t\t\t\t\t\t\t<\/h5>\n\t\t\t\t\t\t\t\t\t\t\t\t\t\t\t\t\t\t\t\t\t\t\t\t\t\t\t\t<div class=\"box-description\">Devido \u00e0 sua resist\u00eancia \u00e0 corros\u00e3o e durabilidade, os tubos de a\u00e7o inoxid\u00e1vel requerem pouca manuten\u00e7\u00e3o ao longo da sua vida \u00fatil, o que reduz os custos de funcionamento e manuten\u00e7\u00e3o a longo prazo do sistema aerot\u00e9rmico.<\/div>\n\t\t\t\t\t\t\t\t\t\t\t\t\t\t\t\t\t\t\t\t\t\t\t\t\t\t<\/div>\n\t\t\t\t\t\t\t<\/div>\n\t\t\t\t\t\t<\/div>\t\t\t\t\t<\/div>\n\t\t\t\t\t\t\t\t\t<div class=\"wf-cell shown\">\n\t\t\t\t\t\t<div class=\"the7-icon-box-grid\">\t\t\t\t\t\t\t<div class=\"box-content-wrapper\">\n\t\t\t\t\t\t\t\t\t\t\t\t\t\t\t\t\t<a class=\"elementor-icon-div\" aria-label=\"Boa condutividade t\u00e9rmica\">\t\t\t\t\t\t\t\t\t\t<div class=\"elementor-icon\">\n\t\t\t\t\t\t\t\t\t\t\t<svg xmlns=\"http:\/\/www.w3.org\/2000\/svg\" viewBox=\"0 0 24 24\" width=\"24\" height=\"24\"><path fill=\"none\" d=\"M0 0h24v24H0z\"><\/path><path d=\"M16 1.5V16h3v2h-3v4h-2v-4H4v-1.102L14 1.5h2zM14 16V5.171L6.968 16H14z\"><\/path><\/svg>\t\t\t\t\t\t\t\t\t\t<\/div>\n\t\t\t\t\t\t\t\t\t<\/a>\t\t\t\t\t\t\t\t\t\t\t\t\t\t\t\t<div class=\"box-content\">\n\t\t\t\t\t\t\t\t\t\t\t\t\t\t\t\t\t\t\t\t\t\t\t\t\t\t\t\t\t<h5 class=\"box-heading\">\n\t\t\t\t\t\t\t\t\t\t\t<a aria-label=\"Boa condutividade t\u00e9rmica\">\t\t\t\t\t\t\t\t\t\t\t\tBoa condutividade t\u00e9rmica\t\t\t\t\t\t\t\t\t\t\t<\/a>\t\t\t\t\t\t\t\t\t\t<\/h5>\n\t\t\t\t\t\t\t\t\t\t\t\t\t\t\t\t\t\t\t\t\t\t\t\t\t\t\t\t<div class=\"box-description\">O a\u00e7o inoxid\u00e1vel tem uma boa condutividade t\u00e9rmica, o que permite uma transfer\u00eancia de calor eficiente no sistema aerot\u00e9rmico, contribuindo para uma maior efici\u00eancia energ\u00e9tica e poupan\u00e7a de custos.<\/div>\n\t\t\t\t\t\t\t\t\t\t\t\t\t\t\t\t\t\t\t\t\t\t\t\t\t\t<\/div>\n\t\t\t\t\t\t\t<\/div>\n\t\t\t\t\t\t<\/div>\t\t\t\t\t<\/div>\n\t\t\t\t\t\t\t\t\t<div class=\"wf-cell shown\">\n\t\t\t\t\t\t<div class=\"the7-icon-box-grid\">\t\t\t\t\t\t\t<div class=\"box-content-wrapper\">\n\t\t\t\t\t\t\t\t\t\t\t\t\t\t\t\t\t<a class=\"elementor-icon-div\" aria-label=\"Flexibilidade\">\t\t\t\t\t\t\t\t\t\t<div class=\"elementor-icon\">\n\t\t\t\t\t\t\t\t\t\t\t<svg xmlns=\"http:\/\/www.w3.org\/2000\/svg\" viewBox=\"0 0 24 24\" width=\"24\" height=\"24\"><path fill=\"none\" d=\"M0 0h24v24H0z\"><\/path><path d=\"M18 2v2H9.3l-.677 6.445a6.5 6.5 0 1 1-2.93 7.133l1.94-.486A4.502 4.502 0 0 0 16.5 16a4.5 4.5 0 0 0-4.5-4.5c-2.022 0-3.278.639-3.96 1.53l-1.575-1.182L7.5 2H18z\"><\/path><\/svg>\t\t\t\t\t\t\t\t\t\t<\/div>\n\t\t\t\t\t\t\t\t\t<\/a>\t\t\t\t\t\t\t\t\t\t\t\t\t\t\t\t<div class=\"box-content\">\n\t\t\t\t\t\t\t\t\t\t\t\t\t\t\t\t\t\t\t\t\t\t\t\t\t\t\t\t\t<h5 class=\"box-heading\">\n\t\t\t\t\t\t\t\t\t\t\t<a aria-label=\"Flexibilidade\">\t\t\t\t\t\t\t\t\t\t\t\tFlexibilidade\t\t\t\t\t\t\t\t\t\t\t<\/a>\t\t\t\t\t\t\t\t\t\t<\/h5>\n\t\t\t\t\t\t\t\t\t\t\t\t\t\t\t\t\t\t\t\t\t\t\t\t\t\t\t\t<div class=\"box-description\">Os tubos de a\u00e7o inoxid\u00e1vel s\u00e3o flex\u00edveis e podem ser adaptados a diferentes designs e requisitos de instala\u00e7\u00e3o, o que facilita a instala\u00e7\u00e3o do sistema aerot\u00e9rmico e pode reduzir os custos de m\u00e3o de obra.<\/div>\n\t\t\t\t\t\t\t\t\t\t\t\t\t\t\t\t\t\t\t\t\t\t\t\t\t\t<\/div>\n\t\t\t\t\t\t\t<\/div>\n\t\t\t\t\t\t<\/div>\t\t\t\t\t<\/div>\n\t\t\t\t\t\t\t\t\t<div class=\"wf-cell shown\">\n\t\t\t\t\t\t<div class=\"the7-icon-box-grid\">\t\t\t\t\t\t\t<div class=\"box-content-wrapper\">\n\t\t\t\t\t\t\t\t\t\t\t\t\t\t\t\t\t<a class=\"elementor-icon-div\" aria-label=\"Compatibilidade com altas temperaturas\">\t\t\t\t\t\t\t\t\t\t<div class=\"elementor-icon\">\n\t\t\t\t\t\t\t\t\t\t\t<svg xmlns=\"http:\/\/www.w3.org\/2000\/svg\" viewBox=\"0 0 24 24\" width=\"24\" height=\"24\"><path fill=\"none\" d=\"M0 0h24v24H0z\"><\/path><path d=\"M14.886 2l-4.438 7.686A6.5 6.5 0 1 1 6.4 12.7L12.576 2h2.31zM12 11.5a4.5 4.5 0 1 0 0 9 4.5 4.5 0 0 0 0-9z\"><\/path><\/svg>\t\t\t\t\t\t\t\t\t\t<\/div>\n\t\t\t\t\t\t\t\t\t<\/a>\t\t\t\t\t\t\t\t\t\t\t\t\t\t\t\t<div class=\"box-content\">\n\t\t\t\t\t\t\t\t\t\t\t\t\t\t\t\t\t\t\t\t\t\t\t\t\t\t\t\t\t<h5 class=\"box-heading\">\n\t\t\t\t\t\t\t\t\t\t\t<a aria-label=\"Compatibilidade com altas temperaturas\">\t\t\t\t\t\t\t\t\t\t\t\tCompatibilidade com altas temperaturas\t\t\t\t\t\t\t\t\t\t\t<\/a>\t\t\t\t\t\t\t\t\t\t<\/h5>\n\t\t\t\t\t\t\t\t\t\t\t\t\t\t\t\t\t\t\t\t\t\t\t\t\t\t\t\t<div class=\"box-description\">O a\u00e7o inoxid\u00e1vel \u00e9 capaz de suportar temperaturas elevadas, o que o torna adequado para aplica\u00e7\u00f5es aerot\u00e9rmicas que envolvam a transfer\u00eancia de calor atrav\u00e9s de fluidos a temperaturas elevadas.<\/div>\n\t\t\t\t\t\t\t\t\t\t\t\t\t\t\t\t\t\t\t\t\t\t\t\t\t\t<\/div>\n\t\t\t\t\t\t\t<\/div>\n\t\t\t\t\t\t<\/div>\t\t\t\t\t<\/div>\n\t\t\t\t\t\t\t<\/div>\n\t\t<\/div>\t\t<\/div>\n\t\t\t\t<\/div>\n\t\t\t\t\t<\/div>\n\t\t<\/div>\n\t\t\t\t\t<\/div>\n\t\t<\/section>\n\t\t<div class=\"elementor-element elementor-element-2625705 e-flex e-con-boxed e-con e-parent\" data-id=\"2625705\" data-element_type=\"container\">\n\t\t\t\t\t<div class=\"e-con-inner\">\n\t\t\t\t<div class=\"elementor-element elementor-element-ac69ac1 elementor-widget elementor-widget-text-editor\" data-id=\"ac69ac1\" data-element_type=\"widget\" data-widget_type=\"text-editor.default\">\n\t\t\t\t<div class=\"elementor-widget-container\">\n\t\t\t\t\t\t\t<p>O di\u00e2metro ideal do tubo de a\u00e7o para a instala\u00e7\u00e3o de equipamento de aquecimento com ventilador exterior depende de v\u00e1rios factores, tais como a capacidade do sistema, o tipo de pot\u00eancia da m\u00e1quina, a dist\u00e2ncia entre o equipamento exterior e interior e as restri\u00e7\u00f5es espec\u00edficas de conce\u00e7\u00e3o e instala\u00e7\u00e3o. No entanto, o di\u00e2metro comum do tubo de a\u00e7o utilizado na instala\u00e7\u00e3o de equipamento aerot\u00e9rmico \u00e9: <\/p><p> <\/p><p>Di\u00e2metro DN25 (1 1\/4 polegadas): Frequentemente utilizado em sistemas aerot\u00e9rmicos monobloco de menor capacidade e em instala\u00e7\u00f5es onde a dist\u00e2ncia entre o equipamento exterior e interior \u00e9 relativamente curta.<\/p><p> <\/p><p>Para um funcionamento eficiente do aparelho, recomendamos que tenhas em conta as especifica\u00e7\u00f5es do fabricante do sistema de aquecimento com ventilador e que sigas as recomenda\u00e7\u00f5es de design e instala\u00e7\u00e3o fornecidas pelo mesmo.<\/p>\t\t\t\t\t\t<\/div>\n\t\t\t\t<\/div>\n\t\t\t\t\t<\/div>\n\t\t\t\t<\/div>\n\t\t<div class=\"elementor-element elementor-element-4956dec e-flex e-con-boxed e-con e-parent\" data-id=\"4956dec\" data-element_type=\"container\">\n\t\t\t\t\t<div class=\"e-con-inner\">\n\t\t\t\t<div class=\"elementor-element elementor-element-5d39cee elementor-widget elementor-widget-image\" data-id=\"5d39cee\" data-element_type=\"widget\" data-widget_type=\"image.default\">\n\t\t\t\t<div class=\"elementor-widget-container\">\n\t\t\t\t\t\t\t\t\t\t\t\t\t<img decoding=\"async\" src=\"https:\/\/az-broquetas.es\/wp-content\/uploads\/elementor\/thumbs\/INSTALACIONES_AZ-AEROTERMIA-01-qwc3mxphidysuo1v12tjjtutjb4624p01x1jvcklz4.jpg\" title=\"INSTALACIONES_AZ AEROTERMIA-01\" alt=\"INSTALACIONES_AZ AEROTERMIA-01\" loading=\"lazy\" \/>\t\t\t\t\t\t\t\t\t\t\t\t\t<\/div>\n\t\t\t\t<\/div>\n\t\t\t\t<div class=\"elementor-element elementor-element-8c658a5 elementor-widget elementor-widget-text-editor\" data-id=\"8c658a5\" data-element_type=\"widget\" data-widget_type=\"text-editor.default\">\n\t\t\t\t<div class=\"elementor-widget-container\">\n\t\t\t\t\t\t\t<h1>instala\u00e7\u00f5es aerot\u00e9rmicas<\/h1>\t\t\t\t\t\t<\/div>\n\t\t\t\t<\/div>\n\t\t\t\t\t<\/div>\n\t\t\t\t<\/div>\n\t\t\t\t<\/div>\n\t\t","protected":false},"excerpt":{"rendered":"<p>A utiliza\u00e7\u00e3o de tubos de a\u00e7o corrugado 316L em sistemas aerot\u00e9rmicos monobloco tem v\u00e1rias vantagens significativas: Resist\u00eancia \u00e0 corros\u00e3o Os tubos de a\u00e7o inoxid\u00e1vel s\u00e3o altamente resistentes \u00e0 corros\u00e3o, o que os torna ideais para sistemas que manuseiam \u00e1gua e outros l\u00edquidos, como os sistemas aerot\u00e9rmicos, que podem estar expostos a condi\u00e7\u00f5es corrosivas. Durabilidade O&hellip;<\/p>\n","protected":false},"author":1,"featured_media":17786,"parent":0,"menu_order":0,"comment_status":"closed","ping_status":"closed","template":"","meta":{"footnotes":""},"class_list":["post-17785","page","type-page","status-publish","has-post-thumbnail","hentry"],"yoast_head":"<!-- This site is optimized with the Yoast SEO plugin v26.9 - https:\/\/yoast.com\/product\/yoast-seo-wordpress\/ -->\n<title>Instala\u00e7\u00f5es aerot\u00e9rmicas | A tua empresa de confian\u00e7a AZ Broquetas<\/title>\n<meta name=\"description\" content=\"Tubos em a\u00e7o inoxid\u00e1vel | Efici\u00eancia e durabilidade | Sem manuten\u00e7\u00e3o sistem\u00e1tica | Condutividade t\u00e9rmica e compat\u00edvel com altas temperaturas.\" \/>\n<meta name=\"robots\" content=\"index, follow, max-snippet:-1, max-image-preview:large, max-video-preview:-1\" \/>\n<link rel=\"canonical\" href=\"https:\/\/az-broquetas.es\/pt-pt\/instalacoes-aerotermicas\" \/>\n<meta property=\"og:locale\" content=\"pt_PT\" \/>\n<meta property=\"og:type\" content=\"article\" \/>\n<meta property=\"og:title\" content=\"Instala\u00e7\u00f5es aerot\u00e9rmicas | A tua empresa de confian\u00e7a AZ Broquetas\" \/>\n<meta property=\"og:description\" content=\"Tubos em a\u00e7o inoxid\u00e1vel | Efici\u00eancia e durabilidade | Sem manuten\u00e7\u00e3o sistem\u00e1tica | Condutividade t\u00e9rmica e compat\u00edvel com altas temperaturas.\" \/>\n<meta property=\"og:url\" content=\"https:\/\/az-broquetas.es\/pt-pt\/instalacoes-aerotermicas\" \/>\n<meta property=\"og:site_name\" content=\"AZ Broquetas\" \/>\n<meta property=\"article:modified_time\" content=\"2025-06-30T10:17:42+00:00\" \/>\n<meta property=\"og:image\" content=\"https:\/\/az-broquetas.es\/wp-content\/uploads\/2024\/06\/instalaciones-aerotermia-az-broquetas.jpg\" \/>\n\t<meta property=\"og:image:width\" content=\"700\" \/>\n\t<meta property=\"og:image:height\" content=\"500\" \/>\n\t<meta property=\"og:image:type\" content=\"image\/jpeg\" \/>\n<meta name=\"twitter:card\" content=\"summary_large_image\" \/>\n<meta name=\"twitter:label1\" content=\"Tempo estimado de leitura\" \/>\n\t<meta name=\"twitter:data1\" content=\"2 minutos\" \/>\n<script type=\"application\/ld+json\" class=\"yoast-schema-graph\">{\"@context\":\"https:\/\/schema.org\",\"@graph\":[{\"@type\":\"WebPage\",\"@id\":\"https:\/\/az-broquetas.es\/pt-pt\/instalacoes-aerotermicas\",\"url\":\"https:\/\/az-broquetas.es\/pt-pt\/instalacoes-aerotermicas\",\"name\":\"Instala\u00e7\u00f5es aerot\u00e9rmicas | A tua empresa de confian\u00e7a AZ Broquetas\",\"isPartOf\":{\"@id\":\"https:\/\/az-broquetas.es\/pt-pt#website\"},\"primaryImageOfPage\":{\"@id\":\"https:\/\/az-broquetas.es\/pt-pt\/instalacoes-aerotermicas#primaryimage\"},\"image\":{\"@id\":\"https:\/\/az-broquetas.es\/pt-pt\/instalacoes-aerotermicas#primaryimage\"},\"thumbnailUrl\":\"https:\/\/az-broquetas.es\/wp-content\/uploads\/2024\/06\/instalaciones-aerotermia-az-broquetas.jpg\",\"datePublished\":\"2025-06-30T10:17:40+00:00\",\"dateModified\":\"2025-06-30T10:17:42+00:00\",\"description\":\"Tubos em a\u00e7o inoxid\u00e1vel | Efici\u00eancia e durabilidade | Sem manuten\u00e7\u00e3o sistem\u00e1tica | Condutividade t\u00e9rmica e compat\u00edvel com altas temperaturas.\",\"breadcrumb\":{\"@id\":\"https:\/\/az-broquetas.es\/pt-pt\/instalacoes-aerotermicas#breadcrumb\"},\"inLanguage\":\"pt-PT\",\"potentialAction\":[{\"@type\":\"ReadAction\",\"target\":[\"https:\/\/az-broquetas.es\/pt-pt\/instalacoes-aerotermicas\"]}]},{\"@type\":\"ImageObject\",\"inLanguage\":\"pt-PT\",\"@id\":\"https:\/\/az-broquetas.es\/pt-pt\/instalacoes-aerotermicas#primaryimage\",\"url\":\"https:\/\/az-broquetas.es\/wp-content\/uploads\/2024\/06\/instalaciones-aerotermia-az-broquetas.jpg\",\"contentUrl\":\"https:\/\/az-broquetas.es\/wp-content\/uploads\/2024\/06\/instalaciones-aerotermia-az-broquetas.jpg\",\"width\":700,\"height\":500,\"caption\":\"instalaciones-aerotermia-az-broquetas\"},{\"@type\":\"BreadcrumbList\",\"@id\":\"https:\/\/az-broquetas.es\/pt-pt\/instalacoes-aerotermicas#breadcrumb\",\"itemListElement\":[{\"@type\":\"ListItem\",\"position\":1,\"name\":\"Portada\",\"item\":\"https:\/\/az-broquetas.es\/pt-pt\"},{\"@type\":\"ListItem\",\"position\":2,\"name\":\"Instala\u00e7\u00f5es aerot\u00e9rmicas\"}]},{\"@type\":\"WebSite\",\"@id\":\"https:\/\/az-broquetas.es\/pt-pt#website\",\"url\":\"https:\/\/az-broquetas.es\/pt-pt\",\"name\":\"AZ Broquetas\",\"description\":\"Soluciones de conexi\u00f3n innovadoras\",\"publisher\":{\"@id\":\"https:\/\/az-broquetas.es\/pt-pt#organization\"},\"potentialAction\":[{\"@type\":\"SearchAction\",\"target\":{\"@type\":\"EntryPoint\",\"urlTemplate\":\"https:\/\/az-broquetas.es\/pt-pt?s={search_term_string}\"},\"query-input\":{\"@type\":\"PropertyValueSpecification\",\"valueRequired\":true,\"valueName\":\"search_term_string\"}}],\"inLanguage\":\"pt-PT\"},{\"@type\":\"Organization\",\"@id\":\"https:\/\/az-broquetas.es\/pt-pt#organization\",\"name\":\"AZ Broquetas\",\"url\":\"https:\/\/az-broquetas.es\/pt-pt\",\"logo\":{\"@type\":\"ImageObject\",\"inLanguage\":\"pt-PT\",\"@id\":\"https:\/\/az-broquetas.es\/pt-pt#\/schema\/logo\/image\/\",\"url\":\"https:\/\/az-broquetas.es\/wp-content\/uploads\/2024\/03\/Logo-AZ.png\",\"contentUrl\":\"https:\/\/az-broquetas.es\/wp-content\/uploads\/2024\/03\/Logo-AZ.png\",\"width\":350,\"height\":100,\"caption\":\"AZ Broquetas\"},\"image\":{\"@id\":\"https:\/\/az-broquetas.es\/pt-pt#\/schema\/logo\/image\/\"},\"sameAs\":[\"https:\/\/www.linkedin.com\/company\/az-broquetas-s-l\/\",\"https:\/\/www.youtube.com\/@azbroquetass.l7674\"]}]}<\/script>\n<!-- \/ Yoast SEO plugin. -->","yoast_head_json":{"title":"Instala\u00e7\u00f5es aerot\u00e9rmicas | A tua empresa de confian\u00e7a AZ Broquetas","description":"Tubos em a\u00e7o inoxid\u00e1vel | Efici\u00eancia e durabilidade | Sem manuten\u00e7\u00e3o sistem\u00e1tica | Condutividade t\u00e9rmica e compat\u00edvel com altas temperaturas.","robots":{"index":"index","follow":"follow","max-snippet":"max-snippet:-1","max-image-preview":"max-image-preview:large","max-video-preview":"max-video-preview:-1"},"canonical":"https:\/\/az-broquetas.es\/pt-pt\/instalacoes-aerotermicas","og_locale":"pt_PT","og_type":"article","og_title":"Instala\u00e7\u00f5es aerot\u00e9rmicas | A tua empresa de confian\u00e7a AZ Broquetas","og_description":"Tubos em a\u00e7o inoxid\u00e1vel | Efici\u00eancia e durabilidade | Sem manuten\u00e7\u00e3o sistem\u00e1tica | Condutividade t\u00e9rmica e compat\u00edvel com altas temperaturas.","og_url":"https:\/\/az-broquetas.es\/pt-pt\/instalacoes-aerotermicas","og_site_name":"AZ Broquetas","article_modified_time":"2025-06-30T10:17:42+00:00","og_image":[{"width":700,"height":500,"url":"https:\/\/az-broquetas.es\/wp-content\/uploads\/2024\/06\/instalaciones-aerotermia-az-broquetas.jpg","type":"image\/jpeg"}],"twitter_card":"summary_large_image","twitter_misc":{"Tempo estimado de leitura":"2 minutos"},"schema":{"@context":"https:\/\/schema.org","@graph":[{"@type":"WebPage","@id":"https:\/\/az-broquetas.es\/pt-pt\/instalacoes-aerotermicas","url":"https:\/\/az-broquetas.es\/pt-pt\/instalacoes-aerotermicas","name":"Instala\u00e7\u00f5es aerot\u00e9rmicas | A tua empresa de confian\u00e7a AZ Broquetas","isPartOf":{"@id":"https:\/\/az-broquetas.es\/pt-pt#website"},"primaryImageOfPage":{"@id":"https:\/\/az-broquetas.es\/pt-pt\/instalacoes-aerotermicas#primaryimage"},"image":{"@id":"https:\/\/az-broquetas.es\/pt-pt\/instalacoes-aerotermicas#primaryimage"},"thumbnailUrl":"https:\/\/az-broquetas.es\/wp-content\/uploads\/2024\/06\/instalaciones-aerotermia-az-broquetas.jpg","datePublished":"2025-06-30T10:17:40+00:00","dateModified":"2025-06-30T10:17:42+00:00","description":"Tubos em a\u00e7o inoxid\u00e1vel | Efici\u00eancia e durabilidade | Sem manuten\u00e7\u00e3o sistem\u00e1tica | Condutividade t\u00e9rmica e compat\u00edvel com altas temperaturas.","breadcrumb":{"@id":"https:\/\/az-broquetas.es\/pt-pt\/instalacoes-aerotermicas#breadcrumb"},"inLanguage":"pt-PT","potentialAction":[{"@type":"ReadAction","target":["https:\/\/az-broquetas.es\/pt-pt\/instalacoes-aerotermicas"]}]},{"@type":"ImageObject","inLanguage":"pt-PT","@id":"https:\/\/az-broquetas.es\/pt-pt\/instalacoes-aerotermicas#primaryimage","url":"https:\/\/az-broquetas.es\/wp-content\/uploads\/2024\/06\/instalaciones-aerotermia-az-broquetas.jpg","contentUrl":"https:\/\/az-broquetas.es\/wp-content\/uploads\/2024\/06\/instalaciones-aerotermia-az-broquetas.jpg","width":700,"height":500,"caption":"instalaciones-aerotermia-az-broquetas"},{"@type":"BreadcrumbList","@id":"https:\/\/az-broquetas.es\/pt-pt\/instalacoes-aerotermicas#breadcrumb","itemListElement":[{"@type":"ListItem","position":1,"name":"Portada","item":"https:\/\/az-broquetas.es\/pt-pt"},{"@type":"ListItem","position":2,"name":"Instala\u00e7\u00f5es aerot\u00e9rmicas"}]},{"@type":"WebSite","@id":"https:\/\/az-broquetas.es\/pt-pt#website","url":"https:\/\/az-broquetas.es\/pt-pt","name":"AZ Broquetas","description":"Soluciones de conexi\u00f3n innovadoras","publisher":{"@id":"https:\/\/az-broquetas.es\/pt-pt#organization"},"potentialAction":[{"@type":"SearchAction","target":{"@type":"EntryPoint","urlTemplate":"https:\/\/az-broquetas.es\/pt-pt?s={search_term_string}"},"query-input":{"@type":"PropertyValueSpecification","valueRequired":true,"valueName":"search_term_string"}}],"inLanguage":"pt-PT"},{"@type":"Organization","@id":"https:\/\/az-broquetas.es\/pt-pt#organization","name":"AZ Broquetas","url":"https:\/\/az-broquetas.es\/pt-pt","logo":{"@type":"ImageObject","inLanguage":"pt-PT","@id":"https:\/\/az-broquetas.es\/pt-pt#\/schema\/logo\/image\/","url":"https:\/\/az-broquetas.es\/wp-content\/uploads\/2024\/03\/Logo-AZ.png","contentUrl":"https:\/\/az-broquetas.es\/wp-content\/uploads\/2024\/03\/Logo-AZ.png","width":350,"height":100,"caption":"AZ Broquetas"},"image":{"@id":"https:\/\/az-broquetas.es\/pt-pt#\/schema\/logo\/image\/"},"sameAs":["https:\/\/www.linkedin.com\/company\/az-broquetas-s-l\/","https:\/\/www.youtube.com\/@azbroquetass.l7674"]}]}},"_links":{"self":[{"href":"https:\/\/az-broquetas.es\/pt-pt\/wp-json\/wp\/v2\/pages\/17785","targetHints":{"allow":["GET"]}}],"collection":[{"href":"https:\/\/az-broquetas.es\/pt-pt\/wp-json\/wp\/v2\/pages"}],"about":[{"href":"https:\/\/az-broquetas.es\/pt-pt\/wp-json\/wp\/v2\/types\/page"}],"author":[{"embeddable":true,"href":"https:\/\/az-broquetas.es\/pt-pt\/wp-json\/wp\/v2\/users\/1"}],"replies":[{"embeddable":true,"href":"https:\/\/az-broquetas.es\/pt-pt\/wp-json\/wp\/v2\/comments?post=17785"}],"version-history":[{"count":1,"href":"https:\/\/az-broquetas.es\/pt-pt\/wp-json\/wp\/v2\/pages\/17785\/revisions"}],"predecessor-version":[{"id":17788,"href":"https:\/\/az-broquetas.es\/pt-pt\/wp-json\/wp\/v2\/pages\/17785\/revisions\/17788"}],"wp:featuredmedia":[{"embeddable":true,"href":"https:\/\/az-broquetas.es\/pt-pt\/wp-json\/wp\/v2\/media\/17786"}],"wp:attachment":[{"href":"https:\/\/az-broquetas.es\/pt-pt\/wp-json\/wp\/v2\/media?parent=17785"}],"curies":[{"name":"wp","href":"https:\/\/api.w.org\/{rel}","templated":true}]}}