{"id":17793,"date":"2025-06-30T10:17:45","date_gmt":"2025-06-30T10:17:45","guid":{"rendered":"https:\/\/az-broquetas.es\/instalacoes-de-gas"},"modified":"2025-06-30T10:17:46","modified_gmt":"2025-06-30T10:17:46","slug":"instalacoes-de-gas","status":"publish","type":"page","link":"https:\/\/az-broquetas.es\/pt-pt\/instalacoes-de-gas","title":{"rendered":"Instala\u00e7\u00f5es de g\u00e1s"},"content":{"rendered":"\t\t<div data-elementor-type=\"wp-page\" data-elementor-id=\"17793\" class=\"elementor elementor-17793 elementor-14138\" data-elementor-post-type=\"page\">\n\t\t\t\t<div class=\"elementor-element elementor-element-2625705 e-flex e-con-boxed e-con e-parent\" data-id=\"2625705\" data-element_type=\"container\">\n\t\t\t\t\t<div class=\"e-con-inner\">\n\t\t\t\t<div class=\"elementor-element elementor-element-ac69ac1 elementor-widget elementor-widget-text-editor\" data-id=\"ac69ac1\" data-element_type=\"widget\" data-widget_type=\"text-editor.default\">\n\t\t\t\t<div class=\"elementor-widget-container\">\n\t\t\t\t\t\t\t<p>O sistema CATS para instala\u00e7\u00f5es de sistemas de g\u00e1s \u00e9 baseado em:<\/p><p> <\/p><p>Tubo corrugado de a\u00e7o inoxid\u00e1vel CATS WR16-CE em a\u00e7o inoxid\u00e1vel AISI 316L e 0,3 mm de espessura, para transporte de g\u00e1s com revestimento protetor de pl\u00e1stico Novoplast amarelo, com uma press\u00e3o de trabalho de 0,5 bar, fabricado de acordo com as normas UNE-EN 15266 e UNE 60670-3.<\/p><p> <\/p><p>Porcas de lat\u00e3o sel\u00e1veis para liga\u00e7\u00e3o ao contador ou lat\u00e3o niquelado para liga\u00e7\u00e3o atrav\u00e9s do nosso sistema de prensagem CATS.<\/p><p> <\/p><p>Elementos de veda\u00e7\u00e3o de alta press\u00e3o (vedantes) Klingersil C4400 para uma vasta gama de aplica\u00e7\u00f5es na ind\u00fastria qu\u00edmica, desempenho muito elevado, resistentes a \u00f3leos, \u00e1gua, vapor, gases, solu\u00e7\u00f5es salinas, combust\u00edveis, \u00e1lcoois, \u00e1cidos org\u00e2nicos e inorg\u00e2nicos, hidrocarbonetos, lubrificantes e refrigerantes.<\/p>\t\t\t\t\t\t<\/div>\n\t\t\t\t<\/div>\n\t\t\t\t\t<\/div>\n\t\t\t\t<\/div>\n\t\t<div class=\"elementor-element elementor-element-4956dec e-flex e-con-boxed e-con e-parent\" data-id=\"4956dec\" data-element_type=\"container\">\n\t\t\t\t\t<div class=\"e-con-inner\">\n\t\t\t\t<div class=\"elementor-element elementor-element-5d39cee elementor-widget elementor-widget-image\" data-id=\"5d39cee\" data-element_type=\"widget\" data-widget_type=\"image.default\">\n\t\t\t\t<div class=\"elementor-widget-container\">\n\t\t\t\t\t\t\t\t\t\t\t\t\t<img decoding=\"async\" src=\"https:\/\/az-broquetas.es\/wp-content\/uploads\/elementor\/thumbs\/INSTALACIONES_AZ-GAS-01-qwc47hggx03gns7c1gkxk56l1ju1bx9r7mgok43ry8.jpg\" title=\"INSTALACIONES_AZ GAS-01\" alt=\"INSTALACIONES_AZ GAS-01\" loading=\"lazy\" \/>\t\t\t\t\t\t\t\t\t\t\t\t\t<\/div>\n\t\t\t\t<\/div>\n\t\t\t\t<div class=\"elementor-element elementor-element-d017a49 elementor-widget elementor-widget-text-editor\" data-id=\"d017a49\" data-element_type=\"widget\" data-widget_type=\"text-editor.default\">\n\t\t\t\t<div class=\"elementor-widget-container\">\n\t\t\t\t\t\t\t<h1>instala\u00e7\u00f5es de g\u00e1s<\/h1>\t\t\t\t\t\t<\/div>\n\t\t\t\t<\/div>\n\t\t\t\t\t<\/div>\n\t\t\t\t<\/div>\n\t\t\t\t<\/div>\n\t\t","protected":false},"excerpt":{"rendered":"<p>O sistema CATS para instala\u00e7\u00f5es de sistemas de g\u00e1s \u00e9 baseado em: Tubo corrugado de a\u00e7o inoxid\u00e1vel CATS WR16-CE em a\u00e7o inoxid\u00e1vel AISI 316L e 0,3 mm de espessura, para transporte de g\u00e1s com revestimento protetor de pl\u00e1stico Novoplast amarelo, com uma press\u00e3o de trabalho de 0,5 bar, fabricado de acordo com as normas UNE-EN&hellip;<\/p>\n","protected":false},"author":1,"featured_media":17795,"parent":0,"menu_order":0,"comment_status":"closed","ping_status":"closed","template":"","meta":{"footnotes":""},"class_list":["post-17793","page","type-page","status-publish","has-post-thumbnail","hentry"],"yoast_head":"<!-- This site is optimized with the Yoast SEO plugin v26.9 - https:\/\/yoast.com\/product\/yoast-seo-wordpress\/ -->\n<title>Instala\u00e7\u00f5es de g\u00e1s | A tua empresa de confian\u00e7a AZ Broquetas<\/title>\n<meta name=\"description\" content=\"Tubos ondulados de a\u00e7o inoxid\u00e1vel | Desempenho muito elevado | Garantimos qualidade e durabilidade com os nossos produtos fabricados na Alemanha.\" \/>\n<meta name=\"robots\" content=\"index, follow, max-snippet:-1, max-image-preview:large, max-video-preview:-1\" \/>\n<link rel=\"canonical\" href=\"https:\/\/az-broquetas.es\/pt-pt\/instalacoes-de-gas\" \/>\n<meta property=\"og:locale\" content=\"pt_PT\" \/>\n<meta property=\"og:type\" content=\"article\" \/>\n<meta property=\"og:title\" content=\"Instala\u00e7\u00f5es de g\u00e1s | A tua empresa de confian\u00e7a AZ Broquetas\" \/>\n<meta property=\"og:description\" content=\"Tubos ondulados de a\u00e7o inoxid\u00e1vel | Desempenho muito elevado | Garantimos qualidade e durabilidade com os nossos produtos fabricados na Alemanha.\" \/>\n<meta property=\"og:url\" content=\"https:\/\/az-broquetas.es\/pt-pt\/instalacoes-de-gas\" \/>\n<meta property=\"og:site_name\" content=\"AZ Broquetas\" \/>\n<meta property=\"article:modified_time\" content=\"2025-06-30T10:17:46+00:00\" \/>\n<meta property=\"og:image\" content=\"https:\/\/az-broquetas.es\/wp-content\/uploads\/2024\/06\/Instalaciones-gas-az-broquetas.jpg\" \/>\n\t<meta property=\"og:image:width\" content=\"700\" \/>\n\t<meta property=\"og:image:height\" content=\"500\" \/>\n\t<meta property=\"og:image:type\" content=\"image\/jpeg\" \/>\n<meta name=\"twitter:card\" content=\"summary_large_image\" \/>\n<meta name=\"twitter:label1\" content=\"Tempo estimado de leitura\" \/>\n\t<meta name=\"twitter:data1\" content=\"1 minuto\" \/>\n<script type=\"application\/ld+json\" class=\"yoast-schema-graph\">{\"@context\":\"https:\/\/schema.org\",\"@graph\":[{\"@type\":\"WebPage\",\"@id\":\"https:\/\/az-broquetas.es\/pt-pt\/instalacoes-de-gas\",\"url\":\"https:\/\/az-broquetas.es\/pt-pt\/instalacoes-de-gas\",\"name\":\"Instala\u00e7\u00f5es de g\u00e1s | A tua empresa de confian\u00e7a AZ Broquetas\",\"isPartOf\":{\"@id\":\"https:\/\/az-broquetas.es\/pt-pt#website\"},\"primaryImageOfPage\":{\"@id\":\"https:\/\/az-broquetas.es\/pt-pt\/instalacoes-de-gas#primaryimage\"},\"image\":{\"@id\":\"https:\/\/az-broquetas.es\/pt-pt\/instalacoes-de-gas#primaryimage\"},\"thumbnailUrl\":\"https:\/\/az-broquetas.es\/wp-content\/uploads\/2024\/06\/Instalaciones-gas-az-broquetas.jpg\",\"datePublished\":\"2025-06-30T10:17:45+00:00\",\"dateModified\":\"2025-06-30T10:17:46+00:00\",\"description\":\"Tubos ondulados de a\u00e7o inoxid\u00e1vel | Desempenho muito elevado | Garantimos qualidade e durabilidade com os nossos produtos fabricados na Alemanha.\",\"breadcrumb\":{\"@id\":\"https:\/\/az-broquetas.es\/pt-pt\/instalacoes-de-gas#breadcrumb\"},\"inLanguage\":\"pt-PT\",\"potentialAction\":[{\"@type\":\"ReadAction\",\"target\":[\"https:\/\/az-broquetas.es\/pt-pt\/instalacoes-de-gas\"]}]},{\"@type\":\"ImageObject\",\"inLanguage\":\"pt-PT\",\"@id\":\"https:\/\/az-broquetas.es\/pt-pt\/instalacoes-de-gas#primaryimage\",\"url\":\"https:\/\/az-broquetas.es\/wp-content\/uploads\/2024\/06\/Instalaciones-gas-az-broquetas.jpg\",\"contentUrl\":\"https:\/\/az-broquetas.es\/wp-content\/uploads\/2024\/06\/Instalaciones-gas-az-broquetas.jpg\",\"width\":700,\"height\":500,\"caption\":\"Instalaciones-gas-az-broquetas\"},{\"@type\":\"BreadcrumbList\",\"@id\":\"https:\/\/az-broquetas.es\/pt-pt\/instalacoes-de-gas#breadcrumb\",\"itemListElement\":[{\"@type\":\"ListItem\",\"position\":1,\"name\":\"Portada\",\"item\":\"https:\/\/az-broquetas.es\/pt-pt\"},{\"@type\":\"ListItem\",\"position\":2,\"name\":\"Instala\u00e7\u00f5es de g\u00e1s\"}]},{\"@type\":\"WebSite\",\"@id\":\"https:\/\/az-broquetas.es\/pt-pt#website\",\"url\":\"https:\/\/az-broquetas.es\/pt-pt\",\"name\":\"AZ Broquetas\",\"description\":\"Soluciones de conexi\u00f3n innovadoras\",\"publisher\":{\"@id\":\"https:\/\/az-broquetas.es\/pt-pt#organization\"},\"potentialAction\":[{\"@type\":\"SearchAction\",\"target\":{\"@type\":\"EntryPoint\",\"urlTemplate\":\"https:\/\/az-broquetas.es\/pt-pt?s={search_term_string}\"},\"query-input\":{\"@type\":\"PropertyValueSpecification\",\"valueRequired\":true,\"valueName\":\"search_term_string\"}}],\"inLanguage\":\"pt-PT\"},{\"@type\":\"Organization\",\"@id\":\"https:\/\/az-broquetas.es\/pt-pt#organization\",\"name\":\"AZ Broquetas\",\"url\":\"https:\/\/az-broquetas.es\/pt-pt\",\"logo\":{\"@type\":\"ImageObject\",\"inLanguage\":\"pt-PT\",\"@id\":\"https:\/\/az-broquetas.es\/pt-pt#\/schema\/logo\/image\/\",\"url\":\"https:\/\/az-broquetas.es\/wp-content\/uploads\/2024\/03\/Logo-AZ.png\",\"contentUrl\":\"https:\/\/az-broquetas.es\/wp-content\/uploads\/2024\/03\/Logo-AZ.png\",\"width\":350,\"height\":100,\"caption\":\"AZ Broquetas\"},\"image\":{\"@id\":\"https:\/\/az-broquetas.es\/pt-pt#\/schema\/logo\/image\/\"},\"sameAs\":[\"https:\/\/www.linkedin.com\/company\/az-broquetas-s-l\/\",\"https:\/\/www.youtube.com\/@azbroquetass.l7674\"]}]}<\/script>\n<!-- \/ Yoast SEO plugin. -->","yoast_head_json":{"title":"Instala\u00e7\u00f5es de g\u00e1s | A tua empresa de confian\u00e7a AZ Broquetas","description":"Tubos ondulados de a\u00e7o inoxid\u00e1vel | Desempenho muito elevado | Garantimos qualidade e durabilidade com os nossos produtos fabricados na Alemanha.","robots":{"index":"index","follow":"follow","max-snippet":"max-snippet:-1","max-image-preview":"max-image-preview:large","max-video-preview":"max-video-preview:-1"},"canonical":"https:\/\/az-broquetas.es\/pt-pt\/instalacoes-de-gas","og_locale":"pt_PT","og_type":"article","og_title":"Instala\u00e7\u00f5es de g\u00e1s | A tua empresa de confian\u00e7a AZ Broquetas","og_description":"Tubos ondulados de a\u00e7o inoxid\u00e1vel | Desempenho muito elevado | Garantimos qualidade e durabilidade com os nossos produtos fabricados na Alemanha.","og_url":"https:\/\/az-broquetas.es\/pt-pt\/instalacoes-de-gas","og_site_name":"AZ Broquetas","article_modified_time":"2025-06-30T10:17:46+00:00","og_image":[{"width":700,"height":500,"url":"https:\/\/az-broquetas.es\/wp-content\/uploads\/2024\/06\/Instalaciones-gas-az-broquetas.jpg","type":"image\/jpeg"}],"twitter_card":"summary_large_image","twitter_misc":{"Tempo estimado de leitura":"1 minuto"},"schema":{"@context":"https:\/\/schema.org","@graph":[{"@type":"WebPage","@id":"https:\/\/az-broquetas.es\/pt-pt\/instalacoes-de-gas","url":"https:\/\/az-broquetas.es\/pt-pt\/instalacoes-de-gas","name":"Instala\u00e7\u00f5es de g\u00e1s | A tua empresa de confian\u00e7a AZ Broquetas","isPartOf":{"@id":"https:\/\/az-broquetas.es\/pt-pt#website"},"primaryImageOfPage":{"@id":"https:\/\/az-broquetas.es\/pt-pt\/instalacoes-de-gas#primaryimage"},"image":{"@id":"https:\/\/az-broquetas.es\/pt-pt\/instalacoes-de-gas#primaryimage"},"thumbnailUrl":"https:\/\/az-broquetas.es\/wp-content\/uploads\/2024\/06\/Instalaciones-gas-az-broquetas.jpg","datePublished":"2025-06-30T10:17:45+00:00","dateModified":"2025-06-30T10:17:46+00:00","description":"Tubos ondulados de a\u00e7o inoxid\u00e1vel | Desempenho muito elevado | Garantimos qualidade e durabilidade com os nossos produtos fabricados na Alemanha.","breadcrumb":{"@id":"https:\/\/az-broquetas.es\/pt-pt\/instalacoes-de-gas#breadcrumb"},"inLanguage":"pt-PT","potentialAction":[{"@type":"ReadAction","target":["https:\/\/az-broquetas.es\/pt-pt\/instalacoes-de-gas"]}]},{"@type":"ImageObject","inLanguage":"pt-PT","@id":"https:\/\/az-broquetas.es\/pt-pt\/instalacoes-de-gas#primaryimage","url":"https:\/\/az-broquetas.es\/wp-content\/uploads\/2024\/06\/Instalaciones-gas-az-broquetas.jpg","contentUrl":"https:\/\/az-broquetas.es\/wp-content\/uploads\/2024\/06\/Instalaciones-gas-az-broquetas.jpg","width":700,"height":500,"caption":"Instalaciones-gas-az-broquetas"},{"@type":"BreadcrumbList","@id":"https:\/\/az-broquetas.es\/pt-pt\/instalacoes-de-gas#breadcrumb","itemListElement":[{"@type":"ListItem","position":1,"name":"Portada","item":"https:\/\/az-broquetas.es\/pt-pt"},{"@type":"ListItem","position":2,"name":"Instala\u00e7\u00f5es de g\u00e1s"}]},{"@type":"WebSite","@id":"https:\/\/az-broquetas.es\/pt-pt#website","url":"https:\/\/az-broquetas.es\/pt-pt","name":"AZ Broquetas","description":"Soluciones de conexi\u00f3n innovadoras","publisher":{"@id":"https:\/\/az-broquetas.es\/pt-pt#organization"},"potentialAction":[{"@type":"SearchAction","target":{"@type":"EntryPoint","urlTemplate":"https:\/\/az-broquetas.es\/pt-pt?s={search_term_string}"},"query-input":{"@type":"PropertyValueSpecification","valueRequired":true,"valueName":"search_term_string"}}],"inLanguage":"pt-PT"},{"@type":"Organization","@id":"https:\/\/az-broquetas.es\/pt-pt#organization","name":"AZ Broquetas","url":"https:\/\/az-broquetas.es\/pt-pt","logo":{"@type":"ImageObject","inLanguage":"pt-PT","@id":"https:\/\/az-broquetas.es\/pt-pt#\/schema\/logo\/image\/","url":"https:\/\/az-broquetas.es\/wp-content\/uploads\/2024\/03\/Logo-AZ.png","contentUrl":"https:\/\/az-broquetas.es\/wp-content\/uploads\/2024\/03\/Logo-AZ.png","width":350,"height":100,"caption":"AZ Broquetas"},"image":{"@id":"https:\/\/az-broquetas.es\/pt-pt#\/schema\/logo\/image\/"},"sameAs":["https:\/\/www.linkedin.com\/company\/az-broquetas-s-l\/","https:\/\/www.youtube.com\/@azbroquetass.l7674"]}]}},"_links":{"self":[{"href":"https:\/\/az-broquetas.es\/pt-pt\/wp-json\/wp\/v2\/pages\/17793","targetHints":{"allow":["GET"]}}],"collection":[{"href":"https:\/\/az-broquetas.es\/pt-pt\/wp-json\/wp\/v2\/pages"}],"about":[{"href":"https:\/\/az-broquetas.es\/pt-pt\/wp-json\/wp\/v2\/types\/page"}],"author":[{"embeddable":true,"href":"https:\/\/az-broquetas.es\/pt-pt\/wp-json\/wp\/v2\/users\/1"}],"replies":[{"embeddable":true,"href":"https:\/\/az-broquetas.es\/pt-pt\/wp-json\/wp\/v2\/comments?post=17793"}],"version-history":[{"count":1,"href":"https:\/\/az-broquetas.es\/pt-pt\/wp-json\/wp\/v2\/pages\/17793\/revisions"}],"predecessor-version":[{"id":17797,"href":"https:\/\/az-broquetas.es\/pt-pt\/wp-json\/wp\/v2\/pages\/17793\/revisions\/17797"}],"wp:featuredmedia":[{"embeddable":true,"href":"https:\/\/az-broquetas.es\/pt-pt\/wp-json\/wp\/v2\/media\/17795"}],"wp:attachment":[{"href":"https:\/\/az-broquetas.es\/pt-pt\/wp-json\/wp\/v2\/media?parent=17793"}],"curies":[{"name":"wp","href":"https:\/\/api.w.org\/{rel}","templated":true}]}}