{"id":17804,"date":"2025-06-30T10:17:49","date_gmt":"2025-06-30T10:17:49","guid":{"rendered":"https:\/\/az-broquetas.es\/aviso-legal"},"modified":"2025-06-30T10:17:49","modified_gmt":"2025-06-30T10:17:49","slug":"aviso-legal","status":"publish","type":"page","link":"https:\/\/az-broquetas.es\/pt-pt\/aviso-legal","title":{"rendered":"Aviso legal"},"content":{"rendered":"\t\t<div data-elementor-type=\"wp-page\" data-elementor-id=\"17804\" class=\"elementor elementor-17804 elementor-13849\" data-elementor-post-type=\"page\">\n\t\t\t\t<div class=\"elementor-element elementor-element-d50b09d e-flex e-con-boxed e-con e-parent\" data-id=\"d50b09d\" data-element_type=\"container\">\n\t\t\t\t\t<div class=\"e-con-inner\">\n\t\t\t\t<div class=\"elementor-element elementor-element-3bf6faa elementor-widget elementor-widget-text-editor\" data-id=\"3bf6faa\" data-element_type=\"widget\" data-widget_type=\"text-editor.default\">\n\t\t\t\t<div class=\"elementor-widget-container\">\n\t\t\t\t\t\t\t<p><strong>Exclus\u00e3o de responsabilidade<\/strong><\/p><p>A AZ-BROQUETAS, S.L. n\u00e3o garante a disponibilidade e continuidade do site nem se responsabiliza por quaisquer danos causados ou que possam ocorrer no futuro, nem por quaisquer defeitos t\u00e9cnicos, seja qual for a sua natureza, decorrentes da utiliza\u00e7\u00e3o das informa\u00e7\u00f5es e materiais contidos no site <a href=\"https:\/\/www.broquetas.com\/\">www.az-broquetas.es.<\/a><\/p><p><strong>Endere\u00e7o para contacto<\/strong><\/p><p>Se tiveres alguma d\u00favida sobre as presentes condi\u00e7\u00f5es gerais ou qualquer outro assunto, contacta-nos atrav\u00e9s dos seguintes endere\u00e7os:<\/p><p>&#8211; Sede social: AZ-BROQUETAS, S.L. &#8211; C\/ Can Sellar\u00e9s, 12-14-16 &#8211; 08740 Sant Andreu de la Barca &#8211; Barcelona<br>&#8211; E-Mail: <a href=\"mailto:az-broquetas@az-broquetas.es\">az-broquetas@az-broquetas.es<\/a> Este endere\u00e7o de e-mail est\u00e1 protegido contra spambots. Necessitas de ter o JavaScript ativado para o ver. <\/p><p><strong>Pol\u00edtica de privacidade e de tratamento de dados pessoais<\/strong><\/p><p>A AZ-BROQUETAS, S.L., de nacionalidade espanhola e com sede social em C\/ Murcia 5 &#8211; 08830 Sant Boi de Llobregat (Barcelona), \u00e9 a propriet\u00e1ria da base de dados.<\/p><p>Todos os dados fornecidos atrav\u00e9s deste formul\u00e1rio eletr\u00f3nico ser\u00e3o tratados com a m\u00e1xima confidencialidade, em conformidade com a Lei Org\u00e2nica 15\/1999, de 13 de dezembro, de Prote\u00e7\u00e3o de Dados de Car\u00e1cter Pessoal, e informamos-te de que tens o direito de aceder ao ficheiro, retificar e cancelar os teus dados, podendo exercer estes direitos enviando um pedido por escrito para o endere\u00e7o acima indicado.<\/p><p>AZ-BROQUETAS, S.L. garante que adoptou as medidas t\u00e9cnicas e organizativas necess\u00e1rias para garantir a seguran\u00e7a dos dados pessoais que se encontram na nossa base de dados de subscritores, e evitar a sua altera\u00e7\u00e3o, perda, tratamento ou acesso n\u00e3o autorizado, tendo em conta o estado da tecnologia, a natureza dos dados armazenados e os riscos a que est\u00e3o expostos, tudo em conformidade com o disposto na LPD e no Real Decreto 994\/1999, de 11 de junho, pelo qual se aprova o Regulamento de medidas de seguran\u00e7a dos ficheiros automatizados que contenham dados de car\u00e1cter pessoal. N\u00e3o obstante, o UTILIZADOR deve estar consciente de que as medidas de seguran\u00e7a na Internet n\u00e3o s\u00e3o inexpugn\u00e1veis. <\/p><p>Os dados solicitados s\u00e3o estritamente necess\u00e1rios para a correta identifica\u00e7\u00e3o do remetente e para a realiza\u00e7\u00e3o de tarefas b\u00e1sicas para completar o teu pedido. A AZ-BROQUETAS, S.L., insiste no seu compromisso de utiliza\u00e7\u00e3o respons\u00e1vel e confidencial dos dados, garantindo que os dados do utilizador ser\u00e3o tratados de acordo com os requisitos legais, e que apenas ser\u00e3o utilizados pela AZ-BROQUETAS, S.L. e pelas empresas do seu ambiente de servi\u00e7o para a finalidade indicada.<\/p><p>Os dados recolhidos s\u00e3o adequados, pertinentes e n\u00e3o excessivos em rela\u00e7\u00e3o ao \u00e2mbito e \u00e0s finalidades descritas. O utilizador ser\u00e1 respons\u00e1vel, em qualquer caso, pela veracidade dos dados fornecidos, reservando-se a AZ-BROQUETAS, S.L. o direito de excluir dos servi\u00e7os registados qualquer utilizador que tenha fornecido dados falsos, sem preju\u00edzo de outras ac\u00e7\u00f5es que possam ser aplic\u00e1veis por lei. <\/p><p>A AZ-BROQUETAS, S.L. n\u00e3o utiliza &#8220;Cookies&#8221; de nenhum tipo para estabelecer uma rela\u00e7\u00e3o entre o teu computador e o nosso s\u00edtio Web ou para qualquer outro fim, pelo que n\u00e3o recolhemos em nenhum momento dados teus ou da tua liga\u00e7\u00e3o.<\/p><p><strong>Autoriza\u00e7\u00e3o do remetente<\/strong><\/p><p>Ao enviar os formul\u00e1rios destas p\u00e1ginas web, o remetente consente o tratamento automatizado dos dados inclu\u00eddos nos mesmos. Em qualquer caso, os dados fornecidos n\u00e3o ser\u00e3o cedidos a terceiros.   <\/p>\t\t\t\t\t\t<\/div>\n\t\t\t\t<\/div>\n\t\t\t\t\t<\/div>\n\t\t\t\t<\/div>\n\t\t\t\t<\/div>\n\t\t","protected":false},"excerpt":{"rendered":"<p>Exclus\u00e3o de responsabilidade A AZ-BROQUETAS, S.L. n\u00e3o garante a disponibilidade e continuidade do site nem se responsabiliza por quaisquer danos causados ou que possam ocorrer no futuro, nem por quaisquer defeitos t\u00e9cnicos, seja qual for a sua natureza, decorrentes da utiliza\u00e7\u00e3o das informa\u00e7\u00f5es e materiais contidos no site www.az-broquetas.es. Endere\u00e7o para contacto Se tiveres alguma&hellip;<\/p>\n","protected":false},"author":1,"featured_media":0,"parent":0,"menu_order":0,"comment_status":"closed","ping_status":"closed","template":"","meta":{"footnotes":""},"class_list":["post-17804","page","type-page","status-publish","hentry"],"yoast_head":"<!-- This site is optimized with the Yoast SEO plugin v26.9 - https:\/\/yoast.com\/product\/yoast-seo-wordpress\/ -->\n<title>Aviso legal - AZ Broquetas<\/title>\n<meta name=\"robots\" content=\"noindex, follow\" \/>\n<meta property=\"og:locale\" content=\"pt_PT\" \/>\n<meta property=\"og:type\" content=\"article\" \/>\n<meta property=\"og:title\" content=\"Aviso legal - AZ Broquetas\" \/>\n<meta property=\"og:description\" content=\"Exclus\u00e3o de responsabilidade A AZ-BROQUETAS, S.L. n\u00e3o garante a disponibilidade e continuidade do site nem se responsabiliza por quaisquer danos causados ou que possam ocorrer no futuro, nem por quaisquer defeitos t\u00e9cnicos, seja qual for a sua natureza, decorrentes da utiliza\u00e7\u00e3o das informa\u00e7\u00f5es e materiais contidos no site www.az-broquetas.es. Endere\u00e7o para contacto Se tiveres alguma&hellip;\" \/>\n<meta property=\"og:url\" content=\"https:\/\/az-broquetas.es\/pt-pt\/aviso-legal\" \/>\n<meta property=\"og:site_name\" content=\"AZ Broquetas\" \/>\n<meta name=\"twitter:card\" content=\"summary_large_image\" \/>\n<meta name=\"twitter:label1\" content=\"Tempo estimado de leitura\" \/>\n\t<meta name=\"twitter:data1\" content=\"3 minutos\" \/>\n<script type=\"application\/ld+json\" class=\"yoast-schema-graph\">{\"@context\":\"https:\/\/schema.org\",\"@graph\":[{\"@type\":\"WebPage\",\"@id\":\"https:\/\/az-broquetas.es\/pt-pt\/aviso-legal\",\"url\":\"https:\/\/az-broquetas.es\/pt-pt\/aviso-legal\",\"name\":\"Aviso legal - AZ Broquetas\",\"isPartOf\":{\"@id\":\"https:\/\/az-broquetas.es\/pt-pt#website\"},\"datePublished\":\"2025-06-30T10:17:49+00:00\",\"breadcrumb\":{\"@id\":\"https:\/\/az-broquetas.es\/pt-pt\/aviso-legal#breadcrumb\"},\"inLanguage\":\"pt-PT\",\"potentialAction\":[{\"@type\":\"ReadAction\",\"target\":[\"https:\/\/az-broquetas.es\/pt-pt\/aviso-legal\"]}]},{\"@type\":\"BreadcrumbList\",\"@id\":\"https:\/\/az-broquetas.es\/pt-pt\/aviso-legal#breadcrumb\",\"itemListElement\":[{\"@type\":\"ListItem\",\"position\":1,\"name\":\"Portada\",\"item\":\"https:\/\/az-broquetas.es\/pt-pt\"},{\"@type\":\"ListItem\",\"position\":2,\"name\":\"Aviso legal\"}]},{\"@type\":\"WebSite\",\"@id\":\"https:\/\/az-broquetas.es\/pt-pt#website\",\"url\":\"https:\/\/az-broquetas.es\/pt-pt\",\"name\":\"AZ Broquetas\",\"description\":\"Soluciones de conexi\u00f3n innovadoras\",\"publisher\":{\"@id\":\"https:\/\/az-broquetas.es\/pt-pt#organization\"},\"potentialAction\":[{\"@type\":\"SearchAction\",\"target\":{\"@type\":\"EntryPoint\",\"urlTemplate\":\"https:\/\/az-broquetas.es\/pt-pt?s={search_term_string}\"},\"query-input\":{\"@type\":\"PropertyValueSpecification\",\"valueRequired\":true,\"valueName\":\"search_term_string\"}}],\"inLanguage\":\"pt-PT\"},{\"@type\":\"Organization\",\"@id\":\"https:\/\/az-broquetas.es\/pt-pt#organization\",\"name\":\"AZ Broquetas\",\"url\":\"https:\/\/az-broquetas.es\/pt-pt\",\"logo\":{\"@type\":\"ImageObject\",\"inLanguage\":\"pt-PT\",\"@id\":\"https:\/\/az-broquetas.es\/pt-pt#\/schema\/logo\/image\/\",\"url\":\"https:\/\/az-broquetas.es\/wp-content\/uploads\/2024\/03\/Logo-AZ.png\",\"contentUrl\":\"https:\/\/az-broquetas.es\/wp-content\/uploads\/2024\/03\/Logo-AZ.png\",\"width\":350,\"height\":100,\"caption\":\"AZ Broquetas\"},\"image\":{\"@id\":\"https:\/\/az-broquetas.es\/pt-pt#\/schema\/logo\/image\/\"},\"sameAs\":[\"https:\/\/www.linkedin.com\/company\/az-broquetas-s-l\/\",\"https:\/\/www.youtube.com\/@azbroquetass.l7674\"]}]}<\/script>\n<!-- \/ Yoast SEO plugin. -->","yoast_head_json":{"title":"Aviso legal - AZ Broquetas","robots":{"index":"noindex","follow":"follow"},"og_locale":"pt_PT","og_type":"article","og_title":"Aviso legal - AZ Broquetas","og_description":"Exclus\u00e3o de responsabilidade A AZ-BROQUETAS, S.L. n\u00e3o garante a disponibilidade e continuidade do site nem se responsabiliza por quaisquer danos causados ou que possam ocorrer no futuro, nem por quaisquer defeitos t\u00e9cnicos, seja qual for a sua natureza, decorrentes da utiliza\u00e7\u00e3o das informa\u00e7\u00f5es e materiais contidos no site www.az-broquetas.es. Endere\u00e7o para contacto Se tiveres alguma&hellip;","og_url":"https:\/\/az-broquetas.es\/pt-pt\/aviso-legal","og_site_name":"AZ Broquetas","twitter_card":"summary_large_image","twitter_misc":{"Tempo estimado de leitura":"3 minutos"},"schema":{"@context":"https:\/\/schema.org","@graph":[{"@type":"WebPage","@id":"https:\/\/az-broquetas.es\/pt-pt\/aviso-legal","url":"https:\/\/az-broquetas.es\/pt-pt\/aviso-legal","name":"Aviso legal - AZ Broquetas","isPartOf":{"@id":"https:\/\/az-broquetas.es\/pt-pt#website"},"datePublished":"2025-06-30T10:17:49+00:00","breadcrumb":{"@id":"https:\/\/az-broquetas.es\/pt-pt\/aviso-legal#breadcrumb"},"inLanguage":"pt-PT","potentialAction":[{"@type":"ReadAction","target":["https:\/\/az-broquetas.es\/pt-pt\/aviso-legal"]}]},{"@type":"BreadcrumbList","@id":"https:\/\/az-broquetas.es\/pt-pt\/aviso-legal#breadcrumb","itemListElement":[{"@type":"ListItem","position":1,"name":"Portada","item":"https:\/\/az-broquetas.es\/pt-pt"},{"@type":"ListItem","position":2,"name":"Aviso legal"}]},{"@type":"WebSite","@id":"https:\/\/az-broquetas.es\/pt-pt#website","url":"https:\/\/az-broquetas.es\/pt-pt","name":"AZ Broquetas","description":"Soluciones de conexi\u00f3n innovadoras","publisher":{"@id":"https:\/\/az-broquetas.es\/pt-pt#organization"},"potentialAction":[{"@type":"SearchAction","target":{"@type":"EntryPoint","urlTemplate":"https:\/\/az-broquetas.es\/pt-pt?s={search_term_string}"},"query-input":{"@type":"PropertyValueSpecification","valueRequired":true,"valueName":"search_term_string"}}],"inLanguage":"pt-PT"},{"@type":"Organization","@id":"https:\/\/az-broquetas.es\/pt-pt#organization","name":"AZ Broquetas","url":"https:\/\/az-broquetas.es\/pt-pt","logo":{"@type":"ImageObject","inLanguage":"pt-PT","@id":"https:\/\/az-broquetas.es\/pt-pt#\/schema\/logo\/image\/","url":"https:\/\/az-broquetas.es\/wp-content\/uploads\/2024\/03\/Logo-AZ.png","contentUrl":"https:\/\/az-broquetas.es\/wp-content\/uploads\/2024\/03\/Logo-AZ.png","width":350,"height":100,"caption":"AZ Broquetas"},"image":{"@id":"https:\/\/az-broquetas.es\/pt-pt#\/schema\/logo\/image\/"},"sameAs":["https:\/\/www.linkedin.com\/company\/az-broquetas-s-l\/","https:\/\/www.youtube.com\/@azbroquetass.l7674"]}]}},"_links":{"self":[{"href":"https:\/\/az-broquetas.es\/pt-pt\/wp-json\/wp\/v2\/pages\/17804","targetHints":{"allow":["GET"]}}],"collection":[{"href":"https:\/\/az-broquetas.es\/pt-pt\/wp-json\/wp\/v2\/pages"}],"about":[{"href":"https:\/\/az-broquetas.es\/pt-pt\/wp-json\/wp\/v2\/types\/page"}],"author":[{"embeddable":true,"href":"https:\/\/az-broquetas.es\/pt-pt\/wp-json\/wp\/v2\/users\/1"}],"replies":[{"embeddable":true,"href":"https:\/\/az-broquetas.es\/pt-pt\/wp-json\/wp\/v2\/comments?post=17804"}],"version-history":[{"count":1,"href":"https:\/\/az-broquetas.es\/pt-pt\/wp-json\/wp\/v2\/pages\/17804\/revisions"}],"predecessor-version":[{"id":17806,"href":"https:\/\/az-broquetas.es\/pt-pt\/wp-json\/wp\/v2\/pages\/17804\/revisions\/17806"}],"wp:attachment":[{"href":"https:\/\/az-broquetas.es\/pt-pt\/wp-json\/wp\/v2\/media?parent=17804"}],"curies":[{"name":"wp","href":"https:\/\/api.w.org\/{rel}","templated":true}]}}