{"id":17890,"date":"2025-06-30T10:19:09","date_gmt":"2025-06-30T10:19:09","guid":{"rendered":"https:\/\/az-broquetas.es\/certificacoes"},"modified":"2025-06-30T10:19:10","modified_gmt":"2025-06-30T10:19:10","slug":"certificacoes","status":"publish","type":"page","link":"https:\/\/az-broquetas.es\/pt-pt\/certificacoes","title":{"rendered":"Certifica\u00e7\u00f5es"},"content":{"rendered":"\t\t<div data-elementor-type=\"wp-page\" data-elementor-id=\"17890\" class=\"elementor elementor-17890 elementor-13289\" data-elementor-post-type=\"page\">\n\t\t\t\t\t\t<section class=\"elementor-section elementor-top-section elementor-element elementor-element-e2af816 elementor-section-boxed elementor-section-height-default elementor-section-height-default\" data-id=\"e2af816\" data-element_type=\"section\">\n\t\t\t\t\t\t<div class=\"elementor-container elementor-column-gap-wider\">\n\t\t\t\t\t<div class=\"elementor-column elementor-col-50 elementor-top-column elementor-element elementor-element-6eeb503\" data-id=\"6eeb503\" data-element_type=\"column\">\n\t\t\t<div class=\"elementor-widget-wrap elementor-element-populated\">\n\t\t\t\t\t\t<div class=\"elementor-element elementor-element-c259a57 elementor-widget elementor-widget-image\" data-id=\"c259a57\" data-element_type=\"widget\" data-widget_type=\"image.default\">\n\t\t\t\t<div class=\"elementor-widget-container\">\n\t\t\t\t\t\t\t\t\t\t\t\t\t<img fetchpriority=\"high\" decoding=\"async\" width=\"683\" height=\"1024\" src=\"https:\/\/az-broquetas.es\/wp-content\/uploads\/2024\/06\/Certificaciones-AZ-Broquetas-683x1024.jpg\" class=\"attachment-large size-large wp-image-17893\" alt=\"Certificaciones-AZ-Broquetas\" srcset=\"https:\/\/az-broquetas.es\/wp-content\/uploads\/2024\/06\/Certificaciones-AZ-Broquetas-683x1024.jpg 683w, https:\/\/az-broquetas.es\/wp-content\/uploads\/2024\/06\/Certificaciones-AZ-Broquetas-200x300.jpg 200w, https:\/\/az-broquetas.es\/wp-content\/uploads\/2024\/06\/Certificaciones-AZ-Broquetas-768x1152.jpg 768w, https:\/\/az-broquetas.es\/wp-content\/uploads\/2024\/06\/Certificaciones-AZ-Broquetas.jpg 800w\" sizes=\"(max-width: 683px) 100vw, 683px\" \/>\t\t\t\t\t\t\t\t\t\t\t\t\t<\/div>\n\t\t\t\t<\/div>\n\t\t\t\t\t<\/div>\n\t\t<\/div>\n\t\t\t\t<div class=\"elementor-column elementor-col-50 elementor-top-column elementor-element elementor-element-c2e4edf\" data-id=\"c2e4edf\" data-element_type=\"column\">\n\t\t\t<div class=\"elementor-widget-wrap elementor-element-populated\">\n\t\t\t\t\t\t<div class=\"elementor-element elementor-element-8efc854 elementor-widget elementor-widget-heading\" data-id=\"8efc854\" data-element_type=\"widget\" data-widget_type=\"heading.default\">\n\t\t\t\t<div class=\"elementor-widget-container\">\n\t\t\t<h1 class=\"elementor-heading-title elementor-size-default\">Certificados de qualidade<\/h1>\t\t<\/div>\n\t\t\t\t<\/div>\n\t\t\t\t<div class=\"elementor-element elementor-element-00da832 elementor-widget elementor-widget-spacer\" data-id=\"00da832\" data-element_type=\"widget\" data-widget_type=\"spacer.default\">\n\t\t\t\t<div class=\"elementor-widget-container\">\n\t\t\t\t\t<div class=\"elementor-spacer\">\n\t\t\t<div class=\"elementor-spacer-inner\"><\/div>\n\t\t<\/div>\n\t\t\t\t<\/div>\n\t\t\t\t<\/div>\n\t\t\t\t<div class=\"elementor-element elementor-element-cd240aa elementor-widget elementor-widget-text-editor\" data-id=\"cd240aa\" data-element_type=\"widget\" data-widget_type=\"text-editor.default\">\n\t\t\t\t<div class=\"elementor-widget-container\">\n\t\t\t\t\t\t\t<p><span style=\"font-weight: 400;\">Na AZ INTEC, orgulhamo-nos da nossa dedica\u00e7\u00e3o inabal\u00e1vel \u00e0 qualidade e \u00e0 excel\u00eancia em todos os nossos processos. A nossa empresa obteve a certifica\u00e7\u00e3o ISO 9001, uma norma internacional que garante a implementa\u00e7\u00e3o de um sistema de gest\u00e3o da qualidade eficaz. Esta conquista reflecte o nosso empenho permanente na melhoria cont\u00ednua e na satisfa\u00e7\u00e3o do cliente. Seguindo os rigorosos requisitos estabelecidos pela ISO 9001, asseguramos que os nossos produtos e servi\u00e7os n\u00e3o s\u00f3 satisfazem, como tamb\u00e9m excedem as expectativas dos nossos clientes.   <\/span><\/p><p> <\/p><p><span style=\"font-weight: 400;\">A certifica\u00e7\u00e3o ISO 9001 da AZ INTEC \u00e9 um testemunho da nossa capacidade de fornecer solu\u00e7\u00f5es fi\u00e1veis, eficientes e de alta qualidade, distinguindo-nos como l\u00edderes na nossa ind\u00fastria.<\/span><\/p>\t\t\t\t\t\t<\/div>\n\t\t\t\t<\/div>\n\t\t\t\t\t<\/div>\n\t\t<\/div>\n\t\t\t\t\t<\/div>\n\t\t<\/section>\n\t\t\t\t<section class=\"elementor-section elementor-top-section elementor-element elementor-element-2fe8b22 elementor-section-boxed elementor-section-height-default elementor-section-height-default\" data-id=\"2fe8b22\" data-element_type=\"section\" data-settings=\"{&quot;background_background&quot;:&quot;classic&quot;}\">\n\t\t\t\t\t\t<div class=\"elementor-container elementor-column-gap-wider\">\n\t\t\t\t\t<div class=\"elementor-column elementor-col-100 elementor-top-column elementor-element elementor-element-365666d\" data-id=\"365666d\" data-element_type=\"column\">\n\t\t\t<div class=\"elementor-widget-wrap elementor-element-populated\">\n\t\t\t\t\t\t<div class=\"elementor-element elementor-element-799c27e elementor-widget elementor-widget-text-editor\" data-id=\"799c27e\" data-element_type=\"widget\" data-widget_type=\"text-editor.default\">\n\t\t\t\t<div class=\"elementor-widget-container\">\n\t\t\t\t\t\t\t<p><span style=\"font-weight: 400;\">Na AZ INTEC, estamos empenhados na prote\u00e7\u00e3o ambiental e na sustentabilidade em todas as nossas opera\u00e7\u00f5es. Temos o orgulho de anunciar que obtivemos a certifica\u00e7\u00e3o ISO 14001, uma norma internacional que reconhece a implementa\u00e7\u00e3o de um sistema de gest\u00e3o ambiental eficaz. Esta conquista demonstra o nosso empenho em reduzir os impactos ambientais, cumprindo a legisla\u00e7\u00e3o atual e melhorando continuamente as nossas pr\u00e1ticas ambientais. Ao cumprir os rigorosos requisitos da norma ISO 14001, garantimos que as nossas actividades s\u00e3o sustent\u00e1veis e respons\u00e1veis, contribuindo de forma positiva para o ambiente e a comunidade. A certifica\u00e7\u00e3o ISO 14001 da AZ INTEC \u00e9 a prova dos nossos esfor\u00e7os para liderar com responsabilidade ambiental e promover um futuro mais verde.    <\/span><\/p>\t\t\t\t\t\t<\/div>\n\t\t\t\t<\/div>\n\t\t\t\t\t<\/div>\n\t\t<\/div>\n\t\t\t\t\t<\/div>\n\t\t<\/section>\n\t\t\t\t<\/div>\n\t\t","protected":false},"excerpt":{"rendered":"<p>Certificados de qualidade Na AZ INTEC, orgulhamo-nos da nossa dedica\u00e7\u00e3o inabal\u00e1vel \u00e0 qualidade e \u00e0 excel\u00eancia em todos os nossos processos. A nossa empresa obteve a certifica\u00e7\u00e3o ISO 9001, uma norma internacional que garante a implementa\u00e7\u00e3o de um sistema de gest\u00e3o da qualidade eficaz. Esta conquista reflecte o nosso empenho permanente na melhoria cont\u00ednua e&hellip;<\/p>\n","protected":false},"author":1,"featured_media":0,"parent":0,"menu_order":20,"comment_status":"closed","ping_status":"closed","template":"","meta":{"footnotes":""},"class_list":["post-17890","page","type-page","status-publish","hentry"],"yoast_head":"<!-- This site is optimized with the Yoast SEO plugin v26.9 - https:\/\/yoast.com\/product\/yoast-seo-wordpress\/ -->\n<title>Certifica\u00e7\u00f5es de qualidade : AZ Broquetas<\/title>\n<meta name=\"description\" content=\"Na AZ INTEC, orgulhamo-nos da nossa dedica\u00e7\u00e3o \u00e0 qualidade e excel\u00eancia nos nossos processos. Descobre as nossas certifica\u00e7\u00f5es.\" \/>\n<meta name=\"robots\" content=\"noindex, follow\" \/>\n<meta property=\"og:locale\" content=\"pt_PT\" \/>\n<meta property=\"og:type\" content=\"article\" \/>\n<meta property=\"og:title\" content=\"Certifica\u00e7\u00f5es de qualidade : AZ Broquetas\" \/>\n<meta property=\"og:description\" content=\"Na AZ INTEC, orgulhamo-nos da nossa dedica\u00e7\u00e3o \u00e0 qualidade e excel\u00eancia nos nossos processos. Descobre as nossas certifica\u00e7\u00f5es.\" \/>\n<meta property=\"og:url\" content=\"https:\/\/az-broquetas.es\/pt-pt\/certificacoes\" \/>\n<meta property=\"og:site_name\" content=\"AZ Broquetas\" \/>\n<meta property=\"article:modified_time\" content=\"2025-06-30T10:19:10+00:00\" \/>\n<meta property=\"og:image\" content=\"https:\/\/az-broquetas.es\/wp-content\/uploads\/2024\/06\/Certificaciones-AZ-Broquetas.jpg\" \/>\n\t<meta property=\"og:image:width\" content=\"800\" \/>\n\t<meta property=\"og:image:height\" content=\"1200\" \/>\n\t<meta property=\"og:image:type\" content=\"image\/jpeg\" \/>\n<meta name=\"twitter:card\" content=\"summary_large_image\" \/>\n<meta name=\"twitter:label1\" content=\"Tempo estimado de leitura\" \/>\n\t<meta name=\"twitter:data1\" content=\"1 minuto\" \/>\n<script type=\"application\/ld+json\" class=\"yoast-schema-graph\">{\"@context\":\"https:\/\/schema.org\",\"@graph\":[{\"@type\":\"WebPage\",\"@id\":\"https:\/\/az-broquetas.es\/pt-pt\/certificacoes\",\"url\":\"https:\/\/az-broquetas.es\/pt-pt\/certificacoes\",\"name\":\"Certifica\u00e7\u00f5es de qualidade : AZ Broquetas\",\"isPartOf\":{\"@id\":\"https:\/\/az-broquetas.es\/pt-pt#website\"},\"primaryImageOfPage\":{\"@id\":\"https:\/\/az-broquetas.es\/pt-pt\/certificacoes#primaryimage\"},\"image\":{\"@id\":\"https:\/\/az-broquetas.es\/pt-pt\/certificacoes#primaryimage\"},\"thumbnailUrl\":\"https:\/\/az-broquetas.es\/wp-content\/uploads\/2024\/06\/Certificaciones-AZ-Broquetas-683x1024.jpg\",\"datePublished\":\"2025-06-30T10:19:09+00:00\",\"dateModified\":\"2025-06-30T10:19:10+00:00\",\"description\":\"Na AZ INTEC, orgulhamo-nos da nossa dedica\u00e7\u00e3o \u00e0 qualidade e excel\u00eancia nos nossos processos. Descobre as nossas certifica\u00e7\u00f5es.\",\"breadcrumb\":{\"@id\":\"https:\/\/az-broquetas.es\/pt-pt\/certificacoes#breadcrumb\"},\"inLanguage\":\"pt-PT\",\"potentialAction\":[{\"@type\":\"ReadAction\",\"target\":[\"https:\/\/az-broquetas.es\/pt-pt\/certificacoes\"]}]},{\"@type\":\"ImageObject\",\"inLanguage\":\"pt-PT\",\"@id\":\"https:\/\/az-broquetas.es\/pt-pt\/certificacoes#primaryimage\",\"url\":\"https:\/\/az-broquetas.es\/wp-content\/uploads\/2024\/06\/Certificaciones-AZ-Broquetas-683x1024.jpg\",\"contentUrl\":\"https:\/\/az-broquetas.es\/wp-content\/uploads\/2024\/06\/Certificaciones-AZ-Broquetas-683x1024.jpg\"},{\"@type\":\"BreadcrumbList\",\"@id\":\"https:\/\/az-broquetas.es\/pt-pt\/certificacoes#breadcrumb\",\"itemListElement\":[{\"@type\":\"ListItem\",\"position\":1,\"name\":\"Portada\",\"item\":\"https:\/\/az-broquetas.es\/pt-pt\"},{\"@type\":\"ListItem\",\"position\":2,\"name\":\"Certifica\u00e7\u00f5es\"}]},{\"@type\":\"WebSite\",\"@id\":\"https:\/\/az-broquetas.es\/pt-pt#website\",\"url\":\"https:\/\/az-broquetas.es\/pt-pt\",\"name\":\"AZ Broquetas\",\"description\":\"Soluciones de conexi\u00f3n innovadoras\",\"publisher\":{\"@id\":\"https:\/\/az-broquetas.es\/pt-pt#organization\"},\"potentialAction\":[{\"@type\":\"SearchAction\",\"target\":{\"@type\":\"EntryPoint\",\"urlTemplate\":\"https:\/\/az-broquetas.es\/pt-pt?s={search_term_string}\"},\"query-input\":{\"@type\":\"PropertyValueSpecification\",\"valueRequired\":true,\"valueName\":\"search_term_string\"}}],\"inLanguage\":\"pt-PT\"},{\"@type\":\"Organization\",\"@id\":\"https:\/\/az-broquetas.es\/pt-pt#organization\",\"name\":\"AZ Broquetas\",\"url\":\"https:\/\/az-broquetas.es\/pt-pt\",\"logo\":{\"@type\":\"ImageObject\",\"inLanguage\":\"pt-PT\",\"@id\":\"https:\/\/az-broquetas.es\/pt-pt#\/schema\/logo\/image\/\",\"url\":\"https:\/\/az-broquetas.es\/wp-content\/uploads\/2024\/03\/Logo-AZ.png\",\"contentUrl\":\"https:\/\/az-broquetas.es\/wp-content\/uploads\/2024\/03\/Logo-AZ.png\",\"width\":350,\"height\":100,\"caption\":\"AZ Broquetas\"},\"image\":{\"@id\":\"https:\/\/az-broquetas.es\/pt-pt#\/schema\/logo\/image\/\"},\"sameAs\":[\"https:\/\/www.linkedin.com\/company\/az-broquetas-s-l\/\",\"https:\/\/www.youtube.com\/@azbroquetass.l7674\"]}]}<\/script>\n<!-- \/ Yoast SEO plugin. -->","yoast_head_json":{"title":"Certifica\u00e7\u00f5es de qualidade : AZ Broquetas","description":"Na AZ INTEC, orgulhamo-nos da nossa dedica\u00e7\u00e3o \u00e0 qualidade e excel\u00eancia nos nossos processos. Descobre as nossas certifica\u00e7\u00f5es.","robots":{"index":"noindex","follow":"follow"},"og_locale":"pt_PT","og_type":"article","og_title":"Certifica\u00e7\u00f5es de qualidade : AZ Broquetas","og_description":"Na AZ INTEC, orgulhamo-nos da nossa dedica\u00e7\u00e3o \u00e0 qualidade e excel\u00eancia nos nossos processos. Descobre as nossas certifica\u00e7\u00f5es.","og_url":"https:\/\/az-broquetas.es\/pt-pt\/certificacoes","og_site_name":"AZ Broquetas","article_modified_time":"2025-06-30T10:19:10+00:00","og_image":[{"width":800,"height":1200,"url":"https:\/\/az-broquetas.es\/wp-content\/uploads\/2024\/06\/Certificaciones-AZ-Broquetas.jpg","type":"image\/jpeg"}],"twitter_card":"summary_large_image","twitter_misc":{"Tempo estimado de leitura":"1 minuto"},"schema":{"@context":"https:\/\/schema.org","@graph":[{"@type":"WebPage","@id":"https:\/\/az-broquetas.es\/pt-pt\/certificacoes","url":"https:\/\/az-broquetas.es\/pt-pt\/certificacoes","name":"Certifica\u00e7\u00f5es de qualidade : AZ Broquetas","isPartOf":{"@id":"https:\/\/az-broquetas.es\/pt-pt#website"},"primaryImageOfPage":{"@id":"https:\/\/az-broquetas.es\/pt-pt\/certificacoes#primaryimage"},"image":{"@id":"https:\/\/az-broquetas.es\/pt-pt\/certificacoes#primaryimage"},"thumbnailUrl":"https:\/\/az-broquetas.es\/wp-content\/uploads\/2024\/06\/Certificaciones-AZ-Broquetas-683x1024.jpg","datePublished":"2025-06-30T10:19:09+00:00","dateModified":"2025-06-30T10:19:10+00:00","description":"Na AZ INTEC, orgulhamo-nos da nossa dedica\u00e7\u00e3o \u00e0 qualidade e excel\u00eancia nos nossos processos. Descobre as nossas certifica\u00e7\u00f5es.","breadcrumb":{"@id":"https:\/\/az-broquetas.es\/pt-pt\/certificacoes#breadcrumb"},"inLanguage":"pt-PT","potentialAction":[{"@type":"ReadAction","target":["https:\/\/az-broquetas.es\/pt-pt\/certificacoes"]}]},{"@type":"ImageObject","inLanguage":"pt-PT","@id":"https:\/\/az-broquetas.es\/pt-pt\/certificacoes#primaryimage","url":"https:\/\/az-broquetas.es\/wp-content\/uploads\/2024\/06\/Certificaciones-AZ-Broquetas-683x1024.jpg","contentUrl":"https:\/\/az-broquetas.es\/wp-content\/uploads\/2024\/06\/Certificaciones-AZ-Broquetas-683x1024.jpg"},{"@type":"BreadcrumbList","@id":"https:\/\/az-broquetas.es\/pt-pt\/certificacoes#breadcrumb","itemListElement":[{"@type":"ListItem","position":1,"name":"Portada","item":"https:\/\/az-broquetas.es\/pt-pt"},{"@type":"ListItem","position":2,"name":"Certifica\u00e7\u00f5es"}]},{"@type":"WebSite","@id":"https:\/\/az-broquetas.es\/pt-pt#website","url":"https:\/\/az-broquetas.es\/pt-pt","name":"AZ Broquetas","description":"Soluciones de conexi\u00f3n innovadoras","publisher":{"@id":"https:\/\/az-broquetas.es\/pt-pt#organization"},"potentialAction":[{"@type":"SearchAction","target":{"@type":"EntryPoint","urlTemplate":"https:\/\/az-broquetas.es\/pt-pt?s={search_term_string}"},"query-input":{"@type":"PropertyValueSpecification","valueRequired":true,"valueName":"search_term_string"}}],"inLanguage":"pt-PT"},{"@type":"Organization","@id":"https:\/\/az-broquetas.es\/pt-pt#organization","name":"AZ Broquetas","url":"https:\/\/az-broquetas.es\/pt-pt","logo":{"@type":"ImageObject","inLanguage":"pt-PT","@id":"https:\/\/az-broquetas.es\/pt-pt#\/schema\/logo\/image\/","url":"https:\/\/az-broquetas.es\/wp-content\/uploads\/2024\/03\/Logo-AZ.png","contentUrl":"https:\/\/az-broquetas.es\/wp-content\/uploads\/2024\/03\/Logo-AZ.png","width":350,"height":100,"caption":"AZ Broquetas"},"image":{"@id":"https:\/\/az-broquetas.es\/pt-pt#\/schema\/logo\/image\/"},"sameAs":["https:\/\/www.linkedin.com\/company\/az-broquetas-s-l\/","https:\/\/www.youtube.com\/@azbroquetass.l7674"]}]}},"_links":{"self":[{"href":"https:\/\/az-broquetas.es\/pt-pt\/wp-json\/wp\/v2\/pages\/17890","targetHints":{"allow":["GET"]}}],"collection":[{"href":"https:\/\/az-broquetas.es\/pt-pt\/wp-json\/wp\/v2\/pages"}],"about":[{"href":"https:\/\/az-broquetas.es\/pt-pt\/wp-json\/wp\/v2\/types\/page"}],"author":[{"embeddable":true,"href":"https:\/\/az-broquetas.es\/pt-pt\/wp-json\/wp\/v2\/users\/1"}],"replies":[{"embeddable":true,"href":"https:\/\/az-broquetas.es\/pt-pt\/wp-json\/wp\/v2\/comments?post=17890"}],"version-history":[{"count":1,"href":"https:\/\/az-broquetas.es\/pt-pt\/wp-json\/wp\/v2\/pages\/17890\/revisions"}],"predecessor-version":[{"id":17894,"href":"https:\/\/az-broquetas.es\/pt-pt\/wp-json\/wp\/v2\/pages\/17890\/revisions\/17894"}],"wp:attachment":[{"href":"https:\/\/az-broquetas.es\/pt-pt\/wp-json\/wp\/v2\/media?parent=17890"}],"curies":[{"name":"wp","href":"https:\/\/api.w.org\/{rel}","templated":true}]}}